{"id":17934,"date":"2021-06-28T09:43:53","date_gmt":"2021-06-28T12:43:53","guid":{"rendered":"https:\/\/www.bhconsertodemaquinas.com.br\/novosite\/?page_id=17934"},"modified":"2021-06-28T09:45:12","modified_gmt":"2021-06-28T12:45:12","slug":"conserto-de-fatiador-de-frios-e-balanca-digital","status":"publish","type":"page","link":"https:\/\/www.bhconsertodemaquinas.com.br\/novosite\/conserto-de-fatiador-de-frios-e-balanca-digital\/","title":{"rendered":"Conserto de Fatiador de Frios e Balan\u00e7a Digital"},"content":{"rendered":"<p>A BH Conserto de M\u00e1quinas est\u00e1 h\u00e1 46 anos no mercado prestando \u00f3timos servi\u00e7os de <a href=\"https:\/\/www.google.com.br\/search?q=conserto+de+fatiador+de+frios+e+balanca_digital\" target=\"_blank\" rel=\"noopener\">Conserto de Fatiador de Frios e Balan\u00e7a Digital<\/a> e servi\u00e7os de manuten\u00e7\u00e3o e assist\u00eancia t\u00e9cnica em balan\u00e7as, maquin\u00e1rio de padaria, a\u00e7ougues, restaurantes, lanchonetes, cozinhas industriais, sempre com profissionais qualificados e experientes.<\/p>\n<p>Prestamos servi\u00e7os de manuten\u00e7\u00e3o em equipamentos para a\u00e7ougues, lanchonetes, padaria, bares, restaurantes, hot\u00e9is e supermercados.<br \/>\nA BH Conserto de M\u00e1quinas, empresa uma m\u00e1quina enquanto a sua estiver consertando. Fazemos manuten\u00e7\u00e3o em Fatiador de frios em diversas marcas e modelos. Estragou, ligou: 31.3224-2343<\/p>\n<p>Projetado para trabalhar em uso cont\u00ednuo, um Fatiador de Frios possui um motor potente para suprir as necessidades de grandes padarias e supermercados. Agrade seus clientes com um corte fino e preciso de queijos e frios.<br \/>\nUm Fatiador de frios possui v\u00e1rias pe\u00e7as como: l\u00e2mina inox, correias, rolamentos, afiador esmeril, etc. O acabamento \u00e9 feito com pintura automotiva, pe\u00e7as cromadas, com excelente custo benef\u00edcio.<\/p>\n<p>Vantagens:\u00a0Partes e pe\u00e7as em contato com os alimentos s\u00e3o constru\u00eddas em a\u00e7o inox, o que facilita a higieniza\u00e7\u00e3o do produto e o deslize das pe\u00e7as de frios.<\/p>\n<p>Precisando de Conserto de Fatiador de Frios e Balan\u00e7a Digital, fale com a BH Conserto de M\u00e1quinas!<\/p>\n<h1 style=\"text-align: center;\"><span style=\"color: #ff0000;\">Ligue: (31) 3224-2343<\/span><\/h1>\n<h3 style=\"text-align: center;\"><strong>Hor\u00e1rio de funcionamento: 2a a 6a-feira: 08:00 h \u00e0s 18:00 h.<\/strong><br \/>\n<strong> Atendemos Belo Horizonte e Regi\u00e3o Metropolitana.<br \/>\n<\/strong>Endere\u00e7o: <strong>Av. Artur Bernardes, 210 &#8211; Vila Paris &#8211; Belo Horizonte<\/strong><\/h3>\n<div align=\"justify\">\n<h4>OBS: <strong>Manuten\u00e7\u00e3o em balan\u00e7as comerciais e balan\u00e7as industriais, Balan\u00e7as mec\u00e2nicas e balan\u00e7as eletr\u00f4nicas. Somos registrados no IPEM\u2014MG<\/strong><\/h4>\n<\/div>\n<p><a href=\"https:\/\/www.bhconsertodemaquinas.com.br\/novosite\/wp-content\/uploads\/2021\/06\/cortador-de-frios-bh.jpg\"><img loading=\"lazy\" decoding=\"async\" class=\"alignnone size-full wp-image-17935\" src=\"https:\/\/www.bhconsertodemaquinas.com.br\/novosite\/wp-content\/uploads\/2021\/06\/cortador-de-frios-bh.jpg\" alt=\"Conserto de Fatiador de Frios e Balan\u00e7a Digital\" width=\"920\" height=\"355\" srcset=\"https:\/\/www.bhconsertodemaquinas.com.br\/novosite\/wp-content\/uploads\/2021\/06\/cortador-de-frios-bh.jpg 920w, https:\/\/www.bhconsertodemaquinas.com.br\/novosite\/wp-content\/uploads\/2021\/06\/cortador-de-frios-bh-620x239.jpg 620w, https:\/\/www.bhconsertodemaquinas.com.br\/novosite\/wp-content\/uploads\/2021\/06\/cortador-de-frios-bh-768x296.jpg 768w\" sizes=\"(max-width: 920px) 100vw, 920px\" \/><\/a><\/p>\n","protected":false},"excerpt":{"rendered":"<p>A BH Conserto de M\u00e1quinas est\u00e1 h\u00e1 46 anos no mercado prestando \u00f3timos servi\u00e7os de Conserto de Fatiador de Frios e Balan\u00e7a Digital e servi\u00e7os de manuten\u00e7\u00e3o e assist\u00eancia t\u00e9cnica em balan\u00e7as, maquin\u00e1rio de padaria, a\u00e7ougues, restaurantes, lanchonetes, cozinhas industriais,<\/p>\n","protected":false},"author":1,"featured_media":0,"parent":0,"menu_order":0,"comment_status":"closed","ping_status":"closed","template":"","meta":{"footnotes":""},"yoast_head":"<!-- This site is optimized with the Yoast SEO plugin v22.5 - https:\/\/yoast.com\/wordpress\/plugins\/seo\/ -->\n<title>Conserto de Fatiador de Frios e Balan\u00e7a Digital<\/title>\n<meta name=\"description\" content=\"Conserto de Fatiador de Frios e Balan\u00e7a Digital de qualidade \u00e9 com a BH Conserto de M\u00e1quinas. Padarias, Restaurantes, Lanchonetes, Bares etc.\" \/>\n<meta name=\"robots\" content=\"index, follow, max-snippet:-1, max-image-preview:large, max-video-preview:-1\" \/>\n<link rel=\"canonical\" href=\"https:\/\/www.bhconsertodemaquinas.com.br\/novosite\/conserto-de-fatiador-de-frios-e-balanca-digital\/\" \/>\n<meta property=\"og:locale\" content=\"pt_BR\" \/>\n<meta property=\"og:type\" content=\"article\" \/>\n<meta property=\"og:title\" content=\"Conserto de Fatiador de Frios e Balan\u00e7a Digital\" \/>\n<meta property=\"og:description\" content=\"Conserto de Fatiador de Frios e Balan\u00e7a Digital de qualidade \u00e9 com a BH Conserto de M\u00e1quinas. Padarias, Restaurantes, Lanchonetes, Bares etc.\" \/>\n<meta property=\"og:url\" content=\"https:\/\/www.bhconsertodemaquinas.com.br\/novosite\/conserto-de-fatiador-de-frios-e-balanca-digital\/\" \/>\n<meta property=\"og:site_name\" content=\"BH Conserto de M\u00e1quinas\" \/>\n<meta property=\"article:modified_time\" content=\"2021-06-28T12:45:12+00:00\" \/>\n<meta property=\"og:image\" content=\"https:\/\/www.bhconsertodemaquinas.com.br\/novosite\/wp-content\/uploads\/2021\/06\/cortador-de-frios-bh.jpg\" \/>\n<meta name=\"twitter:card\" content=\"summary_large_image\" \/>\n<meta name=\"twitter:label1\" content=\"Est. tempo de leitura\" \/>\n\t<meta name=\"twitter:data1\" content=\"1 minuto\" \/>\n<script type=\"application\/ld+json\" class=\"yoast-schema-graph\">{\"@context\":\"https:\/\/schema.org\",\"@graph\":[{\"@type\":\"WebPage\",\"@id\":\"https:\/\/www.bhconsertodemaquinas.com.br\/novosite\/conserto-de-fatiador-de-frios-e-balanca-digital\/\",\"url\":\"https:\/\/www.bhconsertodemaquinas.com.br\/novosite\/conserto-de-fatiador-de-frios-e-balanca-digital\/\",\"name\":\"Conserto de Fatiador de Frios e Balan\u00e7a Digital\",\"isPartOf\":{\"@id\":\"https:\/\/www.bhconsertodemaquinas.com.br\/novosite\/#website\"},\"primaryImageOfPage\":{\"@id\":\"https:\/\/www.bhconsertodemaquinas.com.br\/novosite\/conserto-de-fatiador-de-frios-e-balanca-digital\/#primaryimage\"},\"image\":{\"@id\":\"https:\/\/www.bhconsertodemaquinas.com.br\/novosite\/conserto-de-fatiador-de-frios-e-balanca-digital\/#primaryimage\"},\"thumbnailUrl\":\"https:\/\/www.bhconsertodemaquinas.com.br\/novosite\/wp-content\/uploads\/2021\/06\/cortador-de-frios-bh.jpg\",\"datePublished\":\"2021-06-28T12:43:53+00:00\",\"dateModified\":\"2021-06-28T12:45:12+00:00\",\"description\":\"Conserto de Fatiador de Frios e Balan\u00e7a Digital de qualidade \u00e9 com a BH Conserto de M\u00e1quinas. Padarias, Restaurantes, Lanchonetes, Bares etc.\",\"breadcrumb\":{\"@id\":\"https:\/\/www.bhconsertodemaquinas.com.br\/novosite\/conserto-de-fatiador-de-frios-e-balanca-digital\/#breadcrumb\"},\"inLanguage\":\"pt-BR\",\"potentialAction\":[{\"@type\":\"ReadAction\",\"target\":[\"https:\/\/www.bhconsertodemaquinas.com.br\/novosite\/conserto-de-fatiador-de-frios-e-balanca-digital\/\"]}]},{\"@type\":\"ImageObject\",\"inLanguage\":\"pt-BR\",\"@id\":\"https:\/\/www.bhconsertodemaquinas.com.br\/novosite\/conserto-de-fatiador-de-frios-e-balanca-digital\/#primaryimage\",\"url\":\"https:\/\/www.bhconsertodemaquinas.com.br\/novosite\/wp-content\/uploads\/2021\/06\/cortador-de-frios-bh.jpg\",\"contentUrl\":\"https:\/\/www.bhconsertodemaquinas.com.br\/novosite\/wp-content\/uploads\/2021\/06\/cortador-de-frios-bh.jpg\",\"width\":920,\"height\":355,\"caption\":\"Conserto de Cortador de Frios e Balan\u00e7a Digital\"},{\"@type\":\"BreadcrumbList\",\"@id\":\"https:\/\/www.bhconsertodemaquinas.com.br\/novosite\/conserto-de-fatiador-de-frios-e-balanca-digital\/#breadcrumb\",\"itemListElement\":[{\"@type\":\"ListItem\",\"position\":1,\"name\":\"In\u00edcio\",\"item\":\"https:\/\/www.bhconsertodemaquinas.com.br\/novosite\/\"},{\"@type\":\"ListItem\",\"position\":2,\"name\":\"Conserto de Fatiador de Frios e Balan\u00e7a Digital\"}]},{\"@type\":\"WebSite\",\"@id\":\"https:\/\/www.bhconsertodemaquinas.com.br\/novosite\/#website\",\"url\":\"https:\/\/www.bhconsertodemaquinas.com.br\/novosite\/\",\"name\":\"BH Conserto de M\u00e1quinas\",\"description\":\"\",\"publisher\":{\"@id\":\"https:\/\/www.bhconsertodemaquinas.com.br\/novosite\/#organization\"},\"potentialAction\":[{\"@type\":\"SearchAction\",\"target\":{\"@type\":\"EntryPoint\",\"urlTemplate\":\"https:\/\/www.bhconsertodemaquinas.com.br\/novosite\/?s={search_term_string}\"},\"query-input\":\"required name=search_term_string\"}],\"inLanguage\":\"pt-BR\"},{\"@type\":\"Organization\",\"@id\":\"https:\/\/www.bhconsertodemaquinas.com.br\/novosite\/#organization\",\"name\":\"BH Conserto de M\u00e1quinas\",\"url\":\"https:\/\/www.bhconsertodemaquinas.com.br\/novosite\/\",\"logo\":{\"@type\":\"ImageObject\",\"inLanguage\":\"pt-BR\",\"@id\":\"https:\/\/www.bhconsertodemaquinas.com.br\/novosite\/#\/schema\/logo\/image\/\",\"url\":\"https:\/\/www.bhconsertodemaquinas.com.br\/novosite\/wp-content\/uploads\/2020\/06\/logo-bhconserto-de-maquinas-002.png\",\"contentUrl\":\"https:\/\/www.bhconsertodemaquinas.com.br\/novosite\/wp-content\/uploads\/2020\/06\/logo-bhconserto-de-maquinas-002.png\",\"width\":215,\"height\":108,\"caption\":\"BH Conserto de M\u00e1quinas\"},\"image\":{\"@id\":\"https:\/\/www.bhconsertodemaquinas.com.br\/novosite\/#\/schema\/logo\/image\/\"}}]}<\/script>\n<!-- \/ Yoast SEO plugin. -->","yoast_head_json":{"title":"Conserto de Fatiador de Frios e Balan\u00e7a Digital","description":"Conserto de Fatiador de Frios e Balan\u00e7a Digital de qualidade \u00e9 com a BH Conserto de M\u00e1quinas. Padarias, Restaurantes, Lanchonetes, Bares etc.","robots":{"index":"index","follow":"follow","max-snippet":"max-snippet:-1","max-image-preview":"max-image-preview:large","max-video-preview":"max-video-preview:-1"},"canonical":"https:\/\/www.bhconsertodemaquinas.com.br\/novosite\/conserto-de-fatiador-de-frios-e-balanca-digital\/","og_locale":"pt_BR","og_type":"article","og_title":"Conserto de Fatiador de Frios e Balan\u00e7a Digital","og_description":"Conserto de Fatiador de Frios e Balan\u00e7a Digital de qualidade \u00e9 com a BH Conserto de M\u00e1quinas. Padarias, Restaurantes, Lanchonetes, Bares etc.","og_url":"https:\/\/www.bhconsertodemaquinas.com.br\/novosite\/conserto-de-fatiador-de-frios-e-balanca-digital\/","og_site_name":"BH Conserto de M\u00e1quinas","article_modified_time":"2021-06-28T12:45:12+00:00","og_image":[{"url":"https:\/\/www.bhconsertodemaquinas.com.br\/novosite\/wp-content\/uploads\/2021\/06\/cortador-de-frios-bh.jpg"}],"twitter_card":"summary_large_image","twitter_misc":{"Est. tempo de leitura":"1 minuto"},"schema":{"@context":"https:\/\/schema.org","@graph":[{"@type":"WebPage","@id":"https:\/\/www.bhconsertodemaquinas.com.br\/novosite\/conserto-de-fatiador-de-frios-e-balanca-digital\/","url":"https:\/\/www.bhconsertodemaquinas.com.br\/novosite\/conserto-de-fatiador-de-frios-e-balanca-digital\/","name":"Conserto de Fatiador de Frios e Balan\u00e7a Digital","isPartOf":{"@id":"https:\/\/www.bhconsertodemaquinas.com.br\/novosite\/#website"},"primaryImageOfPage":{"@id":"https:\/\/www.bhconsertodemaquinas.com.br\/novosite\/conserto-de-fatiador-de-frios-e-balanca-digital\/#primaryimage"},"image":{"@id":"https:\/\/www.bhconsertodemaquinas.com.br\/novosite\/conserto-de-fatiador-de-frios-e-balanca-digital\/#primaryimage"},"thumbnailUrl":"https:\/\/www.bhconsertodemaquinas.com.br\/novosite\/wp-content\/uploads\/2021\/06\/cortador-de-frios-bh.jpg","datePublished":"2021-06-28T12:43:53+00:00","dateModified":"2021-06-28T12:45:12+00:00","description":"Conserto de Fatiador de Frios e Balan\u00e7a Digital de qualidade \u00e9 com a BH Conserto de M\u00e1quinas. Padarias, Restaurantes, Lanchonetes, Bares etc.","breadcrumb":{"@id":"https:\/\/www.bhconsertodemaquinas.com.br\/novosite\/conserto-de-fatiador-de-frios-e-balanca-digital\/#breadcrumb"},"inLanguage":"pt-BR","potentialAction":[{"@type":"ReadAction","target":["https:\/\/www.bhconsertodemaquinas.com.br\/novosite\/conserto-de-fatiador-de-frios-e-balanca-digital\/"]}]},{"@type":"ImageObject","inLanguage":"pt-BR","@id":"https:\/\/www.bhconsertodemaquinas.com.br\/novosite\/conserto-de-fatiador-de-frios-e-balanca-digital\/#primaryimage","url":"https:\/\/www.bhconsertodemaquinas.com.br\/novosite\/wp-content\/uploads\/2021\/06\/cortador-de-frios-bh.jpg","contentUrl":"https:\/\/www.bhconsertodemaquinas.com.br\/novosite\/wp-content\/uploads\/2021\/06\/cortador-de-frios-bh.jpg","width":920,"height":355,"caption":"Conserto de Cortador de Frios e Balan\u00e7a Digital"},{"@type":"BreadcrumbList","@id":"https:\/\/www.bhconsertodemaquinas.com.br\/novosite\/conserto-de-fatiador-de-frios-e-balanca-digital\/#breadcrumb","itemListElement":[{"@type":"ListItem","position":1,"name":"In\u00edcio","item":"https:\/\/www.bhconsertodemaquinas.com.br\/novosite\/"},{"@type":"ListItem","position":2,"name":"Conserto de Fatiador de Frios e Balan\u00e7a Digital"}]},{"@type":"WebSite","@id":"https:\/\/www.bhconsertodemaquinas.com.br\/novosite\/#website","url":"https:\/\/www.bhconsertodemaquinas.com.br\/novosite\/","name":"BH Conserto de M\u00e1quinas","description":"","publisher":{"@id":"https:\/\/www.bhconsertodemaquinas.com.br\/novosite\/#organization"},"potentialAction":[{"@type":"SearchAction","target":{"@type":"EntryPoint","urlTemplate":"https:\/\/www.bhconsertodemaquinas.com.br\/novosite\/?s={search_term_string}"},"query-input":"required name=search_term_string"}],"inLanguage":"pt-BR"},{"@type":"Organization","@id":"https:\/\/www.bhconsertodemaquinas.com.br\/novosite\/#organization","name":"BH Conserto de M\u00e1quinas","url":"https:\/\/www.bhconsertodemaquinas.com.br\/novosite\/","logo":{"@type":"ImageObject","inLanguage":"pt-BR","@id":"https:\/\/www.bhconsertodemaquinas.com.br\/novosite\/#\/schema\/logo\/image\/","url":"https:\/\/www.bhconsertodemaquinas.com.br\/novosite\/wp-content\/uploads\/2020\/06\/logo-bhconserto-de-maquinas-002.png","contentUrl":"https:\/\/www.bhconsertodemaquinas.com.br\/novosite\/wp-content\/uploads\/2020\/06\/logo-bhconserto-de-maquinas-002.png","width":215,"height":108,"caption":"BH Conserto de M\u00e1quinas"},"image":{"@id":"https:\/\/www.bhconsertodemaquinas.com.br\/novosite\/#\/schema\/logo\/image\/"}}]}},"_links":{"self":[{"href":"https:\/\/www.bhconsertodemaquinas.com.br\/novosite\/wp-json\/wp\/v2\/pages\/17934"}],"collection":[{"href":"https:\/\/www.bhconsertodemaquinas.com.br\/novosite\/wp-json\/wp\/v2\/pages"}],"about":[{"href":"https:\/\/www.bhconsertodemaquinas.com.br\/novosite\/wp-json\/wp\/v2\/types\/page"}],"author":[{"embeddable":true,"href":"https:\/\/www.bhconsertodemaquinas.com.br\/novosite\/wp-json\/wp\/v2\/users\/1"}],"replies":[{"embeddable":true,"href":"https:\/\/www.bhconsertodemaquinas.com.br\/novosite\/wp-json\/wp\/v2\/comments?post=17934"}],"version-history":[{"count":3,"href":"https:\/\/www.bhconsertodemaquinas.com.br\/novosite\/wp-json\/wp\/v2\/pages\/17934\/revisions"}],"predecessor-version":[{"id":17938,"href":"https:\/\/www.bhconsertodemaquinas.com.br\/novosite\/wp-json\/wp\/v2\/pages\/17934\/revisions\/17938"}],"wp:attachment":[{"href":"https:\/\/www.bhconsertodemaquinas.com.br\/novosite\/wp-json\/wp\/v2\/media?parent=17934"}],"curies":[{"name":"wp","href":"https:\/\/api.w.org\/{rel}","templated":true}]}}