{"id":17925,"date":"2021-03-29T09:56:13","date_gmt":"2021-03-29T12:56:13","guid":{"rendered":"https:\/\/www.bhconsertodemaquinas.com.br\/novosite\/?page_id=17925"},"modified":"2021-03-29T09:56:13","modified_gmt":"2021-03-29T12:56:13","slug":"manutencao-de-balancas-industriais","status":"publish","type":"page","link":"https:\/\/www.bhconsertodemaquinas.com.br\/novosite\/manutencao-de-balancas-industriais\/","title":{"rendered":"Manuten\u00e7\u00e3o de Balan\u00e7as Industriais"},"content":{"rendered":"<h3><strong>Manuten\u00e7\u00e3o de Balan\u00e7as Industriais<\/strong><\/h3>\n<p>Se voc\u00ea \u00e9 propriet\u00e1rio(a)\u00a0de um estabelecimento que possui balan\u00e7as do tipo industrial, pode vir a precisar de assist\u00eancia t\u00e9cnica, conserto ou manuten\u00e7\u00e3o preventiva para estes equipamentos.<\/p>\n<p>A BH Conserto de M\u00e1quinas est\u00e1 h\u00e1 v\u00e1rios anos no mercado prestando \u00f3timos servi\u00e7os de <a href=\"https:\/\/www.google.com.br\/search?q=manutencao+de+balan\u00e7as+industriais\" target=\"_blank\" rel=\"noopener\">Manuten\u00e7\u00e3o de Balan\u00e7as Industriais<\/a> mec\u00e2nica ou eletr\u00f4nica e servi\u00e7os de manuten\u00e7\u00e3o e assist\u00eancia t\u00e9cnica em balan\u00e7as em padaria, a\u00e7ougues, restaurantes, lanchonetes, cozinhas industriais, academias, laborat\u00f3rios, escolas, cl\u00ednicas etc, sempre com profissionais qualificados e experientes e com servi\u00e7os garantidos.<\/p>\n<p>&nbsp;<\/p>\n<div class=\"gmail_attr\" dir=\"ltr\">\n<div class=\"gmail_attr\">A BH CONSERTOS DE BALAN\u00c7AS E M\u00c1QUINAS\u00a0 ATUA A 46 ANOS NO MERCADO DE MANUTEN\u00c7\u00c3O EM BALAN\u00c7AS INDUSTRIAIS , BALAN\u00c7AS DIGITAL E BALAN\u00c7AS MEC\u00c2NICAS DE DIVERSOS MODELOS E MARCAS , SERVI\u00c7O REALIZADO POR PROFISSIONAIS CAPACITADOS E TREINADOS .<\/div>\n<div class=\"gmail_attr\">OFERECEMOS MANUTEN\u00c7\u00c3O PREVENTIVA E CORRETIVA NOS SISTEMAS DE PESAGEM , ATUAMOS NOS SEGMENTOS DE IND\u00daSTRIA , COMERCIO E AGRONEG\u00d3CIO .<\/div>\n<div class=\"gmail_attr\"><\/div>\n<div class=\"gmail_attr\">MANUTEN\u00c7\u00c3O COM QUALIDADE EM BALAN\u00c7AS INDUSTRIAIS , CONSERTO EM BALAN\u00c7AS TOLEDO INDUSTRIAL COM GARANTIA E AGILIDADE ,<\/div>\n<div class=\"gmail_attr\">ATUAMOS EM TODA BH E REGI\u00c3O COM DIVERSOS SERVI\u00c7OS DE MANUTEN\u00c7\u00c3O EM M\u00c1QUINAS DE PADADRIA , A\u00c7OUGUE , RESTAURANTE , SUPERMERCADOS , CONSERTO DE BALAN\u00c7AS E CORTADOR DE FRIOS COM GARANTIA E AGILIDADE .<\/div>\n<div class=\"gmail_attr\">ENTRE EM CONTATO CONOSCO PARA SOLICITAR O CONSERTO DE BALAN\u00c7A INDUSTRIAL , TRABALHAMOS COM VARIAS MARCAS E MODELOS DE BALAN\u00c7AS\u00a0 MEC\u00c2NICAS , ASSIST\u00caNCIA T\u00c9CNICA EM BALAN\u00c7A INDUSTRIAL DIGITAL<\/div>\n<div class=\"gmail_attr\">SE A SUA BALAN\u00c7A INDUSTRIAL DER DEFEITO ENTRE EM CONTATO AGORA MESMO , MANTENHA A CALIBRA\u00c7\u00c3O DE SUA BALAN\u00c7A INDUSTRIAL EM DIA , BUSCAMOS E ENTREGAMOS O EQUIPAMENTO A COMBINAR .<\/div>\n<div class=\"gmail_attr\"><\/div>\n<div class=\"gmail_attr\">OFICINA DE BALAN\u00c7AS COM CERTIFICADO INMETRO\/IPEM-MG , FAZEMOS TROCA DE TECLADOS , REPAROS EM PLACAS ELETR\u00d4NICAS , CALIBRA\u00c7\u00c3O DE BALAN\u00c7AS , REPROGRAMA\u00c7\u00c3O , AFERI\u00c7\u00c3O DE BALAN\u00c7AS .<\/div>\n<\/div>\n<h1 style=\"text-align: center;\"><span style=\"color: #ff0000;\">Ligue: (31) 3224-2343<\/span><\/h1>\n<h3 style=\"text-align: center;\"><strong>Funcionamento: 2a a 6a-feira: 08:00 h \u00e0s 18:00 h.<\/strong><br \/>\n<strong> Atende Belo Horizonte e Regi\u00e3o Metropolitana.<br \/>\n<\/strong><strong>Av. Artur Bernardes, 210 &#8211; Vila Paris &#8211; Belo Horizonte<\/strong><\/h3>\n<div align=\"justify\">\n<h4>OBS: <strong>Manuten\u00e7\u00e3o em balan\u00e7as comerciais e balan\u00e7as industriais, Balan\u00e7as mec\u00e2nicas e balan\u00e7as eletr\u00f4nicas. Somos registrados no IPEM\u2014MG<\/strong><\/h4>\n<\/div>\n<p><a href=\"https:\/\/www.bhconsertodemaquinas.com.br\/novosite\/wp-content\/uploads\/2021\/03\/bh-balancas-industriais-cm.jpg\"><img loading=\"lazy\" decoding=\"async\" class=\"alignnone size-full wp-image-17926\" src=\"https:\/\/www.bhconsertodemaquinas.com.br\/novosite\/wp-content\/uploads\/2021\/03\/bh-balancas-industriais-cm.jpg\" alt=\"Manuten\u00e7\u00e3o de Balan\u00e7as Industriais\" width=\"920\" height=\"355\" srcset=\"https:\/\/www.bhconsertodemaquinas.com.br\/novosite\/wp-content\/uploads\/2021\/03\/bh-balancas-industriais-cm.jpg 920w, https:\/\/www.bhconsertodemaquinas.com.br\/novosite\/wp-content\/uploads\/2021\/03\/bh-balancas-industriais-cm-620x239.jpg 620w, https:\/\/www.bhconsertodemaquinas.com.br\/novosite\/wp-content\/uploads\/2021\/03\/bh-balancas-industriais-cm-768x296.jpg 768w\" sizes=\"(max-width: 920px) 100vw, 920px\" \/><\/a><\/p>\n","protected":false},"excerpt":{"rendered":"<p>Manuten\u00e7\u00e3o de Balan\u00e7as Industriais Se voc\u00ea \u00e9 propriet\u00e1rio(a)\u00a0de um estabelecimento que possui balan\u00e7as do tipo industrial, pode vir a precisar de assist\u00eancia t\u00e9cnica, conserto ou manuten\u00e7\u00e3o preventiva para estes equipamentos. A BH Conserto de M\u00e1quinas est\u00e1 h\u00e1 v\u00e1rios anos no<\/p>\n","protected":false},"author":1,"featured_media":0,"parent":0,"menu_order":0,"comment_status":"closed","ping_status":"closed","template":"","meta":{"footnotes":""},"yoast_head":"<!-- This site is optimized with the Yoast SEO plugin v22.5 - https:\/\/yoast.com\/wordpress\/plugins\/seo\/ -->\n<title>Manuten\u00e7\u00e3o de Balan\u00e7as Industriais 31 3224-2343<\/title>\n<meta name=\"description\" content=\"Manuten\u00e7\u00e3o de Balan\u00e7as Industriais de qualidade \u00e9 Comercial Fiel. Padarias, Restaurantes, Academias, Cl\u00ednicas etc. Manuten\u00e7\u00e3o de Balan\u00e7as Industriais\" \/>\n<meta name=\"robots\" content=\"index, follow, max-snippet:-1, max-image-preview:large, max-video-preview:-1\" \/>\n<link rel=\"canonical\" href=\"https:\/\/www.bhconsertodemaquinas.com.br\/conserto-de-balanca-toledo\" \/>\n<meta property=\"og:locale\" content=\"pt_BR\" \/>\n<meta property=\"og:type\" content=\"article\" \/>\n<meta property=\"og:title\" content=\"Manuten\u00e7\u00e3o de Balan\u00e7as Industriais 31 3224-2343\" \/>\n<meta property=\"og:description\" content=\"Manuten\u00e7\u00e3o de Balan\u00e7as Industriais de qualidade \u00e9 Comercial Fiel. Padarias, Restaurantes, Academias, Cl\u00ednicas etc. Manuten\u00e7\u00e3o de Balan\u00e7as Industriais\" \/>\n<meta property=\"og:url\" content=\"https:\/\/www.bhconsertodemaquinas.com.br\/conserto-de-balanca-toledo\" \/>\n<meta property=\"og:site_name\" content=\"BH Conserto de M\u00e1quinas\" \/>\n<meta property=\"og:image\" content=\"https:\/\/www.bhconsertodemaquinas.com.br\/novosite\/wp-content\/uploads\/2021\/03\/bh-balancas-industriais-cm.jpg\" \/>\n<meta name=\"twitter:card\" content=\"summary_large_image\" \/>\n<meta name=\"twitter:label1\" content=\"Est. tempo de leitura\" \/>\n\t<meta name=\"twitter:data1\" content=\"2 minutos\" \/>\n<script type=\"application\/ld+json\" class=\"yoast-schema-graph\">{\"@context\":\"https:\/\/schema.org\",\"@graph\":[{\"@type\":\"WebPage\",\"@id\":\"https:\/\/www.bhconsertodemaquinas.com.br\/novosite\/manutencao-de-balancas-industriais\/\",\"url\":\"https:\/\/www.bhconsertodemaquinas.com.br\/conserto-de-balanca-toledo\",\"name\":\"Manuten\u00e7\u00e3o de Balan\u00e7as Industriais 31 3224-2343\",\"isPartOf\":{\"@id\":\"https:\/\/www.bhconsertodemaquinas.com.br\/novosite\/#website\"},\"primaryImageOfPage\":{\"@id\":\"https:\/\/www.bhconsertodemaquinas.com.br\/conserto-de-balanca-toledo#primaryimage\"},\"image\":{\"@id\":\"https:\/\/www.bhconsertodemaquinas.com.br\/conserto-de-balanca-toledo#primaryimage\"},\"thumbnailUrl\":\"https:\/\/www.bhconsertodemaquinas.com.br\/novosite\/wp-content\/uploads\/2021\/03\/bh-balancas-industriais-cm.jpg\",\"datePublished\":\"2021-03-29T12:56:13+00:00\",\"dateModified\":\"2021-03-29T12:56:13+00:00\",\"description\":\"Manuten\u00e7\u00e3o de Balan\u00e7as Industriais de qualidade \u00e9 Comercial Fiel. Padarias, Restaurantes, Academias, Cl\u00ednicas etc. Manuten\u00e7\u00e3o de Balan\u00e7as Industriais\",\"breadcrumb\":{\"@id\":\"https:\/\/www.bhconsertodemaquinas.com.br\/conserto-de-balanca-toledo#breadcrumb\"},\"inLanguage\":\"pt-BR\",\"potentialAction\":[{\"@type\":\"ReadAction\",\"target\":[\"https:\/\/www.bhconsertodemaquinas.com.br\/conserto-de-balanca-toledo\"]}]},{\"@type\":\"ImageObject\",\"inLanguage\":\"pt-BR\",\"@id\":\"https:\/\/www.bhconsertodemaquinas.com.br\/conserto-de-balanca-toledo#primaryimage\",\"url\":\"https:\/\/www.bhconsertodemaquinas.com.br\/novosite\/wp-content\/uploads\/2021\/03\/bh-balancas-industriais-cm.jpg\",\"contentUrl\":\"https:\/\/www.bhconsertodemaquinas.com.br\/novosite\/wp-content\/uploads\/2021\/03\/bh-balancas-industriais-cm.jpg\",\"width\":920,\"height\":355,\"caption\":\"Manuten\u00e7\u00e3o de Balan\u00e7as Industriais\"},{\"@type\":\"BreadcrumbList\",\"@id\":\"https:\/\/www.bhconsertodemaquinas.com.br\/conserto-de-balanca-toledo#breadcrumb\",\"itemListElement\":[{\"@type\":\"ListItem\",\"position\":1,\"name\":\"In\u00edcio\",\"item\":\"https:\/\/www.bhconsertodemaquinas.com.br\/novosite\/\"},{\"@type\":\"ListItem\",\"position\":2,\"name\":\"Manuten\u00e7\u00e3o de Balan\u00e7as Industriais\"}]},{\"@type\":\"WebSite\",\"@id\":\"https:\/\/www.bhconsertodemaquinas.com.br\/novosite\/#website\",\"url\":\"https:\/\/www.bhconsertodemaquinas.com.br\/novosite\/\",\"name\":\"BH Conserto de M\u00e1quinas\",\"description\":\"\",\"publisher\":{\"@id\":\"https:\/\/www.bhconsertodemaquinas.com.br\/novosite\/#organization\"},\"potentialAction\":[{\"@type\":\"SearchAction\",\"target\":{\"@type\":\"EntryPoint\",\"urlTemplate\":\"https:\/\/www.bhconsertodemaquinas.com.br\/novosite\/?s={search_term_string}\"},\"query-input\":\"required name=search_term_string\"}],\"inLanguage\":\"pt-BR\"},{\"@type\":\"Organization\",\"@id\":\"https:\/\/www.bhconsertodemaquinas.com.br\/novosite\/#organization\",\"name\":\"BH Conserto de M\u00e1quinas\",\"url\":\"https:\/\/www.bhconsertodemaquinas.com.br\/novosite\/\",\"logo\":{\"@type\":\"ImageObject\",\"inLanguage\":\"pt-BR\",\"@id\":\"https:\/\/www.bhconsertodemaquinas.com.br\/novosite\/#\/schema\/logo\/image\/\",\"url\":\"https:\/\/www.bhconsertodemaquinas.com.br\/novosite\/wp-content\/uploads\/2020\/06\/logo-bhconserto-de-maquinas-002.png\",\"contentUrl\":\"https:\/\/www.bhconsertodemaquinas.com.br\/novosite\/wp-content\/uploads\/2020\/06\/logo-bhconserto-de-maquinas-002.png\",\"width\":215,\"height\":108,\"caption\":\"BH Conserto de M\u00e1quinas\"},\"image\":{\"@id\":\"https:\/\/www.bhconsertodemaquinas.com.br\/novosite\/#\/schema\/logo\/image\/\"}}]}<\/script>\n<!-- \/ Yoast SEO plugin. -->","yoast_head_json":{"title":"Manuten\u00e7\u00e3o de Balan\u00e7as Industriais 31 3224-2343","description":"Manuten\u00e7\u00e3o de Balan\u00e7as Industriais de qualidade \u00e9 Comercial Fiel. Padarias, Restaurantes, Academias, Cl\u00ednicas etc. Manuten\u00e7\u00e3o de Balan\u00e7as Industriais","robots":{"index":"index","follow":"follow","max-snippet":"max-snippet:-1","max-image-preview":"max-image-preview:large","max-video-preview":"max-video-preview:-1"},"canonical":"https:\/\/www.bhconsertodemaquinas.com.br\/conserto-de-balanca-toledo","og_locale":"pt_BR","og_type":"article","og_title":"Manuten\u00e7\u00e3o de Balan\u00e7as Industriais 31 3224-2343","og_description":"Manuten\u00e7\u00e3o de Balan\u00e7as Industriais de qualidade \u00e9 Comercial Fiel. Padarias, Restaurantes, Academias, Cl\u00ednicas etc. Manuten\u00e7\u00e3o de Balan\u00e7as Industriais","og_url":"https:\/\/www.bhconsertodemaquinas.com.br\/conserto-de-balanca-toledo","og_site_name":"BH Conserto de M\u00e1quinas","og_image":[{"url":"https:\/\/www.bhconsertodemaquinas.com.br\/novosite\/wp-content\/uploads\/2021\/03\/bh-balancas-industriais-cm.jpg"}],"twitter_card":"summary_large_image","twitter_misc":{"Est. tempo de leitura":"2 minutos"},"schema":{"@context":"https:\/\/schema.org","@graph":[{"@type":"WebPage","@id":"https:\/\/www.bhconsertodemaquinas.com.br\/novosite\/manutencao-de-balancas-industriais\/","url":"https:\/\/www.bhconsertodemaquinas.com.br\/conserto-de-balanca-toledo","name":"Manuten\u00e7\u00e3o de Balan\u00e7as Industriais 31 3224-2343","isPartOf":{"@id":"https:\/\/www.bhconsertodemaquinas.com.br\/novosite\/#website"},"primaryImageOfPage":{"@id":"https:\/\/www.bhconsertodemaquinas.com.br\/conserto-de-balanca-toledo#primaryimage"},"image":{"@id":"https:\/\/www.bhconsertodemaquinas.com.br\/conserto-de-balanca-toledo#primaryimage"},"thumbnailUrl":"https:\/\/www.bhconsertodemaquinas.com.br\/novosite\/wp-content\/uploads\/2021\/03\/bh-balancas-industriais-cm.jpg","datePublished":"2021-03-29T12:56:13+00:00","dateModified":"2021-03-29T12:56:13+00:00","description":"Manuten\u00e7\u00e3o de Balan\u00e7as Industriais de qualidade \u00e9 Comercial Fiel. Padarias, Restaurantes, Academias, Cl\u00ednicas etc. Manuten\u00e7\u00e3o de Balan\u00e7as Industriais","breadcrumb":{"@id":"https:\/\/www.bhconsertodemaquinas.com.br\/conserto-de-balanca-toledo#breadcrumb"},"inLanguage":"pt-BR","potentialAction":[{"@type":"ReadAction","target":["https:\/\/www.bhconsertodemaquinas.com.br\/conserto-de-balanca-toledo"]}]},{"@type":"ImageObject","inLanguage":"pt-BR","@id":"https:\/\/www.bhconsertodemaquinas.com.br\/conserto-de-balanca-toledo#primaryimage","url":"https:\/\/www.bhconsertodemaquinas.com.br\/novosite\/wp-content\/uploads\/2021\/03\/bh-balancas-industriais-cm.jpg","contentUrl":"https:\/\/www.bhconsertodemaquinas.com.br\/novosite\/wp-content\/uploads\/2021\/03\/bh-balancas-industriais-cm.jpg","width":920,"height":355,"caption":"Manuten\u00e7\u00e3o de Balan\u00e7as Industriais"},{"@type":"BreadcrumbList","@id":"https:\/\/www.bhconsertodemaquinas.com.br\/conserto-de-balanca-toledo#breadcrumb","itemListElement":[{"@type":"ListItem","position":1,"name":"In\u00edcio","item":"https:\/\/www.bhconsertodemaquinas.com.br\/novosite\/"},{"@type":"ListItem","position":2,"name":"Manuten\u00e7\u00e3o de Balan\u00e7as Industriais"}]},{"@type":"WebSite","@id":"https:\/\/www.bhconsertodemaquinas.com.br\/novosite\/#website","url":"https:\/\/www.bhconsertodemaquinas.com.br\/novosite\/","name":"BH Conserto de M\u00e1quinas","description":"","publisher":{"@id":"https:\/\/www.bhconsertodemaquinas.com.br\/novosite\/#organization"},"potentialAction":[{"@type":"SearchAction","target":{"@type":"EntryPoint","urlTemplate":"https:\/\/www.bhconsertodemaquinas.com.br\/novosite\/?s={search_term_string}"},"query-input":"required name=search_term_string"}],"inLanguage":"pt-BR"},{"@type":"Organization","@id":"https:\/\/www.bhconsertodemaquinas.com.br\/novosite\/#organization","name":"BH Conserto de M\u00e1quinas","url":"https:\/\/www.bhconsertodemaquinas.com.br\/novosite\/","logo":{"@type":"ImageObject","inLanguage":"pt-BR","@id":"https:\/\/www.bhconsertodemaquinas.com.br\/novosite\/#\/schema\/logo\/image\/","url":"https:\/\/www.bhconsertodemaquinas.com.br\/novosite\/wp-content\/uploads\/2020\/06\/logo-bhconserto-de-maquinas-002.png","contentUrl":"https:\/\/www.bhconsertodemaquinas.com.br\/novosite\/wp-content\/uploads\/2020\/06\/logo-bhconserto-de-maquinas-002.png","width":215,"height":108,"caption":"BH Conserto de M\u00e1quinas"},"image":{"@id":"https:\/\/www.bhconsertodemaquinas.com.br\/novosite\/#\/schema\/logo\/image\/"}}]}},"_links":{"self":[{"href":"https:\/\/www.bhconsertodemaquinas.com.br\/novosite\/wp-json\/wp\/v2\/pages\/17925"}],"collection":[{"href":"https:\/\/www.bhconsertodemaquinas.com.br\/novosite\/wp-json\/wp\/v2\/pages"}],"about":[{"href":"https:\/\/www.bhconsertodemaquinas.com.br\/novosite\/wp-json\/wp\/v2\/types\/page"}],"author":[{"embeddable":true,"href":"https:\/\/www.bhconsertodemaquinas.com.br\/novosite\/wp-json\/wp\/v2\/users\/1"}],"replies":[{"embeddable":true,"href":"https:\/\/www.bhconsertodemaquinas.com.br\/novosite\/wp-json\/wp\/v2\/comments?post=17925"}],"version-history":[{"count":1,"href":"https:\/\/www.bhconsertodemaquinas.com.br\/novosite\/wp-json\/wp\/v2\/pages\/17925\/revisions"}],"predecessor-version":[{"id":17927,"href":"https:\/\/www.bhconsertodemaquinas.com.br\/novosite\/wp-json\/wp\/v2\/pages\/17925\/revisions\/17927"}],"wp:attachment":[{"href":"https:\/\/www.bhconsertodemaquinas.com.br\/novosite\/wp-json\/wp\/v2\/media?parent=17925"}],"curies":[{"name":"wp","href":"https:\/\/api.w.org\/{rel}","templated":true}]}}