{"id":17910,"date":"2020-06-29T10:01:25","date_gmt":"2020-06-29T13:01:25","guid":{"rendered":"https:\/\/www.bhconsertodemaquinas.com.br\/novosite\/?page_id=17910"},"modified":"2020-06-29T10:01:25","modified_gmt":"2020-06-29T13:01:25","slug":"calibracao-de-balanca-toledo","status":"publish","type":"page","link":"https:\/\/www.bhconsertodemaquinas.com.br\/novosite\/calibracao-de-balanca-toledo\/","title":{"rendered":"Calibra\u00e7\u00e3o de Balan\u00e7a Toledo"},"content":{"rendered":"<p>Se voc\u00ea \u00e9 propriet\u00e1rio(a)\u00a0de um estabelecimento que possui uma balan\u00e7a Toledo do tipo mec\u00e2nica ou eletr\u00f4nica, pode vir a precisar do servi\u00e7o de\u00a0Calibra\u00e7\u00e3o de Balan\u00e7a Toledo, assist\u00eancia t\u00e9cnica, conserto ou manuten\u00e7\u00e3o preventiva para estes equipamentos.<\/p>\n<p>Como estes equipamentos s\u00e3o usados constantemente, podem apresentar defeitos, necessitar de troca de pe\u00e7as ou precisar de ajustes e calibra\u00e7\u00e3o. Conte com os servi\u00e7os especializados e qualificados da BH Conserto de M\u00e1quinas para ter sua Balan\u00e7a Toledo calibrada e funcionando corretamente. <a href=\"https:\/\/www.google.com.br\/search?q=calibracao+de+balan\u00e7a+toledo\" target=\"_blank\" rel=\"noopener\">Calibra\u00e7\u00e3o de Balan\u00e7a Toledo<\/a><\/p>\n<p>A Toledo do Brasil Ind\u00fastria de Balan\u00e7as Ltda. \u00e9 l\u00edder na \u00e1rea de pesagem no pa\u00eds. Visa construir relacionamentos de longo prazo, tendo como base a \u00e9tica profissional. Est\u00e1 comprometida com o sucesso de cada um de seus clientes, pois acredita que o crescimento deles tamb\u00e9m ser\u00e1 seu e de seus colaboradores.<\/p>\n<p>Possui uma f\u00e1brica em S\u00e3o Bernardo do Campo (SP), 20 filiais nas principais cidades do pa\u00eds, mais de 1.400 colaboradores, dos quais 400 s\u00e3o t\u00e9cnicos pr\u00f3prios que atuam em todo o Brasil. Al\u00e9m disso, possui uma rede com mais de 2.000 revendedores e assist\u00eancias t\u00e9cnicas autorizadas. Em 2016 teve um faturamento anual, l\u00edquido de impostos, acima de R$ 373 milh\u00f5es.<\/p>\n<p>Assist\u00eancia T\u00e9cnica e Consertos de Balan\u00e7a das marcas\u00a0 <strong><span style=\"color: #ff0000;\">Filizola<\/span><\/strong>, <span style=\"color: #ff0000;\"><strong>Toledo<\/strong><\/span>, <span style=\"color: #ff0000;\"><strong>Urano<\/strong><\/span>, <span style=\"color: #ff0000;\"><strong>Welmy<\/strong><\/span>, <span style=\"color: #ff0000;\"><strong>Ramuza<\/strong><\/span>, <span style=\"color: #ff0000;\"><strong>CEF<\/strong><\/span>, <span style=\"color: #ff0000;\"><strong>UPX<\/strong><\/span>, <span style=\"color: #ff0000;\"><strong>Gural<\/strong><\/span>, <span style=\"color: #ff0000;\"><strong>Micheletti<\/strong><\/span>, <span style=\"color: #ff0000;\"><strong>Triunfo<\/strong><\/span>, <span style=\"color: #ff0000;\"><strong>Digipeso<\/strong><\/span>, <span style=\"color: #ff0000;\"><strong>Elgim<\/strong><\/span>, <span style=\"color: #ff0000;\"><strong>Magna<\/strong><\/span>, <span style=\"color: #ff0000;\"><strong>Belmaq<\/strong><\/span>. Esses equipamentos s\u00e3o usados constantemente e podem apresentar defeitos, necessitar de troca de pe\u00e7as ou precisar de ajustes. Conte com nossos servi\u00e7os especializados e qualificados para ter sua Balan\u00e7a Toledo calibrada e funcionando corretamente.<br \/>\nSe precisar de Calibra\u00e7\u00e3o de Balan\u00e7a Toledo, fale com a BH Conserto de M\u00e1quinas!<\/p>\n<h1 style=\"text-align: center;\"><span style=\"color: #ff0000;\">Ligue: (31) 3224-2343<\/span><\/h1>\n<h3 style=\"text-align: center;\"><strong>Funcionamento: 2a a 6a-feira: 08:00 h \u00e0s 18:00 h.<\/strong><br \/>\n<strong> Atende Belo Horizonte e Regi\u00e3o Metropolitana.<br \/>\n<\/strong><strong>Av. Artur Bernardes, 210 &#8211; Vila Paris &#8211; Belo Horizonte<\/strong><\/h3>\n<div align=\"justify\">\n<h4>OBS: <strong>Manuten\u00e7\u00e3o em balan\u00e7as comerciais e balan\u00e7as industriais, Balan\u00e7as mec\u00e2nicas e balan\u00e7as eletr\u00f4nicas. Somos registrados no IPEM\u2014MG<\/strong><\/h4>\n<\/div>\n<p><a href=\"https:\/\/www.bhconsertodemaquinas.com.br\/novosite\/wp-content\/uploads\/2017\/10\/conserto-de-balancas-toledo.jpg\"><img loading=\"lazy\" decoding=\"async\" class=\"aligncenter size-full wp-image-16918\" src=\"https:\/\/www.bhconsertodemaquinas.com.br\/novosite\/wp-content\/uploads\/2017\/10\/conserto-de-balancas-toledo.jpg\" alt=\"Assist\u00eancia T\u00e9cnica Balan\u00e7a Toledo\" width=\"920\" height=\"355\" srcset=\"https:\/\/www.bhconsertodemaquinas.com.br\/novosite\/wp-content\/uploads\/2017\/10\/conserto-de-balancas-toledo.jpg 920w, https:\/\/www.bhconsertodemaquinas.com.br\/novosite\/wp-content\/uploads\/2017\/10\/conserto-de-balancas-toledo-620x239.jpg 620w, https:\/\/www.bhconsertodemaquinas.com.br\/novosite\/wp-content\/uploads\/2017\/10\/conserto-de-balancas-toledo-768x296.jpg 768w\" sizes=\"(max-width: 920px) 100vw, 920px\" \/><\/a><\/p>\n","protected":false},"excerpt":{"rendered":"<p>Se voc\u00ea \u00e9 propriet\u00e1rio(a)\u00a0de um estabelecimento que possui uma balan\u00e7a Toledo do tipo mec\u00e2nica ou eletr\u00f4nica, pode vir a precisar do servi\u00e7o de\u00a0Calibra\u00e7\u00e3o de Balan\u00e7a Toledo, assist\u00eancia t\u00e9cnica, conserto ou manuten\u00e7\u00e3o preventiva para estes equipamentos. Como estes equipamentos s\u00e3o usados<\/p>\n","protected":false},"author":2,"featured_media":0,"parent":0,"menu_order":0,"comment_status":"closed","ping_status":"closed","template":"","meta":{"footnotes":""},"yoast_head":"<!-- This site is optimized with the Yoast SEO plugin v22.5 - https:\/\/yoast.com\/wordpress\/plugins\/seo\/ -->\n<title>Calibra\u00e7\u00e3o de Balan\u00e7a Toledo \u00e9 na Comercial Fiel<\/title>\n<meta name=\"description\" content=\"Calibra\u00e7\u00e3o de Balan\u00e7a Toledo de qualidade \u00e9 Comercial Fiel. Padarias, Restaurantes, A\u00e7ougues, Com\u00e9rcios etc. Calibra\u00e7\u00e3o de Balan\u00e7a Toledo. (31) 3224-2343\" \/>\n<meta name=\"robots\" content=\"index, follow, max-snippet:-1, max-image-preview:large, max-video-preview:-1\" \/>\n<link rel=\"canonical\" href=\"https:\/\/www.bhconsertodemaquinas.com.br\/conserto-de-balanca-toledo\" \/>\n<meta property=\"og:locale\" content=\"pt_BR\" \/>\n<meta property=\"og:type\" content=\"article\" \/>\n<meta property=\"og:title\" content=\"Calibra\u00e7\u00e3o de Balan\u00e7a Toledo \u00e9 na Comercial Fiel\" \/>\n<meta property=\"og:description\" content=\"Calibra\u00e7\u00e3o de Balan\u00e7a Toledo de qualidade \u00e9 Comercial Fiel. Padarias, Restaurantes, A\u00e7ougues, Com\u00e9rcios etc. Calibra\u00e7\u00e3o de Balan\u00e7a Toledo. (31) 3224-2343\" \/>\n<meta property=\"og:url\" content=\"https:\/\/www.bhconsertodemaquinas.com.br\/conserto-de-balanca-toledo\" \/>\n<meta property=\"og:site_name\" content=\"BH Conserto de M\u00e1quinas\" \/>\n<meta property=\"og:image\" content=\"https:\/\/www.bhconsertodemaquinas.com.br\/novosite\/wp-content\/uploads\/2017\/10\/conserto-de-balancas-toledo.jpg\" \/>\n<meta name=\"twitter:card\" content=\"summary_large_image\" \/>\n<meta name=\"twitter:label1\" content=\"Est. tempo de leitura\" \/>\n\t<meta name=\"twitter:data1\" content=\"2 minutos\" \/>\n<script type=\"application\/ld+json\" class=\"yoast-schema-graph\">{\"@context\":\"https:\/\/schema.org\",\"@graph\":[{\"@type\":\"WebPage\",\"@id\":\"https:\/\/www.bhconsertodemaquinas.com.br\/novosite\/calibracao-de-balanca-toledo\/\",\"url\":\"https:\/\/www.bhconsertodemaquinas.com.br\/conserto-de-balanca-toledo\",\"name\":\"Calibra\u00e7\u00e3o de Balan\u00e7a Toledo \u00e9 na Comercial Fiel\",\"isPartOf\":{\"@id\":\"https:\/\/www.bhconsertodemaquinas.com.br\/novosite\/#website\"},\"primaryImageOfPage\":{\"@id\":\"https:\/\/www.bhconsertodemaquinas.com.br\/conserto-de-balanca-toledo#primaryimage\"},\"image\":{\"@id\":\"https:\/\/www.bhconsertodemaquinas.com.br\/conserto-de-balanca-toledo#primaryimage\"},\"thumbnailUrl\":\"https:\/\/www.bhconsertodemaquinas.com.br\/novosite\/wp-content\/uploads\/2017\/10\/conserto-de-balancas-toledo.jpg\",\"datePublished\":\"2020-06-29T13:01:25+00:00\",\"dateModified\":\"2020-06-29T13:01:25+00:00\",\"description\":\"Calibra\u00e7\u00e3o de Balan\u00e7a Toledo de qualidade \u00e9 Comercial Fiel. Padarias, Restaurantes, A\u00e7ougues, Com\u00e9rcios etc. Calibra\u00e7\u00e3o de Balan\u00e7a Toledo. (31) 3224-2343\",\"breadcrumb\":{\"@id\":\"https:\/\/www.bhconsertodemaquinas.com.br\/conserto-de-balanca-toledo#breadcrumb\"},\"inLanguage\":\"pt-BR\",\"potentialAction\":[{\"@type\":\"ReadAction\",\"target\":[\"https:\/\/www.bhconsertodemaquinas.com.br\/conserto-de-balanca-toledo\"]}]},{\"@type\":\"ImageObject\",\"inLanguage\":\"pt-BR\",\"@id\":\"https:\/\/www.bhconsertodemaquinas.com.br\/conserto-de-balanca-toledo#primaryimage\",\"url\":\"https:\/\/www.bhconsertodemaquinas.com.br\/novosite\/wp-content\/uploads\/2017\/10\/conserto-de-balancas-toledo.jpg\",\"contentUrl\":\"https:\/\/www.bhconsertodemaquinas.com.br\/novosite\/wp-content\/uploads\/2017\/10\/conserto-de-balancas-toledo.jpg\",\"width\":920,\"height\":355,\"caption\":\"Conserto de Balan\u00e7a Toledo\"},{\"@type\":\"BreadcrumbList\",\"@id\":\"https:\/\/www.bhconsertodemaquinas.com.br\/conserto-de-balanca-toledo#breadcrumb\",\"itemListElement\":[{\"@type\":\"ListItem\",\"position\":1,\"name\":\"In\u00edcio\",\"item\":\"https:\/\/www.bhconsertodemaquinas.com.br\/novosite\/\"},{\"@type\":\"ListItem\",\"position\":2,\"name\":\"Calibra\u00e7\u00e3o de Balan\u00e7a Toledo\"}]},{\"@type\":\"WebSite\",\"@id\":\"https:\/\/www.bhconsertodemaquinas.com.br\/novosite\/#website\",\"url\":\"https:\/\/www.bhconsertodemaquinas.com.br\/novosite\/\",\"name\":\"BH Conserto de M\u00e1quinas\",\"description\":\"\",\"publisher\":{\"@id\":\"https:\/\/www.bhconsertodemaquinas.com.br\/novosite\/#organization\"},\"potentialAction\":[{\"@type\":\"SearchAction\",\"target\":{\"@type\":\"EntryPoint\",\"urlTemplate\":\"https:\/\/www.bhconsertodemaquinas.com.br\/novosite\/?s={search_term_string}\"},\"query-input\":\"required name=search_term_string\"}],\"inLanguage\":\"pt-BR\"},{\"@type\":\"Organization\",\"@id\":\"https:\/\/www.bhconsertodemaquinas.com.br\/novosite\/#organization\",\"name\":\"BH Conserto de M\u00e1quinas\",\"url\":\"https:\/\/www.bhconsertodemaquinas.com.br\/novosite\/\",\"logo\":{\"@type\":\"ImageObject\",\"inLanguage\":\"pt-BR\",\"@id\":\"https:\/\/www.bhconsertodemaquinas.com.br\/novosite\/#\/schema\/logo\/image\/\",\"url\":\"https:\/\/www.bhconsertodemaquinas.com.br\/novosite\/wp-content\/uploads\/2020\/06\/logo-bhconserto-de-maquinas-002.png\",\"contentUrl\":\"https:\/\/www.bhconsertodemaquinas.com.br\/novosite\/wp-content\/uploads\/2020\/06\/logo-bhconserto-de-maquinas-002.png\",\"width\":215,\"height\":108,\"caption\":\"BH Conserto de M\u00e1quinas\"},\"image\":{\"@id\":\"https:\/\/www.bhconsertodemaquinas.com.br\/novosite\/#\/schema\/logo\/image\/\"}}]}<\/script>\n<!-- \/ Yoast SEO plugin. -->","yoast_head_json":{"title":"Calibra\u00e7\u00e3o de Balan\u00e7a Toledo \u00e9 na Comercial Fiel","description":"Calibra\u00e7\u00e3o de Balan\u00e7a Toledo de qualidade \u00e9 Comercial Fiel. Padarias, Restaurantes, A\u00e7ougues, Com\u00e9rcios etc. Calibra\u00e7\u00e3o de Balan\u00e7a Toledo. (31) 3224-2343","robots":{"index":"index","follow":"follow","max-snippet":"max-snippet:-1","max-image-preview":"max-image-preview:large","max-video-preview":"max-video-preview:-1"},"canonical":"https:\/\/www.bhconsertodemaquinas.com.br\/conserto-de-balanca-toledo","og_locale":"pt_BR","og_type":"article","og_title":"Calibra\u00e7\u00e3o de Balan\u00e7a Toledo \u00e9 na Comercial Fiel","og_description":"Calibra\u00e7\u00e3o de Balan\u00e7a Toledo de qualidade \u00e9 Comercial Fiel. Padarias, Restaurantes, A\u00e7ougues, Com\u00e9rcios etc. Calibra\u00e7\u00e3o de Balan\u00e7a Toledo. (31) 3224-2343","og_url":"https:\/\/www.bhconsertodemaquinas.com.br\/conserto-de-balanca-toledo","og_site_name":"BH Conserto de M\u00e1quinas","og_image":[{"url":"https:\/\/www.bhconsertodemaquinas.com.br\/novosite\/wp-content\/uploads\/2017\/10\/conserto-de-balancas-toledo.jpg"}],"twitter_card":"summary_large_image","twitter_misc":{"Est. tempo de leitura":"2 minutos"},"schema":{"@context":"https:\/\/schema.org","@graph":[{"@type":"WebPage","@id":"https:\/\/www.bhconsertodemaquinas.com.br\/novosite\/calibracao-de-balanca-toledo\/","url":"https:\/\/www.bhconsertodemaquinas.com.br\/conserto-de-balanca-toledo","name":"Calibra\u00e7\u00e3o de Balan\u00e7a Toledo \u00e9 na Comercial Fiel","isPartOf":{"@id":"https:\/\/www.bhconsertodemaquinas.com.br\/novosite\/#website"},"primaryImageOfPage":{"@id":"https:\/\/www.bhconsertodemaquinas.com.br\/conserto-de-balanca-toledo#primaryimage"},"image":{"@id":"https:\/\/www.bhconsertodemaquinas.com.br\/conserto-de-balanca-toledo#primaryimage"},"thumbnailUrl":"https:\/\/www.bhconsertodemaquinas.com.br\/novosite\/wp-content\/uploads\/2017\/10\/conserto-de-balancas-toledo.jpg","datePublished":"2020-06-29T13:01:25+00:00","dateModified":"2020-06-29T13:01:25+00:00","description":"Calibra\u00e7\u00e3o de Balan\u00e7a Toledo de qualidade \u00e9 Comercial Fiel. Padarias, Restaurantes, A\u00e7ougues, Com\u00e9rcios etc. Calibra\u00e7\u00e3o de Balan\u00e7a Toledo. (31) 3224-2343","breadcrumb":{"@id":"https:\/\/www.bhconsertodemaquinas.com.br\/conserto-de-balanca-toledo#breadcrumb"},"inLanguage":"pt-BR","potentialAction":[{"@type":"ReadAction","target":["https:\/\/www.bhconsertodemaquinas.com.br\/conserto-de-balanca-toledo"]}]},{"@type":"ImageObject","inLanguage":"pt-BR","@id":"https:\/\/www.bhconsertodemaquinas.com.br\/conserto-de-balanca-toledo#primaryimage","url":"https:\/\/www.bhconsertodemaquinas.com.br\/novosite\/wp-content\/uploads\/2017\/10\/conserto-de-balancas-toledo.jpg","contentUrl":"https:\/\/www.bhconsertodemaquinas.com.br\/novosite\/wp-content\/uploads\/2017\/10\/conserto-de-balancas-toledo.jpg","width":920,"height":355,"caption":"Conserto de Balan\u00e7a Toledo"},{"@type":"BreadcrumbList","@id":"https:\/\/www.bhconsertodemaquinas.com.br\/conserto-de-balanca-toledo#breadcrumb","itemListElement":[{"@type":"ListItem","position":1,"name":"In\u00edcio","item":"https:\/\/www.bhconsertodemaquinas.com.br\/novosite\/"},{"@type":"ListItem","position":2,"name":"Calibra\u00e7\u00e3o de Balan\u00e7a Toledo"}]},{"@type":"WebSite","@id":"https:\/\/www.bhconsertodemaquinas.com.br\/novosite\/#website","url":"https:\/\/www.bhconsertodemaquinas.com.br\/novosite\/","name":"BH Conserto de M\u00e1quinas","description":"","publisher":{"@id":"https:\/\/www.bhconsertodemaquinas.com.br\/novosite\/#organization"},"potentialAction":[{"@type":"SearchAction","target":{"@type":"EntryPoint","urlTemplate":"https:\/\/www.bhconsertodemaquinas.com.br\/novosite\/?s={search_term_string}"},"query-input":"required name=search_term_string"}],"inLanguage":"pt-BR"},{"@type":"Organization","@id":"https:\/\/www.bhconsertodemaquinas.com.br\/novosite\/#organization","name":"BH Conserto de M\u00e1quinas","url":"https:\/\/www.bhconsertodemaquinas.com.br\/novosite\/","logo":{"@type":"ImageObject","inLanguage":"pt-BR","@id":"https:\/\/www.bhconsertodemaquinas.com.br\/novosite\/#\/schema\/logo\/image\/","url":"https:\/\/www.bhconsertodemaquinas.com.br\/novosite\/wp-content\/uploads\/2020\/06\/logo-bhconserto-de-maquinas-002.png","contentUrl":"https:\/\/www.bhconsertodemaquinas.com.br\/novosite\/wp-content\/uploads\/2020\/06\/logo-bhconserto-de-maquinas-002.png","width":215,"height":108,"caption":"BH Conserto de M\u00e1quinas"},"image":{"@id":"https:\/\/www.bhconsertodemaquinas.com.br\/novosite\/#\/schema\/logo\/image\/"}}]}},"_links":{"self":[{"href":"https:\/\/www.bhconsertodemaquinas.com.br\/novosite\/wp-json\/wp\/v2\/pages\/17910"}],"collection":[{"href":"https:\/\/www.bhconsertodemaquinas.com.br\/novosite\/wp-json\/wp\/v2\/pages"}],"about":[{"href":"https:\/\/www.bhconsertodemaquinas.com.br\/novosite\/wp-json\/wp\/v2\/types\/page"}],"author":[{"embeddable":true,"href":"https:\/\/www.bhconsertodemaquinas.com.br\/novosite\/wp-json\/wp\/v2\/users\/2"}],"replies":[{"embeddable":true,"href":"https:\/\/www.bhconsertodemaquinas.com.br\/novosite\/wp-json\/wp\/v2\/comments?post=17910"}],"version-history":[{"count":1,"href":"https:\/\/www.bhconsertodemaquinas.com.br\/novosite\/wp-json\/wp\/v2\/pages\/17910\/revisions"}],"predecessor-version":[{"id":17911,"href":"https:\/\/www.bhconsertodemaquinas.com.br\/novosite\/wp-json\/wp\/v2\/pages\/17910\/revisions\/17911"}],"wp:attachment":[{"href":"https:\/\/www.bhconsertodemaquinas.com.br\/novosite\/wp-json\/wp\/v2\/media?parent=17910"}],"curies":[{"name":"wp","href":"https:\/\/api.w.org\/{rel}","templated":true}]}}