{"id":17096,"date":"2017-11-01T08:46:31","date_gmt":"2017-11-01T11:46:31","guid":{"rendered":"http:\/\/www.bhbalancas.com.br\/?page_id=17096"},"modified":"2020-05-12T14:44:21","modified_gmt":"2020-05-12T17:44:21","slug":"assistencia-tecnica-de-refresqueiras","status":"publish","type":"page","link":"https:\/\/www.bhconsertodemaquinas.com.br\/novosite\/assistencia-tecnica-de-refresqueiras\/","title":{"rendered":"Assist\u00eancia T\u00e9cnica de Refresqueiras"},"content":{"rendered":"<p>A BH Conserto de M\u00e1quinas est\u00e1 h\u00e1 muitos anos no mercado prestando \u00f3timos servi\u00e7os de <a href=\"https:\/\/www.google.com.br\/search?q=assistencia+tecnica+de+refresqueiras\" target=\"_blank\" rel=\"noopener\">Assist\u00eancia T\u00e9cnica de Refresqueiras<\/a> e servi\u00e7os de manuten\u00e7\u00e3o e assist\u00eancia t\u00e9cnica em balan\u00e7as, maquin\u00e1rio de padaria, a\u00e7ougues, restaurantes, lanchonetes, cozinhas industriais, sempre com profissionais qualificados e experientes.<\/p>\n<p>Com 2 dep\u00f3sitos de 15 litros cada, armazena duas op\u00e7\u00f5es de bebidas na temperatura ideal para o consumo. Possuem torneiras totalmente desmont\u00e1veis para higieniza\u00e7\u00e3o, garante boa conserva\u00e7\u00e3o dos l\u00edquidos com o controle autom\u00e1tico de temperatura e baixo consumo de energia com o sistema de refrigera\u00e7\u00e3o balanceada. Os modelos com p\u00e1s agitadoras podem armazenar sucos de frutas, ch\u00e1s, \u00e1gua de coco, suco de milho, achocolatados e outras bebidas l\u00e1cteas bem geladinhos ou frios. Com 2 cubas voc\u00ea pode servir tipos de bebidas diferentes ao mesmo tempo, excelente para caf\u00e9s da manh\u00e3, brunchs e outras refei\u00e7\u00f5es coletivas.<\/p>\n<p>De f\u00e1cil opera\u00e7\u00e3o, voc\u00ea s\u00f3 precisa colocar o suco j\u00e1 gelado dentro da cuba e n\u00e3o deixar o l\u00edquido acabar.<\/p>\n<p>Precisando de Assist\u00eancia T\u00e9cnica de Refresqueiras, fale com a BH Conserto de M\u00e1quinas!<\/p>\n<h1 style=\"text-align: center;\"><span style=\"color: #ff0000;\">Ligue: (31) 3224-2343<\/span><\/h1>\n<h3 style=\"text-align: center;\"><strong>Hor\u00e1rio de funcionamento: 2a a 6a-feira: 08:00 h \u00e0s 18:00 h.<\/strong><br \/>\n<strong> Atendemos Belo Horizonte e Regi\u00e3o Metropolitana.<br \/>\n<\/strong>Endere\u00e7o: <strong>Av. Artur Bernardes, 210 &#8211; Vila Paris &#8211; Belo Horizonte<\/strong><\/h3>\n<div align=\"justify\">\n<h4>OBS: <strong>Manuten\u00e7\u00e3o em balan\u00e7as comerciais e balan\u00e7as industriais, Balan\u00e7as mec\u00e2nicas e balan\u00e7as eletr\u00f4nicas. Somos registrados no IPEM\u2014MG<\/strong><\/h4>\n<\/div>\n<p><a href=\"https:\/\/www.bhconsertodemaquinas.com.br\/novosite\/wp-content\/uploads\/2017\/10\/bh-balancas-servicos.jpg\"><img loading=\"lazy\" decoding=\"async\" class=\"alignnone size-full wp-image-16615\" src=\"https:\/\/www.bhconsertodemaquinas.com.br\/novosite\/wp-content\/uploads\/2017\/10\/bh-balancas-servicos.jpg\" alt=\"Assist\u00eancia T\u00e9cnica de Refresqueiras\" width=\"920\" height=\"355\" srcset=\"https:\/\/www.bhconsertodemaquinas.com.br\/novosite\/wp-content\/uploads\/2017\/10\/bh-balancas-servicos.jpg 920w, https:\/\/www.bhconsertodemaquinas.com.br\/novosite\/wp-content\/uploads\/2017\/10\/bh-balancas-servicos-620x239.jpg 620w, https:\/\/www.bhconsertodemaquinas.com.br\/novosite\/wp-content\/uploads\/2017\/10\/bh-balancas-servicos-768x296.jpg 768w\" sizes=\"(max-width: 920px) 100vw, 920px\" \/><\/a><\/p>\n","protected":false},"excerpt":{"rendered":"<p>A BH Conserto de M\u00e1quinas est\u00e1 h\u00e1 muitos anos no mercado prestando \u00f3timos servi\u00e7os de Assist\u00eancia T\u00e9cnica de Refresqueiras e servi\u00e7os de manuten\u00e7\u00e3o e assist\u00eancia t\u00e9cnica em balan\u00e7as, maquin\u00e1rio de padaria, a\u00e7ougues, restaurantes, lanchonetes, cozinhas industriais, sempre com profissionais qualificados<\/p>\n","protected":false},"author":3,"featured_media":0,"parent":0,"menu_order":0,"comment_status":"closed","ping_status":"closed","template":"","meta":{"footnotes":""},"yoast_head":"<!-- This site is optimized with the Yoast SEO plugin v22.5 - https:\/\/yoast.com\/wordpress\/plugins\/seo\/ -->\n<title>Assist\u00eancia T\u00e9cnica de Refresqueiras \u00e9 na Comercial Fiel<\/title>\n<meta name=\"description\" content=\"Assist\u00eancia T\u00e9cnica de Refresqueiras \u00e9 na BH Conserto de M\u00e1quinas. Padarias, Restaurantes, Lanchonetes, Bares etc Confian\u00e7a e Atendimento Cordial. 3224-2343\" \/>\n<meta name=\"robots\" content=\"index, follow, max-snippet:-1, max-image-preview:large, max-video-preview:-1\" \/>\n<link rel=\"canonical\" href=\"https:\/\/www.bhconsertodemaquinas.com.br\/novosite\/assistencia-tecnica-de-refresqueiras\/\" \/>\n<meta property=\"og:locale\" content=\"pt_BR\" \/>\n<meta property=\"og:type\" content=\"article\" \/>\n<meta property=\"og:title\" content=\"Assist\u00eancia T\u00e9cnica de Refresqueiras \u00e9 na Comercial Fiel\" \/>\n<meta property=\"og:description\" content=\"Assist\u00eancia T\u00e9cnica de Refresqueiras \u00e9 na BH Conserto de M\u00e1quinas. Padarias, Restaurantes, Lanchonetes, Bares etc Confian\u00e7a e Atendimento Cordial. 3224-2343\" \/>\n<meta property=\"og:url\" content=\"https:\/\/www.bhconsertodemaquinas.com.br\/novosite\/assistencia-tecnica-de-refresqueiras\/\" \/>\n<meta property=\"og:site_name\" content=\"BH Conserto de M\u00e1quinas\" \/>\n<meta property=\"article:modified_time\" content=\"2020-05-12T17:44:21+00:00\" \/>\n<meta property=\"og:image\" content=\"https:\/\/www.bhconsertodemaquinas.com.br\/novosite\/wp-content\/uploads\/2017\/10\/bh-balancas-servicos.jpg\" \/>\n<meta name=\"twitter:card\" content=\"summary_large_image\" \/>\n<meta name=\"twitter:label1\" content=\"Est. tempo de leitura\" \/>\n\t<meta name=\"twitter:data1\" content=\"1 minuto\" \/>\n<script type=\"application\/ld+json\" class=\"yoast-schema-graph\">{\"@context\":\"https:\/\/schema.org\",\"@graph\":[{\"@type\":\"WebPage\",\"@id\":\"https:\/\/www.bhconsertodemaquinas.com.br\/novosite\/assistencia-tecnica-de-refresqueiras\/\",\"url\":\"https:\/\/www.bhconsertodemaquinas.com.br\/novosite\/assistencia-tecnica-de-refresqueiras\/\",\"name\":\"Assist\u00eancia T\u00e9cnica de Refresqueiras \u00e9 na Comercial Fiel\",\"isPartOf\":{\"@id\":\"https:\/\/www.bhconsertodemaquinas.com.br\/novosite\/#website\"},\"primaryImageOfPage\":{\"@id\":\"https:\/\/www.bhconsertodemaquinas.com.br\/novosite\/assistencia-tecnica-de-refresqueiras\/#primaryimage\"},\"image\":{\"@id\":\"https:\/\/www.bhconsertodemaquinas.com.br\/novosite\/assistencia-tecnica-de-refresqueiras\/#primaryimage\"},\"thumbnailUrl\":\"https:\/\/www.bhconsertodemaquinas.com.br\/novosite\/wp-content\/uploads\/2017\/10\/bh-balancas-servicos.jpg\",\"datePublished\":\"2017-11-01T11:46:31+00:00\",\"dateModified\":\"2020-05-12T17:44:21+00:00\",\"description\":\"Assist\u00eancia T\u00e9cnica de Refresqueiras \u00e9 na BH Conserto de M\u00e1quinas. Padarias, Restaurantes, Lanchonetes, Bares etc Confian\u00e7a e Atendimento Cordial. 3224-2343\",\"breadcrumb\":{\"@id\":\"https:\/\/www.bhconsertodemaquinas.com.br\/novosite\/assistencia-tecnica-de-refresqueiras\/#breadcrumb\"},\"inLanguage\":\"pt-BR\",\"potentialAction\":[{\"@type\":\"ReadAction\",\"target\":[\"https:\/\/www.bhconsertodemaquinas.com.br\/novosite\/assistencia-tecnica-de-refresqueiras\/\"]}]},{\"@type\":\"ImageObject\",\"inLanguage\":\"pt-BR\",\"@id\":\"https:\/\/www.bhconsertodemaquinas.com.br\/novosite\/assistencia-tecnica-de-refresqueiras\/#primaryimage\",\"url\":\"https:\/\/www.bhconsertodemaquinas.com.br\/novosite\/wp-content\/uploads\/2017\/10\/bh-balancas-servicos.jpg\",\"contentUrl\":\"https:\/\/www.bhconsertodemaquinas.com.br\/novosite\/wp-content\/uploads\/2017\/10\/bh-balancas-servicos.jpg\",\"width\":920,\"height\":355,\"caption\":\"Assist\u00eancia T\u00e9cnica de Estufas de Salgado\"},{\"@type\":\"BreadcrumbList\",\"@id\":\"https:\/\/www.bhconsertodemaquinas.com.br\/novosite\/assistencia-tecnica-de-refresqueiras\/#breadcrumb\",\"itemListElement\":[{\"@type\":\"ListItem\",\"position\":1,\"name\":\"In\u00edcio\",\"item\":\"https:\/\/www.bhconsertodemaquinas.com.br\/novosite\/\"},{\"@type\":\"ListItem\",\"position\":2,\"name\":\"Assist\u00eancia T\u00e9cnica de Refresqueiras\"}]},{\"@type\":\"WebSite\",\"@id\":\"https:\/\/www.bhconsertodemaquinas.com.br\/novosite\/#website\",\"url\":\"https:\/\/www.bhconsertodemaquinas.com.br\/novosite\/\",\"name\":\"BH Conserto de M\u00e1quinas\",\"description\":\"\",\"publisher\":{\"@id\":\"https:\/\/www.bhconsertodemaquinas.com.br\/novosite\/#organization\"},\"potentialAction\":[{\"@type\":\"SearchAction\",\"target\":{\"@type\":\"EntryPoint\",\"urlTemplate\":\"https:\/\/www.bhconsertodemaquinas.com.br\/novosite\/?s={search_term_string}\"},\"query-input\":\"required name=search_term_string\"}],\"inLanguage\":\"pt-BR\"},{\"@type\":\"Organization\",\"@id\":\"https:\/\/www.bhconsertodemaquinas.com.br\/novosite\/#organization\",\"name\":\"BH Conserto de M\u00e1quinas\",\"url\":\"https:\/\/www.bhconsertodemaquinas.com.br\/novosite\/\",\"logo\":{\"@type\":\"ImageObject\",\"inLanguage\":\"pt-BR\",\"@id\":\"https:\/\/www.bhconsertodemaquinas.com.br\/novosite\/#\/schema\/logo\/image\/\",\"url\":\"https:\/\/www.bhconsertodemaquinas.com.br\/novosite\/wp-content\/uploads\/2020\/06\/logo-bhconserto-de-maquinas-002.png\",\"contentUrl\":\"https:\/\/www.bhconsertodemaquinas.com.br\/novosite\/wp-content\/uploads\/2020\/06\/logo-bhconserto-de-maquinas-002.png\",\"width\":215,\"height\":108,\"caption\":\"BH Conserto de M\u00e1quinas\"},\"image\":{\"@id\":\"https:\/\/www.bhconsertodemaquinas.com.br\/novosite\/#\/schema\/logo\/image\/\"}}]}<\/script>\n<!-- \/ Yoast SEO plugin. -->","yoast_head_json":{"title":"Assist\u00eancia T\u00e9cnica de Refresqueiras \u00e9 na Comercial Fiel","description":"Assist\u00eancia T\u00e9cnica de Refresqueiras \u00e9 na BH Conserto de M\u00e1quinas. Padarias, Restaurantes, Lanchonetes, Bares etc Confian\u00e7a e Atendimento Cordial. 3224-2343","robots":{"index":"index","follow":"follow","max-snippet":"max-snippet:-1","max-image-preview":"max-image-preview:large","max-video-preview":"max-video-preview:-1"},"canonical":"https:\/\/www.bhconsertodemaquinas.com.br\/novosite\/assistencia-tecnica-de-refresqueiras\/","og_locale":"pt_BR","og_type":"article","og_title":"Assist\u00eancia T\u00e9cnica de Refresqueiras \u00e9 na Comercial Fiel","og_description":"Assist\u00eancia T\u00e9cnica de Refresqueiras \u00e9 na BH Conserto de M\u00e1quinas. Padarias, Restaurantes, Lanchonetes, Bares etc Confian\u00e7a e Atendimento Cordial. 3224-2343","og_url":"https:\/\/www.bhconsertodemaquinas.com.br\/novosite\/assistencia-tecnica-de-refresqueiras\/","og_site_name":"BH Conserto de M\u00e1quinas","article_modified_time":"2020-05-12T17:44:21+00:00","og_image":[{"url":"https:\/\/www.bhconsertodemaquinas.com.br\/novosite\/wp-content\/uploads\/2017\/10\/bh-balancas-servicos.jpg"}],"twitter_card":"summary_large_image","twitter_misc":{"Est. tempo de leitura":"1 minuto"},"schema":{"@context":"https:\/\/schema.org","@graph":[{"@type":"WebPage","@id":"https:\/\/www.bhconsertodemaquinas.com.br\/novosite\/assistencia-tecnica-de-refresqueiras\/","url":"https:\/\/www.bhconsertodemaquinas.com.br\/novosite\/assistencia-tecnica-de-refresqueiras\/","name":"Assist\u00eancia T\u00e9cnica de Refresqueiras \u00e9 na Comercial Fiel","isPartOf":{"@id":"https:\/\/www.bhconsertodemaquinas.com.br\/novosite\/#website"},"primaryImageOfPage":{"@id":"https:\/\/www.bhconsertodemaquinas.com.br\/novosite\/assistencia-tecnica-de-refresqueiras\/#primaryimage"},"image":{"@id":"https:\/\/www.bhconsertodemaquinas.com.br\/novosite\/assistencia-tecnica-de-refresqueiras\/#primaryimage"},"thumbnailUrl":"https:\/\/www.bhconsertodemaquinas.com.br\/novosite\/wp-content\/uploads\/2017\/10\/bh-balancas-servicos.jpg","datePublished":"2017-11-01T11:46:31+00:00","dateModified":"2020-05-12T17:44:21+00:00","description":"Assist\u00eancia T\u00e9cnica de Refresqueiras \u00e9 na BH Conserto de M\u00e1quinas. Padarias, Restaurantes, Lanchonetes, Bares etc Confian\u00e7a e Atendimento Cordial. 3224-2343","breadcrumb":{"@id":"https:\/\/www.bhconsertodemaquinas.com.br\/novosite\/assistencia-tecnica-de-refresqueiras\/#breadcrumb"},"inLanguage":"pt-BR","potentialAction":[{"@type":"ReadAction","target":["https:\/\/www.bhconsertodemaquinas.com.br\/novosite\/assistencia-tecnica-de-refresqueiras\/"]}]},{"@type":"ImageObject","inLanguage":"pt-BR","@id":"https:\/\/www.bhconsertodemaquinas.com.br\/novosite\/assistencia-tecnica-de-refresqueiras\/#primaryimage","url":"https:\/\/www.bhconsertodemaquinas.com.br\/novosite\/wp-content\/uploads\/2017\/10\/bh-balancas-servicos.jpg","contentUrl":"https:\/\/www.bhconsertodemaquinas.com.br\/novosite\/wp-content\/uploads\/2017\/10\/bh-balancas-servicos.jpg","width":920,"height":355,"caption":"Assist\u00eancia T\u00e9cnica de Estufas de Salgado"},{"@type":"BreadcrumbList","@id":"https:\/\/www.bhconsertodemaquinas.com.br\/novosite\/assistencia-tecnica-de-refresqueiras\/#breadcrumb","itemListElement":[{"@type":"ListItem","position":1,"name":"In\u00edcio","item":"https:\/\/www.bhconsertodemaquinas.com.br\/novosite\/"},{"@type":"ListItem","position":2,"name":"Assist\u00eancia T\u00e9cnica de Refresqueiras"}]},{"@type":"WebSite","@id":"https:\/\/www.bhconsertodemaquinas.com.br\/novosite\/#website","url":"https:\/\/www.bhconsertodemaquinas.com.br\/novosite\/","name":"BH Conserto de M\u00e1quinas","description":"","publisher":{"@id":"https:\/\/www.bhconsertodemaquinas.com.br\/novosite\/#organization"},"potentialAction":[{"@type":"SearchAction","target":{"@type":"EntryPoint","urlTemplate":"https:\/\/www.bhconsertodemaquinas.com.br\/novosite\/?s={search_term_string}"},"query-input":"required name=search_term_string"}],"inLanguage":"pt-BR"},{"@type":"Organization","@id":"https:\/\/www.bhconsertodemaquinas.com.br\/novosite\/#organization","name":"BH Conserto de M\u00e1quinas","url":"https:\/\/www.bhconsertodemaquinas.com.br\/novosite\/","logo":{"@type":"ImageObject","inLanguage":"pt-BR","@id":"https:\/\/www.bhconsertodemaquinas.com.br\/novosite\/#\/schema\/logo\/image\/","url":"https:\/\/www.bhconsertodemaquinas.com.br\/novosite\/wp-content\/uploads\/2020\/06\/logo-bhconserto-de-maquinas-002.png","contentUrl":"https:\/\/www.bhconsertodemaquinas.com.br\/novosite\/wp-content\/uploads\/2020\/06\/logo-bhconserto-de-maquinas-002.png","width":215,"height":108,"caption":"BH Conserto de M\u00e1quinas"},"image":{"@id":"https:\/\/www.bhconsertodemaquinas.com.br\/novosite\/#\/schema\/logo\/image\/"}}]}},"_links":{"self":[{"href":"https:\/\/www.bhconsertodemaquinas.com.br\/novosite\/wp-json\/wp\/v2\/pages\/17096"}],"collection":[{"href":"https:\/\/www.bhconsertodemaquinas.com.br\/novosite\/wp-json\/wp\/v2\/pages"}],"about":[{"href":"https:\/\/www.bhconsertodemaquinas.com.br\/novosite\/wp-json\/wp\/v2\/types\/page"}],"author":[{"embeddable":true,"href":"https:\/\/www.bhconsertodemaquinas.com.br\/novosite\/wp-json\/wp\/v2\/users\/3"}],"replies":[{"embeddable":true,"href":"https:\/\/www.bhconsertodemaquinas.com.br\/novosite\/wp-json\/wp\/v2\/comments?post=17096"}],"version-history":[{"count":2,"href":"https:\/\/www.bhconsertodemaquinas.com.br\/novosite\/wp-json\/wp\/v2\/pages\/17096\/revisions"}],"predecessor-version":[{"id":17869,"href":"https:\/\/www.bhconsertodemaquinas.com.br\/novosite\/wp-json\/wp\/v2\/pages\/17096\/revisions\/17869"}],"wp:attachment":[{"href":"https:\/\/www.bhconsertodemaquinas.com.br\/novosite\/wp-json\/wp\/v2\/media?parent=17096"}],"curies":[{"name":"wp","href":"https:\/\/api.w.org\/{rel}","templated":true}]}}