{"id":17040,"date":"2017-10-27T09:26:52","date_gmt":"2017-10-27T12:26:52","guid":{"rendered":"http:\/\/www.bhbalancas.com.br\/?page_id=17040"},"modified":"2020-05-13T09:56:51","modified_gmt":"2020-05-13T12:56:51","slug":"assistencia-tecnica-de-cortador-de-frios-filizola","status":"publish","type":"page","link":"https:\/\/www.bhconsertodemaquinas.com.br\/novosite\/assistencia-tecnica-de-cortador-de-frios-filizola\/","title":{"rendered":"Assist\u00eancia T\u00e9cnica de Cortador de Frios Filizola"},"content":{"rendered":"<p>A BH Conserto de M\u00e1quinas est\u00e1 h\u00e1 muitos anos no mercado prestando \u00f3timos servi\u00e7os de <a href=\"https:\/\/www.google.com.br\/search?q=assistencia+tecnica+de+cortador+de+frios+filizola\" target=\"_blank\" rel=\"noopener\">Assist\u00eancia T\u00e9cnica de Cortador de Frios Filizola<\/a> e servi\u00e7os de manuten\u00e7\u00e3o e assist\u00eancia t\u00e9cnica em balan\u00e7as, maquin\u00e1rio de padaria, a\u00e7ougues, restaurantes, lanchonetes, cozinhas industriais, sempre com profissionais qualificados e experientes.<\/p>\n<p>O cortador de frios Filizola \u00e9 uma op\u00e7\u00e3o econ\u00f4mica para quem precisa de um cortador de frios robusto e de qualidade. Fabricado com uma L\u00e2mina de 300 mm de di\u00e2metro, capaz de cortar e fatiar as maiores pe\u00e7as de frios do mercado.<br \/>\nProjetado para trabalhar em uso cont\u00ednuo, o Fatiador de Frios Filizola possui um motor potente para suprir as necessidades de grandes padarias e supermercados. Agrade seus clientes com um corte fino e preciso de queijos e frios. Invista em um Cortador de Frios Filizola, o mais vendido do mercado.<br \/>\nO cortador de frios Filizolas possui v\u00e1rias pe\u00e7as como: l\u00e2mina inox, correias, rolamentos, afiador esmeril, etc. O acabamento \u00e9 feito com pintura automotiva, pe\u00e7as cromadas, com excelente custo benef\u00edcio.<\/p>\n<p>Vantagens:\u00a0Partes e pe\u00e7as em contato com os alimentos s\u00e3o constru\u00eddas em a\u00e7o inox, o que facilita a higieniza\u00e7\u00e3o do produto e o deslize das pe\u00e7as de frios.<\/p>\n<p>Precisando de Assist\u00eancia T\u00e9cnica de Cortador de Frios Filizola, fale com a BH Conserto de M\u00e1quinas!<\/p>\n<h1 style=\"text-align: center;\"><span style=\"color: #ff0000;\">Ligue: (31) 3224-2343<\/span><\/h1>\n<h3 style=\"text-align: center;\"><strong>Hor\u00e1rio de funcionamento: 2a a 6a-feira: 08:00 h \u00e0s 18:00 h.<\/strong><br \/>\n<strong> Atendemos Belo Horizonte e Regi\u00e3o Metropolitana.<br \/>\n<\/strong>Endere\u00e7o: <strong>Av. Artur Bernardes, 210 &#8211; Vila Paris &#8211; Belo Horizonte<\/strong><\/h3>\n<div align=\"justify\">\n<h4>OBS: <strong>Manuten\u00e7\u00e3o em balan\u00e7as comerciais e balan\u00e7as industriais, Balan\u00e7as mec\u00e2nicas e balan\u00e7as eletr\u00f4nicas. Somos registrados no IPEM\u2014MG<\/strong><\/h4>\n<\/div>\n<p><a href=\"https:\/\/www.bhconsertodemaquinas.com.br\/novosite\/wp-content\/uploads\/2017\/10\/bh-balancas-servicos.jpg\"><img loading=\"lazy\" decoding=\"async\" class=\"alignnone size-full wp-image-16615\" src=\"https:\/\/www.bhconsertodemaquinas.com.br\/novosite\/wp-content\/uploads\/2017\/10\/bh-balancas-servicos.jpg\" alt=\"Assist\u00eancia T\u00e9cnica de Cortador de Frios Filizola\" width=\"920\" height=\"355\" srcset=\"https:\/\/www.bhconsertodemaquinas.com.br\/novosite\/wp-content\/uploads\/2017\/10\/bh-balancas-servicos.jpg 920w, https:\/\/www.bhconsertodemaquinas.com.br\/novosite\/wp-content\/uploads\/2017\/10\/bh-balancas-servicos-620x239.jpg 620w, https:\/\/www.bhconsertodemaquinas.com.br\/novosite\/wp-content\/uploads\/2017\/10\/bh-balancas-servicos-768x296.jpg 768w\" sizes=\"(max-width: 920px) 100vw, 920px\" \/><\/a><\/p>\n","protected":false},"excerpt":{"rendered":"<p>A BH Conserto de M\u00e1quinas est\u00e1 h\u00e1 muitos anos no mercado prestando \u00f3timos servi\u00e7os de Assist\u00eancia T\u00e9cnica de Cortador de Frios Filizola e servi\u00e7os de manuten\u00e7\u00e3o e assist\u00eancia t\u00e9cnica em balan\u00e7as, maquin\u00e1rio de padaria, a\u00e7ougues, restaurantes, lanchonetes, cozinhas industriais, sempre<\/p>\n","protected":false},"author":3,"featured_media":0,"parent":0,"menu_order":0,"comment_status":"closed","ping_status":"closed","template":"","meta":{"footnotes":""},"yoast_head":"<!-- This site is optimized with the Yoast SEO plugin v22.5 - https:\/\/yoast.com\/wordpress\/plugins\/seo\/ -->\n<title>Assist\u00eancia T\u00e9cnica de Cortador de Frios Filizola<\/title>\n<meta name=\"description\" content=\"Assist\u00eancia T\u00e9cnica de Cortador de Frios Filizola de qualidade \u00e9 com a BH Conserto de M\u00e1quinas. Padarias, Restaurantes, Lanchonetes, Bares etc.\" \/>\n<meta name=\"robots\" content=\"index, follow, max-snippet:-1, max-image-preview:large, max-video-preview:-1\" \/>\n<link rel=\"canonical\" href=\"https:\/\/www.bhconsertodemaquinas.com.br\/novosite\/assistencia-tecnica-de-cortador-de-frios-filizola\/\" \/>\n<meta property=\"og:locale\" content=\"pt_BR\" \/>\n<meta property=\"og:type\" content=\"article\" \/>\n<meta property=\"og:title\" content=\"Assist\u00eancia T\u00e9cnica de Cortador de Frios Filizola\" \/>\n<meta property=\"og:description\" content=\"Assist\u00eancia T\u00e9cnica de Cortador de Frios Filizola de qualidade \u00e9 com a BH Conserto de M\u00e1quinas. Padarias, Restaurantes, Lanchonetes, Bares etc.\" \/>\n<meta property=\"og:url\" content=\"https:\/\/www.bhconsertodemaquinas.com.br\/novosite\/assistencia-tecnica-de-cortador-de-frios-filizola\/\" \/>\n<meta property=\"og:site_name\" content=\"BH Conserto de M\u00e1quinas\" \/>\n<meta property=\"article:modified_time\" content=\"2020-05-13T12:56:51+00:00\" \/>\n<meta property=\"og:image\" content=\"https:\/\/www.bhconsertodemaquinas.com.br\/novosite\/wp-content\/uploads\/2017\/10\/bh-balancas-servicos.jpg\" \/>\n<meta name=\"twitter:card\" content=\"summary_large_image\" \/>\n<meta name=\"twitter:label1\" content=\"Est. tempo de leitura\" \/>\n\t<meta name=\"twitter:data1\" content=\"1 minuto\" \/>\n<script type=\"application\/ld+json\" class=\"yoast-schema-graph\">{\"@context\":\"https:\/\/schema.org\",\"@graph\":[{\"@type\":\"WebPage\",\"@id\":\"https:\/\/www.bhconsertodemaquinas.com.br\/novosite\/assistencia-tecnica-de-cortador-de-frios-filizola\/\",\"url\":\"https:\/\/www.bhconsertodemaquinas.com.br\/novosite\/assistencia-tecnica-de-cortador-de-frios-filizola\/\",\"name\":\"Assist\u00eancia T\u00e9cnica de Cortador de Frios Filizola\",\"isPartOf\":{\"@id\":\"https:\/\/www.bhconsertodemaquinas.com.br\/novosite\/#website\"},\"primaryImageOfPage\":{\"@id\":\"https:\/\/www.bhconsertodemaquinas.com.br\/novosite\/assistencia-tecnica-de-cortador-de-frios-filizola\/#primaryimage\"},\"image\":{\"@id\":\"https:\/\/www.bhconsertodemaquinas.com.br\/novosite\/assistencia-tecnica-de-cortador-de-frios-filizola\/#primaryimage\"},\"thumbnailUrl\":\"https:\/\/www.bhconsertodemaquinas.com.br\/novosite\/wp-content\/uploads\/2017\/10\/bh-balancas-servicos.jpg\",\"datePublished\":\"2017-10-27T12:26:52+00:00\",\"dateModified\":\"2020-05-13T12:56:51+00:00\",\"description\":\"Assist\u00eancia T\u00e9cnica de Cortador de Frios Filizola de qualidade \u00e9 com a BH Conserto de M\u00e1quinas. Padarias, Restaurantes, Lanchonetes, Bares etc.\",\"breadcrumb\":{\"@id\":\"https:\/\/www.bhconsertodemaquinas.com.br\/novosite\/assistencia-tecnica-de-cortador-de-frios-filizola\/#breadcrumb\"},\"inLanguage\":\"pt-BR\",\"potentialAction\":[{\"@type\":\"ReadAction\",\"target\":[\"https:\/\/www.bhconsertodemaquinas.com.br\/novosite\/assistencia-tecnica-de-cortador-de-frios-filizola\/\"]}]},{\"@type\":\"ImageObject\",\"inLanguage\":\"pt-BR\",\"@id\":\"https:\/\/www.bhconsertodemaquinas.com.br\/novosite\/assistencia-tecnica-de-cortador-de-frios-filizola\/#primaryimage\",\"url\":\"https:\/\/www.bhconsertodemaquinas.com.br\/novosite\/wp-content\/uploads\/2017\/10\/bh-balancas-servicos.jpg\",\"contentUrl\":\"https:\/\/www.bhconsertodemaquinas.com.br\/novosite\/wp-content\/uploads\/2017\/10\/bh-balancas-servicos.jpg\",\"width\":920,\"height\":355,\"caption\":\"Assist\u00eancia T\u00e9cnica de Estufas de Salgado\"},{\"@type\":\"BreadcrumbList\",\"@id\":\"https:\/\/www.bhconsertodemaquinas.com.br\/novosite\/assistencia-tecnica-de-cortador-de-frios-filizola\/#breadcrumb\",\"itemListElement\":[{\"@type\":\"ListItem\",\"position\":1,\"name\":\"In\u00edcio\",\"item\":\"https:\/\/www.bhconsertodemaquinas.com.br\/novosite\/\"},{\"@type\":\"ListItem\",\"position\":2,\"name\":\"Assist\u00eancia T\u00e9cnica de Cortador de Frios Filizola\"}]},{\"@type\":\"WebSite\",\"@id\":\"https:\/\/www.bhconsertodemaquinas.com.br\/novosite\/#website\",\"url\":\"https:\/\/www.bhconsertodemaquinas.com.br\/novosite\/\",\"name\":\"BH Conserto de M\u00e1quinas\",\"description\":\"\",\"publisher\":{\"@id\":\"https:\/\/www.bhconsertodemaquinas.com.br\/novosite\/#organization\"},\"potentialAction\":[{\"@type\":\"SearchAction\",\"target\":{\"@type\":\"EntryPoint\",\"urlTemplate\":\"https:\/\/www.bhconsertodemaquinas.com.br\/novosite\/?s={search_term_string}\"},\"query-input\":\"required name=search_term_string\"}],\"inLanguage\":\"pt-BR\"},{\"@type\":\"Organization\",\"@id\":\"https:\/\/www.bhconsertodemaquinas.com.br\/novosite\/#organization\",\"name\":\"BH Conserto de M\u00e1quinas\",\"url\":\"https:\/\/www.bhconsertodemaquinas.com.br\/novosite\/\",\"logo\":{\"@type\":\"ImageObject\",\"inLanguage\":\"pt-BR\",\"@id\":\"https:\/\/www.bhconsertodemaquinas.com.br\/novosite\/#\/schema\/logo\/image\/\",\"url\":\"https:\/\/www.bhconsertodemaquinas.com.br\/novosite\/wp-content\/uploads\/2020\/06\/logo-bhconserto-de-maquinas-002.png\",\"contentUrl\":\"https:\/\/www.bhconsertodemaquinas.com.br\/novosite\/wp-content\/uploads\/2020\/06\/logo-bhconserto-de-maquinas-002.png\",\"width\":215,\"height\":108,\"caption\":\"BH Conserto de M\u00e1quinas\"},\"image\":{\"@id\":\"https:\/\/www.bhconsertodemaquinas.com.br\/novosite\/#\/schema\/logo\/image\/\"}}]}<\/script>\n<!-- \/ Yoast SEO plugin. -->","yoast_head_json":{"title":"Assist\u00eancia T\u00e9cnica de Cortador de Frios Filizola","description":"Assist\u00eancia T\u00e9cnica de Cortador de Frios Filizola de qualidade \u00e9 com a BH Conserto de M\u00e1quinas. Padarias, Restaurantes, Lanchonetes, Bares etc.","robots":{"index":"index","follow":"follow","max-snippet":"max-snippet:-1","max-image-preview":"max-image-preview:large","max-video-preview":"max-video-preview:-1"},"canonical":"https:\/\/www.bhconsertodemaquinas.com.br\/novosite\/assistencia-tecnica-de-cortador-de-frios-filizola\/","og_locale":"pt_BR","og_type":"article","og_title":"Assist\u00eancia T\u00e9cnica de Cortador de Frios Filizola","og_description":"Assist\u00eancia T\u00e9cnica de Cortador de Frios Filizola de qualidade \u00e9 com a BH Conserto de M\u00e1quinas. Padarias, Restaurantes, Lanchonetes, Bares etc.","og_url":"https:\/\/www.bhconsertodemaquinas.com.br\/novosite\/assistencia-tecnica-de-cortador-de-frios-filizola\/","og_site_name":"BH Conserto de M\u00e1quinas","article_modified_time":"2020-05-13T12:56:51+00:00","og_image":[{"url":"https:\/\/www.bhconsertodemaquinas.com.br\/novosite\/wp-content\/uploads\/2017\/10\/bh-balancas-servicos.jpg"}],"twitter_card":"summary_large_image","twitter_misc":{"Est. tempo de leitura":"1 minuto"},"schema":{"@context":"https:\/\/schema.org","@graph":[{"@type":"WebPage","@id":"https:\/\/www.bhconsertodemaquinas.com.br\/novosite\/assistencia-tecnica-de-cortador-de-frios-filizola\/","url":"https:\/\/www.bhconsertodemaquinas.com.br\/novosite\/assistencia-tecnica-de-cortador-de-frios-filizola\/","name":"Assist\u00eancia T\u00e9cnica de Cortador de Frios Filizola","isPartOf":{"@id":"https:\/\/www.bhconsertodemaquinas.com.br\/novosite\/#website"},"primaryImageOfPage":{"@id":"https:\/\/www.bhconsertodemaquinas.com.br\/novosite\/assistencia-tecnica-de-cortador-de-frios-filizola\/#primaryimage"},"image":{"@id":"https:\/\/www.bhconsertodemaquinas.com.br\/novosite\/assistencia-tecnica-de-cortador-de-frios-filizola\/#primaryimage"},"thumbnailUrl":"https:\/\/www.bhconsertodemaquinas.com.br\/novosite\/wp-content\/uploads\/2017\/10\/bh-balancas-servicos.jpg","datePublished":"2017-10-27T12:26:52+00:00","dateModified":"2020-05-13T12:56:51+00:00","description":"Assist\u00eancia T\u00e9cnica de Cortador de Frios Filizola de qualidade \u00e9 com a BH Conserto de M\u00e1quinas. Padarias, Restaurantes, Lanchonetes, Bares etc.","breadcrumb":{"@id":"https:\/\/www.bhconsertodemaquinas.com.br\/novosite\/assistencia-tecnica-de-cortador-de-frios-filizola\/#breadcrumb"},"inLanguage":"pt-BR","potentialAction":[{"@type":"ReadAction","target":["https:\/\/www.bhconsertodemaquinas.com.br\/novosite\/assistencia-tecnica-de-cortador-de-frios-filizola\/"]}]},{"@type":"ImageObject","inLanguage":"pt-BR","@id":"https:\/\/www.bhconsertodemaquinas.com.br\/novosite\/assistencia-tecnica-de-cortador-de-frios-filizola\/#primaryimage","url":"https:\/\/www.bhconsertodemaquinas.com.br\/novosite\/wp-content\/uploads\/2017\/10\/bh-balancas-servicos.jpg","contentUrl":"https:\/\/www.bhconsertodemaquinas.com.br\/novosite\/wp-content\/uploads\/2017\/10\/bh-balancas-servicos.jpg","width":920,"height":355,"caption":"Assist\u00eancia T\u00e9cnica de Estufas de Salgado"},{"@type":"BreadcrumbList","@id":"https:\/\/www.bhconsertodemaquinas.com.br\/novosite\/assistencia-tecnica-de-cortador-de-frios-filizola\/#breadcrumb","itemListElement":[{"@type":"ListItem","position":1,"name":"In\u00edcio","item":"https:\/\/www.bhconsertodemaquinas.com.br\/novosite\/"},{"@type":"ListItem","position":2,"name":"Assist\u00eancia T\u00e9cnica de Cortador de Frios Filizola"}]},{"@type":"WebSite","@id":"https:\/\/www.bhconsertodemaquinas.com.br\/novosite\/#website","url":"https:\/\/www.bhconsertodemaquinas.com.br\/novosite\/","name":"BH Conserto de M\u00e1quinas","description":"","publisher":{"@id":"https:\/\/www.bhconsertodemaquinas.com.br\/novosite\/#organization"},"potentialAction":[{"@type":"SearchAction","target":{"@type":"EntryPoint","urlTemplate":"https:\/\/www.bhconsertodemaquinas.com.br\/novosite\/?s={search_term_string}"},"query-input":"required name=search_term_string"}],"inLanguage":"pt-BR"},{"@type":"Organization","@id":"https:\/\/www.bhconsertodemaquinas.com.br\/novosite\/#organization","name":"BH Conserto de M\u00e1quinas","url":"https:\/\/www.bhconsertodemaquinas.com.br\/novosite\/","logo":{"@type":"ImageObject","inLanguage":"pt-BR","@id":"https:\/\/www.bhconsertodemaquinas.com.br\/novosite\/#\/schema\/logo\/image\/","url":"https:\/\/www.bhconsertodemaquinas.com.br\/novosite\/wp-content\/uploads\/2020\/06\/logo-bhconserto-de-maquinas-002.png","contentUrl":"https:\/\/www.bhconsertodemaquinas.com.br\/novosite\/wp-content\/uploads\/2020\/06\/logo-bhconserto-de-maquinas-002.png","width":215,"height":108,"caption":"BH Conserto de M\u00e1quinas"},"image":{"@id":"https:\/\/www.bhconsertodemaquinas.com.br\/novosite\/#\/schema\/logo\/image\/"}}]}},"_links":{"self":[{"href":"https:\/\/www.bhconsertodemaquinas.com.br\/novosite\/wp-json\/wp\/v2\/pages\/17040"}],"collection":[{"href":"https:\/\/www.bhconsertodemaquinas.com.br\/novosite\/wp-json\/wp\/v2\/pages"}],"about":[{"href":"https:\/\/www.bhconsertodemaquinas.com.br\/novosite\/wp-json\/wp\/v2\/types\/page"}],"author":[{"embeddable":true,"href":"https:\/\/www.bhconsertodemaquinas.com.br\/novosite\/wp-json\/wp\/v2\/users\/3"}],"replies":[{"embeddable":true,"href":"https:\/\/www.bhconsertodemaquinas.com.br\/novosite\/wp-json\/wp\/v2\/comments?post=17040"}],"version-history":[{"count":3,"href":"https:\/\/www.bhconsertodemaquinas.com.br\/novosite\/wp-json\/wp\/v2\/pages\/17040\/revisions"}],"predecessor-version":[{"id":17821,"href":"https:\/\/www.bhconsertodemaquinas.com.br\/novosite\/wp-json\/wp\/v2\/pages\/17040\/revisions\/17821"}],"wp:attachment":[{"href":"https:\/\/www.bhconsertodemaquinas.com.br\/novosite\/wp-json\/wp\/v2\/media?parent=17040"}],"curies":[{"name":"wp","href":"https:\/\/api.w.org\/{rel}","templated":true}]}}