{"id":16955,"date":"2017-10-24T08:29:45","date_gmt":"2017-10-24T11:29:45","guid":{"rendered":"http:\/\/www.bhbalancas.com.br\/?page_id=16955"},"modified":"2020-05-12T11:34:46","modified_gmt":"2020-05-12T14:34:46","slug":"assistencia-tecnica-balanca-gural","status":"publish","type":"page","link":"https:\/\/www.bhconsertodemaquinas.com.br\/novosite\/assistencia-tecnica-balanca-gural\/","title":{"rendered":"Assist\u00eancia T\u00e9cnica Balan\u00e7a Gural"},"content":{"rendered":"<p>Se voc\u00ea \u00e9 propriet\u00e1rio(a)\u00a0de um estabelecimento que possui balan\u00e7as do tipo mec\u00e2nica ou eletr\u00f4nica, pode vir a precisar de assist\u00eancia t\u00e9cnica, conserto ou manuten\u00e7\u00e3o preventiva para estes equipamentos.<\/p>\n<p>A BH Conserto de M\u00e1quinas est\u00e1 h\u00e1 muitos anos no mercado prestando \u00f3timos servi\u00e7os de <a href=\"https:\/\/www.google.com.br\/search?q=assistencia+tecnica+balan\u00e7a+gural\" target=\"_blank\" rel=\"noopener\">Assist\u00eancia T\u00e9cnica Balan\u00e7a Gural<\/a> mec\u00e2nica ou eletr\u00f4nica e servi\u00e7os de manuten\u00e7\u00e3o e assist\u00eancia t\u00e9cnica em balan\u00e7as em padaria, a\u00e7ougues, restaurantes, lanchonetes, cozinhas industriais, academias, laborat\u00f3rios, escolas, cl\u00ednicas etc, sempre com profissionais qualificados e experientes e com servi\u00e7os garantidos<\/p>\n<p class=\"font_8\">O grupo Gural iniciou suas atividades em Buenos Aires, Argentina, com a fabrica\u00e7\u00e3o de m\u00e1quinas destinadas a ind\u00fastria aliment\u00edcia.\u00a0Com 60 anos de atua\u00e7\u00e3o no ramo, considerada empresa l\u00edder, em maio de 1982\u00a0se instala no Brasil desenvolvendo novos produtos,\u00a0visando n\u00e3o s\u00f3 o mercado interno como sua introdu\u00e7\u00e3o e participa\u00e7\u00e3o em outros pa\u00edses. A constante moderniza\u00e7\u00e3o de sua ind\u00fastria\u00a0com a utiliza\u00e7\u00e3o de tecnologias avan\u00e7adas trouxe como resultado, lan\u00e7amentos de produtos de alta confiabilidade. Assim, hoje\u00a0representada por mais de 1.400 revendedores, a nossa empresa atua em todo o territ\u00f3rio nacional e mant\u00e9m satisfat\u00f3rias negocia\u00e7\u00f5es com v\u00e1rios pa\u00edses.<\/p>\n<p>A Gural: A empresa possui uma \u00e1rea de 14.000m2, dos quais 6.000m2 s\u00e3o ocupados por nossas instala\u00e7\u00f5es, subdivididas em setores de\u00a0Administra\u00e7\u00e3o, Produ\u00e7\u00e3o de M\u00e1quinas Eletromec\u00e2nicas, Departamento de Eletr\u00f4nica, Almoxarifado e Fundi\u00e7\u00e3o. Encontra-se localizada\u00a0em S\u00e3o Jos\u00e9 dos Pinhais &#8211; Estado do Paran\u00e1, na BR 376, principal rodovia de liga\u00e7\u00e3o entre os estados do Norte e Sul do Brasil, com os\u00a0pa\u00edses do Mercosul. Produzimos integralmente diversos modelos de serras para a\u00e7ougue, moedores de carne, cortadores de frios\u00a0autom\u00e1ticos e semi-autom\u00e1ticos em alum\u00ednio anodizado, balan\u00e7as eletr\u00f4nicas e impressoras t\u00e9rmicas de etiquetas. A implanta\u00e7\u00e3o de\u00a0m\u00e1quinas computadorizadas de \u00faltima gera\u00e7\u00e3o, hoje nos permite alcan\u00e7ar um alto \u00edndice de produtividade com perfei\u00e7\u00e3o e qualidade\u00a0a baixo custo.<\/p>\n<p>Assist\u00eancia T\u00e9cnica e Consertos de Balan\u00e7a das marcas\u00a0 <strong><span style=\"color: #ff0000;\">Filizola<\/span><\/strong>, <span style=\"color: #ff0000;\"><strong>Toledo<\/strong><\/span>, <span style=\"color: #ff0000;\"><strong>Urano<\/strong><\/span>, <span style=\"color: #ff0000;\"><strong>Welmy<\/strong><\/span>, <span style=\"color: #ff0000;\"><strong>Ramuza<\/strong><\/span>, <span style=\"color: #ff0000;\"><strong>CEF<\/strong><\/span>, <span style=\"color: #ff0000;\"><strong>UPX<\/strong><\/span>, <span style=\"color: #ff0000;\"><strong>Gural<\/strong><\/span>, <span style=\"color: #ff0000;\"><strong>Micheletti<\/strong><\/span>, <span style=\"color: #ff0000;\"><strong>Triunfo<\/strong><\/span>, <span style=\"color: #ff0000;\"><strong>Digipeso<\/strong><\/span>, <span style=\"color: #ff0000;\"><strong>Elgim<\/strong><\/span>, <span style=\"color: #ff0000;\"><strong>Magna<\/strong><\/span>, <span style=\"color: #ff0000;\"><strong>Belmaq<\/strong><\/span>. Esses equipamentos s\u00e3o usados constantemente e podem apresentar defeitos, necessitar de troca de pe\u00e7as ou precisar de ajustes. Conte com nossos servi\u00e7os especializados e qualificados para ter sua Balan\u00e7a Gural\u00a0 funcionando corretamente.<br \/>\nPrecisando de Assist\u00eancia T\u00e9cnica Balan\u00e7a Gural, fale com a BH Conserto de M\u00e1quinas!<\/p>\n<h1 style=\"text-align: center;\"><span style=\"color: #ff0000;\">Ligue: (31) 3224-2343<\/span><\/h1>\n<h3 style=\"text-align: center;\"><strong>Funcionamento: 2a a 6a-feira: 08:00 h \u00e0s 18:00 h.<\/strong><br \/>\n<strong> Atende Belo Horizonte e Regi\u00e3o Metropolitana.<br \/>\n<\/strong><strong>Av. Artur Bernardes, 210 &#8211; Vila Paris &#8211; Belo Horizonte<\/strong><\/h3>\n<div align=\"justify\">\n<h4><\/h4>\n<h4>OBS: Conserto de Balan\u00e7a Gural, <strong>Manuten\u00e7\u00e3o em balan\u00e7as comerciais e balan\u00e7as industriais, Balan\u00e7as mec\u00e2nicas e balan\u00e7as eletr\u00f4nicas. Somos registrados no IPEM\u2014MG<\/strong><\/h4>\n<\/div>\n<p><img loading=\"lazy\" decoding=\"async\" class=\"alignnone size-full wp-image-16974\" src=\"https:\/\/www.bhconsertodemaquinas.com.br\/novosite\/wp-content\/uploads\/2017\/10\/conserto-de-balancas-belmak.jpg\" alt=\"Assist\u00eancia T\u00e9cnica Balan\u00e7a Gural\" width=\"920\" height=\"355\" srcset=\"https:\/\/www.bhconsertodemaquinas.com.br\/novosite\/wp-content\/uploads\/2017\/10\/conserto-de-balancas-belmak.jpg 920w, https:\/\/www.bhconsertodemaquinas.com.br\/novosite\/wp-content\/uploads\/2017\/10\/conserto-de-balancas-belmak-620x239.jpg 620w, https:\/\/www.bhconsertodemaquinas.com.br\/novosite\/wp-content\/uploads\/2017\/10\/conserto-de-balancas-belmak-768x296.jpg 768w\" sizes=\"(max-width: 920px) 100vw, 920px\" \/><\/p>\n","protected":false},"excerpt":{"rendered":"<p>Se voc\u00ea \u00e9 propriet\u00e1rio(a)\u00a0de um estabelecimento que possui balan\u00e7as do tipo mec\u00e2nica ou eletr\u00f4nica, pode vir a precisar de assist\u00eancia t\u00e9cnica, conserto ou manuten\u00e7\u00e3o preventiva para estes equipamentos. A BH Conserto de M\u00e1quinas est\u00e1 h\u00e1 muitos anos no mercado prestando<\/p>\n","protected":false},"author":3,"featured_media":0,"parent":0,"menu_order":0,"comment_status":"closed","ping_status":"closed","template":"","meta":{"footnotes":""},"yoast_head":"<!-- This site is optimized with the Yoast SEO plugin v22.5 - https:\/\/yoast.com\/wordpress\/plugins\/seo\/ -->\n<title>Assist\u00eancia T\u00e9cnica Balan\u00e7a Gural \u00e9 com a Comercial Fiel<\/title>\n<meta name=\"description\" content=\"Assist\u00eancia T\u00e9cnica Balan\u00e7a Gural de qualidade \u00e9 Comercial Fiel. Padarias, Restaurantes, Academias, Cl\u00ednicas etc. Assist\u00eancia T\u00e9cnica Balan\u00e7a Gural.\" \/>\n<meta name=\"robots\" content=\"index, follow, max-snippet:-1, max-image-preview:large, max-video-preview:-1\" \/>\n<link rel=\"canonical\" href=\"https:\/\/www.bhconsertodemaquinas.com.br\/conserto-de-balanca-gural\" \/>\n<meta property=\"og:locale\" content=\"pt_BR\" \/>\n<meta property=\"og:type\" content=\"article\" \/>\n<meta property=\"og:title\" content=\"Assist\u00eancia T\u00e9cnica Balan\u00e7a Gural \u00e9 com a Comercial Fiel\" \/>\n<meta property=\"og:description\" content=\"Assist\u00eancia T\u00e9cnica Balan\u00e7a Gural de qualidade \u00e9 Comercial Fiel. Padarias, Restaurantes, Academias, Cl\u00ednicas etc. Assist\u00eancia T\u00e9cnica Balan\u00e7a Gural.\" \/>\n<meta property=\"og:url\" content=\"https:\/\/www.bhconsertodemaquinas.com.br\/conserto-de-balanca-gural\" \/>\n<meta property=\"og:site_name\" content=\"BH Conserto de M\u00e1quinas\" \/>\n<meta property=\"article:modified_time\" content=\"2020-05-12T14:34:46+00:00\" \/>\n<meta property=\"og:image\" content=\"https:\/\/www.bhconsertodemaquinas.com.br\/novosite\/wp-content\/uploads\/2017\/10\/conserto-de-balancas-belmak.jpg\" \/>\n<meta name=\"twitter:card\" content=\"summary_large_image\" \/>\n<meta name=\"twitter:label1\" content=\"Est. tempo de leitura\" \/>\n\t<meta name=\"twitter:data1\" content=\"2 minutos\" \/>\n<script type=\"application\/ld+json\" class=\"yoast-schema-graph\">{\"@context\":\"https:\/\/schema.org\",\"@graph\":[{\"@type\":\"WebPage\",\"@id\":\"https:\/\/www.bhconsertodemaquinas.com.br\/novosite\/assistencia-tecnica-balanca-gural\/\",\"url\":\"https:\/\/www.bhconsertodemaquinas.com.br\/conserto-de-balanca-gural\",\"name\":\"Assist\u00eancia T\u00e9cnica Balan\u00e7a Gural \u00e9 com a Comercial Fiel\",\"isPartOf\":{\"@id\":\"https:\/\/www.bhconsertodemaquinas.com.br\/novosite\/#website\"},\"primaryImageOfPage\":{\"@id\":\"https:\/\/www.bhconsertodemaquinas.com.br\/conserto-de-balanca-gural#primaryimage\"},\"image\":{\"@id\":\"https:\/\/www.bhconsertodemaquinas.com.br\/conserto-de-balanca-gural#primaryimage\"},\"thumbnailUrl\":\"https:\/\/www.bhconsertodemaquinas.com.br\/novosite\/wp-content\/uploads\/2017\/10\/conserto-de-balancas-belmak.jpg\",\"datePublished\":\"2017-10-24T11:29:45+00:00\",\"dateModified\":\"2020-05-12T14:34:46+00:00\",\"description\":\"Assist\u00eancia T\u00e9cnica Balan\u00e7a Gural de qualidade \u00e9 Comercial Fiel. Padarias, Restaurantes, Academias, Cl\u00ednicas etc. Assist\u00eancia T\u00e9cnica Balan\u00e7a Gural.\",\"breadcrumb\":{\"@id\":\"https:\/\/www.bhconsertodemaquinas.com.br\/conserto-de-balanca-gural#breadcrumb\"},\"inLanguage\":\"pt-BR\",\"potentialAction\":[{\"@type\":\"ReadAction\",\"target\":[\"https:\/\/www.bhconsertodemaquinas.com.br\/conserto-de-balanca-gural\"]}]},{\"@type\":\"ImageObject\",\"inLanguage\":\"pt-BR\",\"@id\":\"https:\/\/www.bhconsertodemaquinas.com.br\/conserto-de-balanca-gural#primaryimage\",\"url\":\"https:\/\/www.bhconsertodemaquinas.com.br\/novosite\/wp-content\/uploads\/2017\/10\/conserto-de-balancas-belmak.jpg\",\"contentUrl\":\"https:\/\/www.bhconsertodemaquinas.com.br\/novosite\/wp-content\/uploads\/2017\/10\/conserto-de-balancas-belmak.jpg\",\"width\":920,\"height\":355,\"caption\":\"Conserto de Balan\u00e7a Gural\"},{\"@type\":\"BreadcrumbList\",\"@id\":\"https:\/\/www.bhconsertodemaquinas.com.br\/conserto-de-balanca-gural#breadcrumb\",\"itemListElement\":[{\"@type\":\"ListItem\",\"position\":1,\"name\":\"In\u00edcio\",\"item\":\"https:\/\/www.bhconsertodemaquinas.com.br\/novosite\/\"},{\"@type\":\"ListItem\",\"position\":2,\"name\":\"Assist\u00eancia T\u00e9cnica Balan\u00e7a Gural\"}]},{\"@type\":\"WebSite\",\"@id\":\"https:\/\/www.bhconsertodemaquinas.com.br\/novosite\/#website\",\"url\":\"https:\/\/www.bhconsertodemaquinas.com.br\/novosite\/\",\"name\":\"BH Conserto de M\u00e1quinas\",\"description\":\"\",\"publisher\":{\"@id\":\"https:\/\/www.bhconsertodemaquinas.com.br\/novosite\/#organization\"},\"potentialAction\":[{\"@type\":\"SearchAction\",\"target\":{\"@type\":\"EntryPoint\",\"urlTemplate\":\"https:\/\/www.bhconsertodemaquinas.com.br\/novosite\/?s={search_term_string}\"},\"query-input\":\"required name=search_term_string\"}],\"inLanguage\":\"pt-BR\"},{\"@type\":\"Organization\",\"@id\":\"https:\/\/www.bhconsertodemaquinas.com.br\/novosite\/#organization\",\"name\":\"BH Conserto de M\u00e1quinas\",\"url\":\"https:\/\/www.bhconsertodemaquinas.com.br\/novosite\/\",\"logo\":{\"@type\":\"ImageObject\",\"inLanguage\":\"pt-BR\",\"@id\":\"https:\/\/www.bhconsertodemaquinas.com.br\/novosite\/#\/schema\/logo\/image\/\",\"url\":\"https:\/\/www.bhconsertodemaquinas.com.br\/novosite\/wp-content\/uploads\/2020\/06\/logo-bhconserto-de-maquinas-002.png\",\"contentUrl\":\"https:\/\/www.bhconsertodemaquinas.com.br\/novosite\/wp-content\/uploads\/2020\/06\/logo-bhconserto-de-maquinas-002.png\",\"width\":215,\"height\":108,\"caption\":\"BH Conserto de M\u00e1quinas\"},\"image\":{\"@id\":\"https:\/\/www.bhconsertodemaquinas.com.br\/novosite\/#\/schema\/logo\/image\/\"}}]}<\/script>\n<!-- \/ Yoast SEO plugin. -->","yoast_head_json":{"title":"Assist\u00eancia T\u00e9cnica Balan\u00e7a Gural \u00e9 com a Comercial Fiel","description":"Assist\u00eancia T\u00e9cnica Balan\u00e7a Gural de qualidade \u00e9 Comercial Fiel. Padarias, Restaurantes, Academias, Cl\u00ednicas etc. Assist\u00eancia T\u00e9cnica Balan\u00e7a Gural.","robots":{"index":"index","follow":"follow","max-snippet":"max-snippet:-1","max-image-preview":"max-image-preview:large","max-video-preview":"max-video-preview:-1"},"canonical":"https:\/\/www.bhconsertodemaquinas.com.br\/conserto-de-balanca-gural","og_locale":"pt_BR","og_type":"article","og_title":"Assist\u00eancia T\u00e9cnica Balan\u00e7a Gural \u00e9 com a Comercial Fiel","og_description":"Assist\u00eancia T\u00e9cnica Balan\u00e7a Gural de qualidade \u00e9 Comercial Fiel. Padarias, Restaurantes, Academias, Cl\u00ednicas etc. Assist\u00eancia T\u00e9cnica Balan\u00e7a Gural.","og_url":"https:\/\/www.bhconsertodemaquinas.com.br\/conserto-de-balanca-gural","og_site_name":"BH Conserto de M\u00e1quinas","article_modified_time":"2020-05-12T14:34:46+00:00","og_image":[{"url":"https:\/\/www.bhconsertodemaquinas.com.br\/novosite\/wp-content\/uploads\/2017\/10\/conserto-de-balancas-belmak.jpg"}],"twitter_card":"summary_large_image","twitter_misc":{"Est. tempo de leitura":"2 minutos"},"schema":{"@context":"https:\/\/schema.org","@graph":[{"@type":"WebPage","@id":"https:\/\/www.bhconsertodemaquinas.com.br\/novosite\/assistencia-tecnica-balanca-gural\/","url":"https:\/\/www.bhconsertodemaquinas.com.br\/conserto-de-balanca-gural","name":"Assist\u00eancia T\u00e9cnica Balan\u00e7a Gural \u00e9 com a Comercial Fiel","isPartOf":{"@id":"https:\/\/www.bhconsertodemaquinas.com.br\/novosite\/#website"},"primaryImageOfPage":{"@id":"https:\/\/www.bhconsertodemaquinas.com.br\/conserto-de-balanca-gural#primaryimage"},"image":{"@id":"https:\/\/www.bhconsertodemaquinas.com.br\/conserto-de-balanca-gural#primaryimage"},"thumbnailUrl":"https:\/\/www.bhconsertodemaquinas.com.br\/novosite\/wp-content\/uploads\/2017\/10\/conserto-de-balancas-belmak.jpg","datePublished":"2017-10-24T11:29:45+00:00","dateModified":"2020-05-12T14:34:46+00:00","description":"Assist\u00eancia T\u00e9cnica Balan\u00e7a Gural de qualidade \u00e9 Comercial Fiel. Padarias, Restaurantes, Academias, Cl\u00ednicas etc. Assist\u00eancia T\u00e9cnica Balan\u00e7a Gural.","breadcrumb":{"@id":"https:\/\/www.bhconsertodemaquinas.com.br\/conserto-de-balanca-gural#breadcrumb"},"inLanguage":"pt-BR","potentialAction":[{"@type":"ReadAction","target":["https:\/\/www.bhconsertodemaquinas.com.br\/conserto-de-balanca-gural"]}]},{"@type":"ImageObject","inLanguage":"pt-BR","@id":"https:\/\/www.bhconsertodemaquinas.com.br\/conserto-de-balanca-gural#primaryimage","url":"https:\/\/www.bhconsertodemaquinas.com.br\/novosite\/wp-content\/uploads\/2017\/10\/conserto-de-balancas-belmak.jpg","contentUrl":"https:\/\/www.bhconsertodemaquinas.com.br\/novosite\/wp-content\/uploads\/2017\/10\/conserto-de-balancas-belmak.jpg","width":920,"height":355,"caption":"Conserto de Balan\u00e7a Gural"},{"@type":"BreadcrumbList","@id":"https:\/\/www.bhconsertodemaquinas.com.br\/conserto-de-balanca-gural#breadcrumb","itemListElement":[{"@type":"ListItem","position":1,"name":"In\u00edcio","item":"https:\/\/www.bhconsertodemaquinas.com.br\/novosite\/"},{"@type":"ListItem","position":2,"name":"Assist\u00eancia T\u00e9cnica Balan\u00e7a Gural"}]},{"@type":"WebSite","@id":"https:\/\/www.bhconsertodemaquinas.com.br\/novosite\/#website","url":"https:\/\/www.bhconsertodemaquinas.com.br\/novosite\/","name":"BH Conserto de M\u00e1quinas","description":"","publisher":{"@id":"https:\/\/www.bhconsertodemaquinas.com.br\/novosite\/#organization"},"potentialAction":[{"@type":"SearchAction","target":{"@type":"EntryPoint","urlTemplate":"https:\/\/www.bhconsertodemaquinas.com.br\/novosite\/?s={search_term_string}"},"query-input":"required name=search_term_string"}],"inLanguage":"pt-BR"},{"@type":"Organization","@id":"https:\/\/www.bhconsertodemaquinas.com.br\/novosite\/#organization","name":"BH Conserto de M\u00e1quinas","url":"https:\/\/www.bhconsertodemaquinas.com.br\/novosite\/","logo":{"@type":"ImageObject","inLanguage":"pt-BR","@id":"https:\/\/www.bhconsertodemaquinas.com.br\/novosite\/#\/schema\/logo\/image\/","url":"https:\/\/www.bhconsertodemaquinas.com.br\/novosite\/wp-content\/uploads\/2020\/06\/logo-bhconserto-de-maquinas-002.png","contentUrl":"https:\/\/www.bhconsertodemaquinas.com.br\/novosite\/wp-content\/uploads\/2020\/06\/logo-bhconserto-de-maquinas-002.png","width":215,"height":108,"caption":"BH Conserto de M\u00e1quinas"},"image":{"@id":"https:\/\/www.bhconsertodemaquinas.com.br\/novosite\/#\/schema\/logo\/image\/"}}]}},"_links":{"self":[{"href":"https:\/\/www.bhconsertodemaquinas.com.br\/novosite\/wp-json\/wp\/v2\/pages\/16955"}],"collection":[{"href":"https:\/\/www.bhconsertodemaquinas.com.br\/novosite\/wp-json\/wp\/v2\/pages"}],"about":[{"href":"https:\/\/www.bhconsertodemaquinas.com.br\/novosite\/wp-json\/wp\/v2\/types\/page"}],"author":[{"embeddable":true,"href":"https:\/\/www.bhconsertodemaquinas.com.br\/novosite\/wp-json\/wp\/v2\/users\/3"}],"replies":[{"embeddable":true,"href":"https:\/\/www.bhconsertodemaquinas.com.br\/novosite\/wp-json\/wp\/v2\/comments?post=16955"}],"version-history":[{"count":2,"href":"https:\/\/www.bhconsertodemaquinas.com.br\/novosite\/wp-json\/wp\/v2\/pages\/16955\/revisions"}],"predecessor-version":[{"id":17772,"href":"https:\/\/www.bhconsertodemaquinas.com.br\/novosite\/wp-json\/wp\/v2\/pages\/16955\/revisions\/17772"}],"wp:attachment":[{"href":"https:\/\/www.bhconsertodemaquinas.com.br\/novosite\/wp-json\/wp\/v2\/media?parent=16955"}],"curies":[{"name":"wp","href":"https:\/\/api.w.org\/{rel}","templated":true}]}}