{"id":16942,"date":"2017-10-24T08:16:25","date_gmt":"2017-10-24T11:16:25","guid":{"rendered":"http:\/\/www.bhbalancas.com.br\/?page_id=16942"},"modified":"2020-05-12T11:24:05","modified_gmt":"2020-05-12T14:24:05","slug":"assistencia-tecnica-balanca-cef","status":"publish","type":"page","link":"https:\/\/www.bhconsertodemaquinas.com.br\/novosite\/assistencia-tecnica-balanca-cef\/","title":{"rendered":"Assist\u00eancia T\u00e9cnica Balan\u00e7a C&#038;F"},"content":{"rendered":"<p>Se voc\u00ea \u00e9 propriet\u00e1rio(a)\u00a0de um estabelecimento que possui balan\u00e7as do tipo mec\u00e2nica ou eletr\u00f4nica, pode vir a precisar de assist\u00eancia t\u00e9cnica, conserto ou manuten\u00e7\u00e3o preventiva para estes equipamentos.<\/p>\n<p>A BH Conserto de M\u00e1quinas est\u00e1 h\u00e1 v\u00e1rios anos no mercado prestando \u00f3timos servi\u00e7os de <a href=\"https:\/\/www.google.com.br\/search?q=assistencia+tecnica+balan\u00e7a+cef\" target=\"_blank\" rel=\"noopener\">Assist\u00eancia T\u00e9cnica Balan\u00e7a C&amp;F<\/a> mec\u00e2nica ou eletr\u00f4nica e servi\u00e7os de manuten\u00e7\u00e3o e assist\u00eancia t\u00e9cnica em balan\u00e7as em padaria, a\u00e7ougues, restaurantes, lanchonetes, cozinhas industriais, academias, laborat\u00f3rios, escolas, cl\u00ednicas etc, sempre com profissionais qualificados e experientes e com servi\u00e7os garantidos.<\/p>\n<p>Os modelos de balan\u00e7as desenvolvidas pela C&amp;F re\u00fanem o que h\u00e1 de mais atual em tecnologia de balan\u00e7as eletr\u00f4nicas. Este desenvolvimento e um rigoroso controle de qualidade em sua fabrica\u00e7\u00e3o lhe oferece maior confiabilidade de funcionamento e precis\u00e3o.<\/p>\n<p>Assist\u00eancia T\u00e9cnica e Consertos de Balan\u00e7a das marcas\u00a0 <strong><span style=\"color: #ff0000;\">Filizola<\/span><\/strong>, <span style=\"color: #ff0000;\"><strong>Toledo<\/strong><\/span>, <span style=\"color: #ff0000;\"><strong>Urano<\/strong><\/span>, <span style=\"color: #ff0000;\"><strong>Welmy<\/strong><\/span>, <span style=\"color: #ff0000;\"><strong>Ramuza<\/strong><\/span>, <span style=\"color: #ff0000;\"><strong>CEF<\/strong><\/span>, <span style=\"color: #ff0000;\"><strong>UPX<\/strong><\/span>, <span style=\"color: #ff0000;\"><strong>Gural<\/strong><\/span>, <span style=\"color: #ff0000;\"><strong>Micheletti<\/strong><\/span>, <span style=\"color: #ff0000;\"><strong>Triunfo<\/strong><\/span>, <span style=\"color: #ff0000;\"><strong>Digipeso<\/strong><\/span>, <span style=\"color: #ff0000;\"><strong>Elgim<\/strong><\/span>, <span style=\"color: #ff0000;\"><strong>Magna<\/strong><\/span>, <span style=\"color: #ff0000;\"><strong>Belmaq<\/strong><\/span>. Esses equipamentos s\u00e3o usados constantemente e podem apresentar defeitos, necessitar de troca de pe\u00e7as ou precisar de ajustes. Conte com nossos servi\u00e7os especializados e qualificados para ter sua Balan\u00e7a C&amp;F funcionando corretamente.<br \/>\nPrecisando de Assist\u00eancia T\u00e9cnica Balan\u00e7a C&amp;F, fale com a BH Conserto de M\u00e1quinas!<\/p>\n<h1 style=\"text-align: center;\"><span style=\"color: #ff0000;\">Ligue: (31) 3224-2343<\/span><\/h1>\n<h3 style=\"text-align: center;\"><strong>Funcionamento: 2a a 6a-feira: 08:00 h \u00e0s 18:00 h.<\/strong><br \/>\n<strong> Atende Belo Horizonte e Regi\u00e3o Metropolitana.<br \/>\n<\/strong>E<strong>Av. Artur Bernardes, 210 &#8211; Vila Paris &#8211; Belo Horizonte<\/strong><\/h3>\n<div align=\"justify\">\n<h4>OBS: Assist\u00eancia T\u00e9cnica Balan\u00e7a C&amp;F, <strong>Manuten\u00e7\u00e3o em balan\u00e7as comerciais e balan\u00e7as industriais, Balan\u00e7as mec\u00e2nicas e balan\u00e7as eletr\u00f4nicas. Somos registrados no IPEM\u2014MG<\/strong><\/h4>\n<\/div>\n<p><a href=\"https:\/\/www.bhconsertodemaquinas.com.br\/novosite\/wp-content\/uploads\/2017\/10\/conserto-de-balancas-cef.jpg\"><img loading=\"lazy\" decoding=\"async\" class=\"aligncenter size-full wp-image-16943\" src=\"https:\/\/www.bhconsertodemaquinas.com.br\/novosite\/wp-content\/uploads\/2017\/10\/conserto-de-balancas-cef.jpg\" alt=\"Assist\u00eancia T\u00e9cnica Balan\u00e7a C&amp;F\" width=\"920\" height=\"355\" srcset=\"https:\/\/www.bhconsertodemaquinas.com.br\/novosite\/wp-content\/uploads\/2017\/10\/conserto-de-balancas-cef.jpg 920w, https:\/\/www.bhconsertodemaquinas.com.br\/novosite\/wp-content\/uploads\/2017\/10\/conserto-de-balancas-cef-620x239.jpg 620w, https:\/\/www.bhconsertodemaquinas.com.br\/novosite\/wp-content\/uploads\/2017\/10\/conserto-de-balancas-cef-768x296.jpg 768w\" sizes=\"(max-width: 920px) 100vw, 920px\" \/><\/a><\/p>\n","protected":false},"excerpt":{"rendered":"<p>Se voc\u00ea \u00e9 propriet\u00e1rio(a)\u00a0de um estabelecimento que possui balan\u00e7as do tipo mec\u00e2nica ou eletr\u00f4nica, pode vir a precisar de assist\u00eancia t\u00e9cnica, conserto ou manuten\u00e7\u00e3o preventiva para estes equipamentos. A BH Conserto de M\u00e1quinas est\u00e1 h\u00e1 v\u00e1rios anos no mercado prestando<\/p>\n","protected":false},"author":3,"featured_media":0,"parent":0,"menu_order":0,"comment_status":"closed","ping_status":"closed","template":"","meta":{"footnotes":""},"yoast_head":"<!-- This site is optimized with the Yoast SEO plugin v22.5 - https:\/\/yoast.com\/wordpress\/plugins\/seo\/ -->\n<title>Assist\u00eancia T\u00e9cnica Balan\u00e7a C&amp;F \u00e9 com a Comercial Fiel<\/title>\n<meta name=\"description\" content=\"Assist\u00eancia T\u00e9cnica Balan\u00e7a C&amp;F de qualidade \u00e9 Comercial Fiel. Padarias, Restaurantes, Academias, Cl\u00ednicas etc. Confian\u00e7a em Conserto de Balan\u00e7a C&amp;F.\" \/>\n<meta name=\"robots\" content=\"index, follow, max-snippet:-1, max-image-preview:large, max-video-preview:-1\" \/>\n<link rel=\"canonical\" href=\"https:\/\/www.bhconsertodemaquinas.com.br\/conserto-de-balanca-cef\" \/>\n<meta property=\"og:locale\" content=\"pt_BR\" \/>\n<meta property=\"og:type\" content=\"article\" \/>\n<meta property=\"og:title\" content=\"Assist\u00eancia T\u00e9cnica Balan\u00e7a C&amp;F \u00e9 com a Comercial Fiel\" \/>\n<meta property=\"og:description\" content=\"Assist\u00eancia T\u00e9cnica Balan\u00e7a C&amp;F de qualidade \u00e9 Comercial Fiel. Padarias, Restaurantes, Academias, Cl\u00ednicas etc. Confian\u00e7a em Conserto de Balan\u00e7a C&amp;F.\" \/>\n<meta property=\"og:url\" content=\"https:\/\/www.bhconsertodemaquinas.com.br\/conserto-de-balanca-cef\" \/>\n<meta property=\"og:site_name\" content=\"BH Conserto de M\u00e1quinas\" \/>\n<meta property=\"article:modified_time\" content=\"2020-05-12T14:24:05+00:00\" \/>\n<meta property=\"og:image\" content=\"https:\/\/www.bhconsertodemaquinas.com.br\/novosite\/wp-content\/uploads\/2017\/10\/conserto-de-balancas-cef.jpg\" \/>\n<meta name=\"twitter:card\" content=\"summary_large_image\" \/>\n<meta name=\"twitter:label1\" content=\"Est. tempo de leitura\" \/>\n\t<meta name=\"twitter:data1\" content=\"1 minuto\" \/>\n<script type=\"application\/ld+json\" class=\"yoast-schema-graph\">{\"@context\":\"https:\/\/schema.org\",\"@graph\":[{\"@type\":\"WebPage\",\"@id\":\"https:\/\/www.bhconsertodemaquinas.com.br\/novosite\/assistencia-tecnica-balanca-cef\/\",\"url\":\"https:\/\/www.bhconsertodemaquinas.com.br\/conserto-de-balanca-cef\",\"name\":\"Assist\u00eancia T\u00e9cnica Balan\u00e7a C&F \u00e9 com a Comercial Fiel\",\"isPartOf\":{\"@id\":\"https:\/\/www.bhconsertodemaquinas.com.br\/novosite\/#website\"},\"primaryImageOfPage\":{\"@id\":\"https:\/\/www.bhconsertodemaquinas.com.br\/conserto-de-balanca-cef#primaryimage\"},\"image\":{\"@id\":\"https:\/\/www.bhconsertodemaquinas.com.br\/conserto-de-balanca-cef#primaryimage\"},\"thumbnailUrl\":\"https:\/\/www.bhconsertodemaquinas.com.br\/novosite\/wp-content\/uploads\/2017\/10\/conserto-de-balancas-cef.jpg\",\"datePublished\":\"2017-10-24T11:16:25+00:00\",\"dateModified\":\"2020-05-12T14:24:05+00:00\",\"description\":\"Assist\u00eancia T\u00e9cnica Balan\u00e7a C&F de qualidade \u00e9 Comercial Fiel. Padarias, Restaurantes, Academias, Cl\u00ednicas etc. Confian\u00e7a em Conserto de Balan\u00e7a C&F.\",\"breadcrumb\":{\"@id\":\"https:\/\/www.bhconsertodemaquinas.com.br\/conserto-de-balanca-cef#breadcrumb\"},\"inLanguage\":\"pt-BR\",\"potentialAction\":[{\"@type\":\"ReadAction\",\"target\":[\"https:\/\/www.bhconsertodemaquinas.com.br\/conserto-de-balanca-cef\"]}]},{\"@type\":\"ImageObject\",\"inLanguage\":\"pt-BR\",\"@id\":\"https:\/\/www.bhconsertodemaquinas.com.br\/conserto-de-balanca-cef#primaryimage\",\"url\":\"https:\/\/www.bhconsertodemaquinas.com.br\/novosite\/wp-content\/uploads\/2017\/10\/conserto-de-balancas-cef.jpg\",\"contentUrl\":\"https:\/\/www.bhconsertodemaquinas.com.br\/novosite\/wp-content\/uploads\/2017\/10\/conserto-de-balancas-cef.jpg\",\"width\":920,\"height\":355,\"caption\":\"Conserto de Balan\u00e7a CeF\"},{\"@type\":\"BreadcrumbList\",\"@id\":\"https:\/\/www.bhconsertodemaquinas.com.br\/conserto-de-balanca-cef#breadcrumb\",\"itemListElement\":[{\"@type\":\"ListItem\",\"position\":1,\"name\":\"In\u00edcio\",\"item\":\"https:\/\/www.bhconsertodemaquinas.com.br\/novosite\/\"},{\"@type\":\"ListItem\",\"position\":2,\"name\":\"Assist\u00eancia T\u00e9cnica Balan\u00e7a C&#038;F\"}]},{\"@type\":\"WebSite\",\"@id\":\"https:\/\/www.bhconsertodemaquinas.com.br\/novosite\/#website\",\"url\":\"https:\/\/www.bhconsertodemaquinas.com.br\/novosite\/\",\"name\":\"BH Conserto de M\u00e1quinas\",\"description\":\"\",\"publisher\":{\"@id\":\"https:\/\/www.bhconsertodemaquinas.com.br\/novosite\/#organization\"},\"potentialAction\":[{\"@type\":\"SearchAction\",\"target\":{\"@type\":\"EntryPoint\",\"urlTemplate\":\"https:\/\/www.bhconsertodemaquinas.com.br\/novosite\/?s={search_term_string}\"},\"query-input\":\"required name=search_term_string\"}],\"inLanguage\":\"pt-BR\"},{\"@type\":\"Organization\",\"@id\":\"https:\/\/www.bhconsertodemaquinas.com.br\/novosite\/#organization\",\"name\":\"BH Conserto de M\u00e1quinas\",\"url\":\"https:\/\/www.bhconsertodemaquinas.com.br\/novosite\/\",\"logo\":{\"@type\":\"ImageObject\",\"inLanguage\":\"pt-BR\",\"@id\":\"https:\/\/www.bhconsertodemaquinas.com.br\/novosite\/#\/schema\/logo\/image\/\",\"url\":\"https:\/\/www.bhconsertodemaquinas.com.br\/novosite\/wp-content\/uploads\/2020\/06\/logo-bhconserto-de-maquinas-002.png\",\"contentUrl\":\"https:\/\/www.bhconsertodemaquinas.com.br\/novosite\/wp-content\/uploads\/2020\/06\/logo-bhconserto-de-maquinas-002.png\",\"width\":215,\"height\":108,\"caption\":\"BH Conserto de M\u00e1quinas\"},\"image\":{\"@id\":\"https:\/\/www.bhconsertodemaquinas.com.br\/novosite\/#\/schema\/logo\/image\/\"}}]}<\/script>\n<!-- \/ Yoast SEO plugin. -->","yoast_head_json":{"title":"Assist\u00eancia T\u00e9cnica Balan\u00e7a C&F \u00e9 com a Comercial Fiel","description":"Assist\u00eancia T\u00e9cnica Balan\u00e7a C&F de qualidade \u00e9 Comercial Fiel. Padarias, Restaurantes, Academias, Cl\u00ednicas etc. Confian\u00e7a em Conserto de Balan\u00e7a C&F.","robots":{"index":"index","follow":"follow","max-snippet":"max-snippet:-1","max-image-preview":"max-image-preview:large","max-video-preview":"max-video-preview:-1"},"canonical":"https:\/\/www.bhconsertodemaquinas.com.br\/conserto-de-balanca-cef","og_locale":"pt_BR","og_type":"article","og_title":"Assist\u00eancia T\u00e9cnica Balan\u00e7a C&F \u00e9 com a Comercial Fiel","og_description":"Assist\u00eancia T\u00e9cnica Balan\u00e7a C&F de qualidade \u00e9 Comercial Fiel. Padarias, Restaurantes, Academias, Cl\u00ednicas etc. Confian\u00e7a em Conserto de Balan\u00e7a C&F.","og_url":"https:\/\/www.bhconsertodemaquinas.com.br\/conserto-de-balanca-cef","og_site_name":"BH Conserto de M\u00e1quinas","article_modified_time":"2020-05-12T14:24:05+00:00","og_image":[{"url":"https:\/\/www.bhconsertodemaquinas.com.br\/novosite\/wp-content\/uploads\/2017\/10\/conserto-de-balancas-cef.jpg"}],"twitter_card":"summary_large_image","twitter_misc":{"Est. tempo de leitura":"1 minuto"},"schema":{"@context":"https:\/\/schema.org","@graph":[{"@type":"WebPage","@id":"https:\/\/www.bhconsertodemaquinas.com.br\/novosite\/assistencia-tecnica-balanca-cef\/","url":"https:\/\/www.bhconsertodemaquinas.com.br\/conserto-de-balanca-cef","name":"Assist\u00eancia T\u00e9cnica Balan\u00e7a C&F \u00e9 com a Comercial Fiel","isPartOf":{"@id":"https:\/\/www.bhconsertodemaquinas.com.br\/novosite\/#website"},"primaryImageOfPage":{"@id":"https:\/\/www.bhconsertodemaquinas.com.br\/conserto-de-balanca-cef#primaryimage"},"image":{"@id":"https:\/\/www.bhconsertodemaquinas.com.br\/conserto-de-balanca-cef#primaryimage"},"thumbnailUrl":"https:\/\/www.bhconsertodemaquinas.com.br\/novosite\/wp-content\/uploads\/2017\/10\/conserto-de-balancas-cef.jpg","datePublished":"2017-10-24T11:16:25+00:00","dateModified":"2020-05-12T14:24:05+00:00","description":"Assist\u00eancia T\u00e9cnica Balan\u00e7a C&F de qualidade \u00e9 Comercial Fiel. Padarias, Restaurantes, Academias, Cl\u00ednicas etc. Confian\u00e7a em Conserto de Balan\u00e7a C&F.","breadcrumb":{"@id":"https:\/\/www.bhconsertodemaquinas.com.br\/conserto-de-balanca-cef#breadcrumb"},"inLanguage":"pt-BR","potentialAction":[{"@type":"ReadAction","target":["https:\/\/www.bhconsertodemaquinas.com.br\/conserto-de-balanca-cef"]}]},{"@type":"ImageObject","inLanguage":"pt-BR","@id":"https:\/\/www.bhconsertodemaquinas.com.br\/conserto-de-balanca-cef#primaryimage","url":"https:\/\/www.bhconsertodemaquinas.com.br\/novosite\/wp-content\/uploads\/2017\/10\/conserto-de-balancas-cef.jpg","contentUrl":"https:\/\/www.bhconsertodemaquinas.com.br\/novosite\/wp-content\/uploads\/2017\/10\/conserto-de-balancas-cef.jpg","width":920,"height":355,"caption":"Conserto de Balan\u00e7a CeF"},{"@type":"BreadcrumbList","@id":"https:\/\/www.bhconsertodemaquinas.com.br\/conserto-de-balanca-cef#breadcrumb","itemListElement":[{"@type":"ListItem","position":1,"name":"In\u00edcio","item":"https:\/\/www.bhconsertodemaquinas.com.br\/novosite\/"},{"@type":"ListItem","position":2,"name":"Assist\u00eancia T\u00e9cnica Balan\u00e7a C&#038;F"}]},{"@type":"WebSite","@id":"https:\/\/www.bhconsertodemaquinas.com.br\/novosite\/#website","url":"https:\/\/www.bhconsertodemaquinas.com.br\/novosite\/","name":"BH Conserto de M\u00e1quinas","description":"","publisher":{"@id":"https:\/\/www.bhconsertodemaquinas.com.br\/novosite\/#organization"},"potentialAction":[{"@type":"SearchAction","target":{"@type":"EntryPoint","urlTemplate":"https:\/\/www.bhconsertodemaquinas.com.br\/novosite\/?s={search_term_string}"},"query-input":"required name=search_term_string"}],"inLanguage":"pt-BR"},{"@type":"Organization","@id":"https:\/\/www.bhconsertodemaquinas.com.br\/novosite\/#organization","name":"BH Conserto de M\u00e1quinas","url":"https:\/\/www.bhconsertodemaquinas.com.br\/novosite\/","logo":{"@type":"ImageObject","inLanguage":"pt-BR","@id":"https:\/\/www.bhconsertodemaquinas.com.br\/novosite\/#\/schema\/logo\/image\/","url":"https:\/\/www.bhconsertodemaquinas.com.br\/novosite\/wp-content\/uploads\/2020\/06\/logo-bhconserto-de-maquinas-002.png","contentUrl":"https:\/\/www.bhconsertodemaquinas.com.br\/novosite\/wp-content\/uploads\/2020\/06\/logo-bhconserto-de-maquinas-002.png","width":215,"height":108,"caption":"BH Conserto de M\u00e1quinas"},"image":{"@id":"https:\/\/www.bhconsertodemaquinas.com.br\/novosite\/#\/schema\/logo\/image\/"}}]}},"_links":{"self":[{"href":"https:\/\/www.bhconsertodemaquinas.com.br\/novosite\/wp-json\/wp\/v2\/pages\/16942"}],"collection":[{"href":"https:\/\/www.bhconsertodemaquinas.com.br\/novosite\/wp-json\/wp\/v2\/pages"}],"about":[{"href":"https:\/\/www.bhconsertodemaquinas.com.br\/novosite\/wp-json\/wp\/v2\/types\/page"}],"author":[{"embeddable":true,"href":"https:\/\/www.bhconsertodemaquinas.com.br\/novosite\/wp-json\/wp\/v2\/users\/3"}],"replies":[{"embeddable":true,"href":"https:\/\/www.bhconsertodemaquinas.com.br\/novosite\/wp-json\/wp\/v2\/comments?post=16942"}],"version-history":[{"count":3,"href":"https:\/\/www.bhconsertodemaquinas.com.br\/novosite\/wp-json\/wp\/v2\/pages\/16942\/revisions"}],"predecessor-version":[{"id":17764,"href":"https:\/\/www.bhconsertodemaquinas.com.br\/novosite\/wp-json\/wp\/v2\/pages\/16942\/revisions\/17764"}],"wp:attachment":[{"href":"https:\/\/www.bhconsertodemaquinas.com.br\/novosite\/wp-json\/wp\/v2\/media?parent=16942"}],"curies":[{"name":"wp","href":"https:\/\/api.w.org\/{rel}","templated":true}]}}