{"id":16884,"date":"2017-10-18T13:49:05","date_gmt":"2017-10-18T16:49:05","guid":{"rendered":"http:\/\/www.bhbalancas.com.br\/?page_id=16884"},"modified":"2020-05-12T17:08:25","modified_gmt":"2020-05-12T20:08:25","slug":"assistencia-tecnica-de-batedor-de-milk-shake","status":"publish","type":"page","link":"https:\/\/www.bhconsertodemaquinas.com.br\/novosite\/assistencia-tecnica-de-batedor-de-milk-shake\/","title":{"rendered":"Assist\u00eancia T\u00e9cnica de Batedor de Milk Shake"},"content":{"rendered":"<p>A BH Conserto de M\u00e1quinas est\u00e1 h\u00e1 muitos no mercado prestando \u00f3timos servi\u00e7os de <a href=\"https:\/\/www.google.com.br\/search?q=assistencia+tecnica+de+batedor+de+milk+shake\" target=\"_blank\" rel=\"noopener\">Assist\u00eancia T\u00e9cnica de Batedor de Milk Shake <\/a> e servi\u00e7os de manuten\u00e7\u00e3o e assist\u00eancia t\u00e9cnica em balan\u00e7as, maquin\u00e1rio de padaria, a\u00e7ougues, restaurantes, lanchonetes, cozinhas industriais, sempre com profissionais qualificados e experientes.<\/p>\n<p>Quem tem neg\u00f3cio pr\u00f3prio como sorveterias, lanchonetes, quiosques, padarias pode ganhar dinheiro vendendo milk shake com o batedor de milk shake com dimmer. Este batedor \u00e9 ideal para massa de sorvete leve, mais conhecida como massa de sorvete italianinha. Estes equipamentos tamb\u00e9m podem ser adquirido por quem busca um batedor de milk shake profissional para uso residencial. Com o mixer de sorvetes, voc\u00ea poder\u00e1 fazer por hora aproximadamente 120 deliciosos milk shakes com massas de sorvete expresso, ou seja, sorvete soft e sorvete italiano.<\/p>\n<p>Se voc\u00ea quiser trabalhar com massas mais pesadas, \u00e9 necess\u00e1rio manter a temperatura do sorvete de pote no freezer a aproximadamente 7\u00baC para que a massa fique sempre mole. Com a colher, pegue a massa do sorvete de bola em raspas, assim, ela misturar\u00e1 com o leite colocado no copo e ficar\u00e1 mais leve para fazer o milk shake.<br \/>\nA batedeira de milk shake \u00e9 produzida em a\u00e7o inox e a haste em alum\u00ednio, esses materiais aumentam a durabilidade do equipamento e o deixam ainda mais bonito. Vem equipada com cooler de ventila\u00e7\u00e3o para manter o motor frio e possui suporte para fixar o mixer em uma m\u00e1quina de sorvete ou em uma parede.<br \/>\n\u00c9 muito f\u00e1cil e pr\u00e1tico trabalhar com o batedor de milk shake, pois ele vem com controlador de velocidade pelo dimmer \u2013 um bot\u00e3o que gira e aumenta ou diminui o controle de velocidade gradativamente.<br \/>\nO milk shake \u00e9 uma excelente op\u00e7\u00e3o para aqueles que querem caminhar pelo parque ou shopping, mas tamb\u00e9m \u00e9 uma excelente escolha para quem n\u00e3o abre m\u00e3o dessa deliciosa bebida gelada na correria do dia a dia.<br \/>\nTenha um equipamento de qualidade em sua sorveteria ou lanchonete. Com um batedor de milk shake, voc\u00ea pode aumentar a renda de seu pr\u00f3prio neg\u00f3cio sem precisar dispor de um alto investimento.<\/p>\n<p>Precisando de Assist\u00eancia T\u00e9cnica de Batedor de Milk Shake, fale com a BH Conserto de M\u00e1quinas!<\/p>\n<h1 style=\"text-align: center;\"><span style=\"color: #ff0000;\">Ligue: (31) 3224-2343<\/span><\/h1>\n<h3 style=\"text-align: center;\"><strong>Hor\u00e1rio de funcionamento: 2a a 6a-feira: 08:00 h \u00e0s 18:00 h.<\/strong><br \/>\n<strong> Atendemos Belo Horizonte e Regi\u00e3o Metropolitana.<br \/>\n<\/strong>Endere\u00e7o: <strong>Av. Artur Bernardes, 210 &#8211; Vila Paris &#8211; Belo Horizonte<\/strong><\/h3>\n<div align=\"justify\">\n<h4>OBS: <strong>Manuten\u00e7\u00e3o em balan\u00e7as comerciais e balan\u00e7as industriais, Balan\u00e7as mec\u00e2nicas e balan\u00e7as eletr\u00f4nicas. Somos registrados no IPEM\u2014MG<\/strong><\/h4>\n<\/div>\n<p><a href=\"https:\/\/www.bhconsertodemaquinas.com.br\/novosite\/wp-content\/uploads\/2017\/10\/bh-balancas-servicos.jpg\"><img loading=\"lazy\" decoding=\"async\" class=\"alignnone size-full wp-image-16615\" src=\"https:\/\/www.bhconsertodemaquinas.com.br\/novosite\/wp-content\/uploads\/2017\/10\/bh-balancas-servicos.jpg\" alt=\"Assist\u00eancia T\u00e9cnica de Batedor de Milk Shake\" width=\"920\" height=\"355\" srcset=\"https:\/\/www.bhconsertodemaquinas.com.br\/novosite\/wp-content\/uploads\/2017\/10\/bh-balancas-servicos.jpg 920w, https:\/\/www.bhconsertodemaquinas.com.br\/novosite\/wp-content\/uploads\/2017\/10\/bh-balancas-servicos-620x239.jpg 620w, https:\/\/www.bhconsertodemaquinas.com.br\/novosite\/wp-content\/uploads\/2017\/10\/bh-balancas-servicos-768x296.jpg 768w\" sizes=\"(max-width: 920px) 100vw, 920px\" \/><\/a><\/p>\n","protected":false},"excerpt":{"rendered":"<p>A BH Conserto de M\u00e1quinas est\u00e1 h\u00e1 muitos no mercado prestando \u00f3timos servi\u00e7os de Assist\u00eancia T\u00e9cnica de Batedor de Milk Shake e servi\u00e7os de manuten\u00e7\u00e3o e assist\u00eancia t\u00e9cnica em balan\u00e7as, maquin\u00e1rio de padaria, a\u00e7ougues, restaurantes, lanchonetes, cozinhas industriais, sempre com<\/p>\n","protected":false},"author":3,"featured_media":0,"parent":0,"menu_order":0,"comment_status":"closed","ping_status":"closed","template":"","meta":{"footnotes":""},"yoast_head":"<!-- This site is optimized with the Yoast SEO plugin v22.5 - https:\/\/yoast.com\/wordpress\/plugins\/seo\/ -->\n<title>Assist\u00eancia T\u00e9cnica de Batedor de Milk Shake<\/title>\n<meta name=\"description\" content=\"Assist\u00eancia T\u00e9cnica de Batedor de Milk Shake \u00e9 com a BH Conserto de M\u00e1quinas. Padarias, Restaurantes, Lanchonetes, Bares etc. Confian\u00e7a e Qualidade.\" \/>\n<meta name=\"robots\" content=\"index, follow, max-snippet:-1, max-image-preview:large, max-video-preview:-1\" \/>\n<link rel=\"canonical\" href=\"https:\/\/www.bhconsertodemaquinas.com.br\/novosite\/assistencia-tecnica-de-batedor-de-milk-shake\/\" \/>\n<meta property=\"og:locale\" content=\"pt_BR\" \/>\n<meta property=\"og:type\" content=\"article\" \/>\n<meta property=\"og:title\" content=\"Assist\u00eancia T\u00e9cnica de Batedor de Milk Shake\" \/>\n<meta property=\"og:description\" content=\"Assist\u00eancia T\u00e9cnica de Batedor de Milk Shake \u00e9 com a BH Conserto de M\u00e1quinas. Padarias, Restaurantes, Lanchonetes, Bares etc. Confian\u00e7a e Qualidade.\" \/>\n<meta property=\"og:url\" content=\"https:\/\/www.bhconsertodemaquinas.com.br\/novosite\/assistencia-tecnica-de-batedor-de-milk-shake\/\" \/>\n<meta property=\"og:site_name\" content=\"BH Conserto de M\u00e1quinas\" \/>\n<meta property=\"article:modified_time\" content=\"2020-05-12T20:08:25+00:00\" \/>\n<meta property=\"og:image\" content=\"https:\/\/www.bhconsertodemaquinas.com.br\/novosite\/wp-content\/uploads\/2017\/10\/bh-balancas-servicos.jpg\" \/>\n<meta name=\"twitter:card\" content=\"summary_large_image\" \/>\n<meta name=\"twitter:label1\" content=\"Est. tempo de leitura\" \/>\n\t<meta name=\"twitter:data1\" content=\"2 minutos\" \/>\n<script type=\"application\/ld+json\" class=\"yoast-schema-graph\">{\"@context\":\"https:\/\/schema.org\",\"@graph\":[{\"@type\":\"WebPage\",\"@id\":\"https:\/\/www.bhconsertodemaquinas.com.br\/novosite\/assistencia-tecnica-de-batedor-de-milk-shake\/\",\"url\":\"https:\/\/www.bhconsertodemaquinas.com.br\/novosite\/assistencia-tecnica-de-batedor-de-milk-shake\/\",\"name\":\"Assist\u00eancia T\u00e9cnica de Batedor de Milk Shake\",\"isPartOf\":{\"@id\":\"https:\/\/www.bhconsertodemaquinas.com.br\/novosite\/#website\"},\"primaryImageOfPage\":{\"@id\":\"https:\/\/www.bhconsertodemaquinas.com.br\/novosite\/assistencia-tecnica-de-batedor-de-milk-shake\/#primaryimage\"},\"image\":{\"@id\":\"https:\/\/www.bhconsertodemaquinas.com.br\/novosite\/assistencia-tecnica-de-batedor-de-milk-shake\/#primaryimage\"},\"thumbnailUrl\":\"https:\/\/www.bhconsertodemaquinas.com.br\/novosite\/wp-content\/uploads\/2017\/10\/bh-balancas-servicos.jpg\",\"datePublished\":\"2017-10-18T16:49:05+00:00\",\"dateModified\":\"2020-05-12T20:08:25+00:00\",\"description\":\"Assist\u00eancia T\u00e9cnica de Batedor de Milk Shake \u00e9 com a BH Conserto de M\u00e1quinas. Padarias, Restaurantes, Lanchonetes, Bares etc. Confian\u00e7a e Qualidade.\",\"breadcrumb\":{\"@id\":\"https:\/\/www.bhconsertodemaquinas.com.br\/novosite\/assistencia-tecnica-de-batedor-de-milk-shake\/#breadcrumb\"},\"inLanguage\":\"pt-BR\",\"potentialAction\":[{\"@type\":\"ReadAction\",\"target\":[\"https:\/\/www.bhconsertodemaquinas.com.br\/novosite\/assistencia-tecnica-de-batedor-de-milk-shake\/\"]}]},{\"@type\":\"ImageObject\",\"inLanguage\":\"pt-BR\",\"@id\":\"https:\/\/www.bhconsertodemaquinas.com.br\/novosite\/assistencia-tecnica-de-batedor-de-milk-shake\/#primaryimage\",\"url\":\"https:\/\/www.bhconsertodemaquinas.com.br\/novosite\/wp-content\/uploads\/2017\/10\/bh-balancas-servicos.jpg\",\"contentUrl\":\"https:\/\/www.bhconsertodemaquinas.com.br\/novosite\/wp-content\/uploads\/2017\/10\/bh-balancas-servicos.jpg\",\"width\":920,\"height\":355,\"caption\":\"Assist\u00eancia T\u00e9cnica de Estufas de Salgado\"},{\"@type\":\"BreadcrumbList\",\"@id\":\"https:\/\/www.bhconsertodemaquinas.com.br\/novosite\/assistencia-tecnica-de-batedor-de-milk-shake\/#breadcrumb\",\"itemListElement\":[{\"@type\":\"ListItem\",\"position\":1,\"name\":\"In\u00edcio\",\"item\":\"https:\/\/www.bhconsertodemaquinas.com.br\/novosite\/\"},{\"@type\":\"ListItem\",\"position\":2,\"name\":\"Assist\u00eancia T\u00e9cnica de Batedor de Milk Shake\"}]},{\"@type\":\"WebSite\",\"@id\":\"https:\/\/www.bhconsertodemaquinas.com.br\/novosite\/#website\",\"url\":\"https:\/\/www.bhconsertodemaquinas.com.br\/novosite\/\",\"name\":\"BH Conserto de M\u00e1quinas\",\"description\":\"\",\"publisher\":{\"@id\":\"https:\/\/www.bhconsertodemaquinas.com.br\/novosite\/#organization\"},\"potentialAction\":[{\"@type\":\"SearchAction\",\"target\":{\"@type\":\"EntryPoint\",\"urlTemplate\":\"https:\/\/www.bhconsertodemaquinas.com.br\/novosite\/?s={search_term_string}\"},\"query-input\":\"required name=search_term_string\"}],\"inLanguage\":\"pt-BR\"},{\"@type\":\"Organization\",\"@id\":\"https:\/\/www.bhconsertodemaquinas.com.br\/novosite\/#organization\",\"name\":\"BH Conserto de M\u00e1quinas\",\"url\":\"https:\/\/www.bhconsertodemaquinas.com.br\/novosite\/\",\"logo\":{\"@type\":\"ImageObject\",\"inLanguage\":\"pt-BR\",\"@id\":\"https:\/\/www.bhconsertodemaquinas.com.br\/novosite\/#\/schema\/logo\/image\/\",\"url\":\"https:\/\/www.bhconsertodemaquinas.com.br\/novosite\/wp-content\/uploads\/2020\/06\/logo-bhconserto-de-maquinas-002.png\",\"contentUrl\":\"https:\/\/www.bhconsertodemaquinas.com.br\/novosite\/wp-content\/uploads\/2020\/06\/logo-bhconserto-de-maquinas-002.png\",\"width\":215,\"height\":108,\"caption\":\"BH Conserto de M\u00e1quinas\"},\"image\":{\"@id\":\"https:\/\/www.bhconsertodemaquinas.com.br\/novosite\/#\/schema\/logo\/image\/\"}}]}<\/script>\n<!-- \/ Yoast SEO plugin. -->","yoast_head_json":{"title":"Assist\u00eancia T\u00e9cnica de Batedor de Milk Shake","description":"Assist\u00eancia T\u00e9cnica de Batedor de Milk Shake \u00e9 com a BH Conserto de M\u00e1quinas. Padarias, Restaurantes, Lanchonetes, Bares etc. Confian\u00e7a e Qualidade.","robots":{"index":"index","follow":"follow","max-snippet":"max-snippet:-1","max-image-preview":"max-image-preview:large","max-video-preview":"max-video-preview:-1"},"canonical":"https:\/\/www.bhconsertodemaquinas.com.br\/novosite\/assistencia-tecnica-de-batedor-de-milk-shake\/","og_locale":"pt_BR","og_type":"article","og_title":"Assist\u00eancia T\u00e9cnica de Batedor de Milk Shake","og_description":"Assist\u00eancia T\u00e9cnica de Batedor de Milk Shake \u00e9 com a BH Conserto de M\u00e1quinas. Padarias, Restaurantes, Lanchonetes, Bares etc. Confian\u00e7a e Qualidade.","og_url":"https:\/\/www.bhconsertodemaquinas.com.br\/novosite\/assistencia-tecnica-de-batedor-de-milk-shake\/","og_site_name":"BH Conserto de M\u00e1quinas","article_modified_time":"2020-05-12T20:08:25+00:00","og_image":[{"url":"https:\/\/www.bhconsertodemaquinas.com.br\/novosite\/wp-content\/uploads\/2017\/10\/bh-balancas-servicos.jpg"}],"twitter_card":"summary_large_image","twitter_misc":{"Est. tempo de leitura":"2 minutos"},"schema":{"@context":"https:\/\/schema.org","@graph":[{"@type":"WebPage","@id":"https:\/\/www.bhconsertodemaquinas.com.br\/novosite\/assistencia-tecnica-de-batedor-de-milk-shake\/","url":"https:\/\/www.bhconsertodemaquinas.com.br\/novosite\/assistencia-tecnica-de-batedor-de-milk-shake\/","name":"Assist\u00eancia T\u00e9cnica de Batedor de Milk Shake","isPartOf":{"@id":"https:\/\/www.bhconsertodemaquinas.com.br\/novosite\/#website"},"primaryImageOfPage":{"@id":"https:\/\/www.bhconsertodemaquinas.com.br\/novosite\/assistencia-tecnica-de-batedor-de-milk-shake\/#primaryimage"},"image":{"@id":"https:\/\/www.bhconsertodemaquinas.com.br\/novosite\/assistencia-tecnica-de-batedor-de-milk-shake\/#primaryimage"},"thumbnailUrl":"https:\/\/www.bhconsertodemaquinas.com.br\/novosite\/wp-content\/uploads\/2017\/10\/bh-balancas-servicos.jpg","datePublished":"2017-10-18T16:49:05+00:00","dateModified":"2020-05-12T20:08:25+00:00","description":"Assist\u00eancia T\u00e9cnica de Batedor de Milk Shake \u00e9 com a BH Conserto de M\u00e1quinas. Padarias, Restaurantes, Lanchonetes, Bares etc. Confian\u00e7a e Qualidade.","breadcrumb":{"@id":"https:\/\/www.bhconsertodemaquinas.com.br\/novosite\/assistencia-tecnica-de-batedor-de-milk-shake\/#breadcrumb"},"inLanguage":"pt-BR","potentialAction":[{"@type":"ReadAction","target":["https:\/\/www.bhconsertodemaquinas.com.br\/novosite\/assistencia-tecnica-de-batedor-de-milk-shake\/"]}]},{"@type":"ImageObject","inLanguage":"pt-BR","@id":"https:\/\/www.bhconsertodemaquinas.com.br\/novosite\/assistencia-tecnica-de-batedor-de-milk-shake\/#primaryimage","url":"https:\/\/www.bhconsertodemaquinas.com.br\/novosite\/wp-content\/uploads\/2017\/10\/bh-balancas-servicos.jpg","contentUrl":"https:\/\/www.bhconsertodemaquinas.com.br\/novosite\/wp-content\/uploads\/2017\/10\/bh-balancas-servicos.jpg","width":920,"height":355,"caption":"Assist\u00eancia T\u00e9cnica de Estufas de Salgado"},{"@type":"BreadcrumbList","@id":"https:\/\/www.bhconsertodemaquinas.com.br\/novosite\/assistencia-tecnica-de-batedor-de-milk-shake\/#breadcrumb","itemListElement":[{"@type":"ListItem","position":1,"name":"In\u00edcio","item":"https:\/\/www.bhconsertodemaquinas.com.br\/novosite\/"},{"@type":"ListItem","position":2,"name":"Assist\u00eancia T\u00e9cnica de Batedor de Milk Shake"}]},{"@type":"WebSite","@id":"https:\/\/www.bhconsertodemaquinas.com.br\/novosite\/#website","url":"https:\/\/www.bhconsertodemaquinas.com.br\/novosite\/","name":"BH Conserto de M\u00e1quinas","description":"","publisher":{"@id":"https:\/\/www.bhconsertodemaquinas.com.br\/novosite\/#organization"},"potentialAction":[{"@type":"SearchAction","target":{"@type":"EntryPoint","urlTemplate":"https:\/\/www.bhconsertodemaquinas.com.br\/novosite\/?s={search_term_string}"},"query-input":"required name=search_term_string"}],"inLanguage":"pt-BR"},{"@type":"Organization","@id":"https:\/\/www.bhconsertodemaquinas.com.br\/novosite\/#organization","name":"BH Conserto de M\u00e1quinas","url":"https:\/\/www.bhconsertodemaquinas.com.br\/novosite\/","logo":{"@type":"ImageObject","inLanguage":"pt-BR","@id":"https:\/\/www.bhconsertodemaquinas.com.br\/novosite\/#\/schema\/logo\/image\/","url":"https:\/\/www.bhconsertodemaquinas.com.br\/novosite\/wp-content\/uploads\/2020\/06\/logo-bhconserto-de-maquinas-002.png","contentUrl":"https:\/\/www.bhconsertodemaquinas.com.br\/novosite\/wp-content\/uploads\/2020\/06\/logo-bhconserto-de-maquinas-002.png","width":215,"height":108,"caption":"BH Conserto de M\u00e1quinas"},"image":{"@id":"https:\/\/www.bhconsertodemaquinas.com.br\/novosite\/#\/schema\/logo\/image\/"}}]}},"_links":{"self":[{"href":"https:\/\/www.bhconsertodemaquinas.com.br\/novosite\/wp-json\/wp\/v2\/pages\/16884"}],"collection":[{"href":"https:\/\/www.bhconsertodemaquinas.com.br\/novosite\/wp-json\/wp\/v2\/pages"}],"about":[{"href":"https:\/\/www.bhconsertodemaquinas.com.br\/novosite\/wp-json\/wp\/v2\/types\/page"}],"author":[{"embeddable":true,"href":"https:\/\/www.bhconsertodemaquinas.com.br\/novosite\/wp-json\/wp\/v2\/users\/3"}],"replies":[{"embeddable":true,"href":"https:\/\/www.bhconsertodemaquinas.com.br\/novosite\/wp-json\/wp\/v2\/comments?post=16884"}],"version-history":[{"count":2,"href":"https:\/\/www.bhconsertodemaquinas.com.br\/novosite\/wp-json\/wp\/v2\/pages\/16884\/revisions"}],"predecessor-version":[{"id":17879,"href":"https:\/\/www.bhconsertodemaquinas.com.br\/novosite\/wp-json\/wp\/v2\/pages\/16884\/revisions\/17879"}],"wp:attachment":[{"href":"https:\/\/www.bhconsertodemaquinas.com.br\/novosite\/wp-json\/wp\/v2\/media?parent=16884"}],"curies":[{"name":"wp","href":"https:\/\/api.w.org\/{rel}","templated":true}]}}