{"id":16873,"date":"2017-10-18T13:11:52","date_gmt":"2017-10-18T16:11:52","guid":{"rendered":"http:\/\/www.bhbalancas.com.br\/?page_id=16873"},"modified":"2020-05-12T10:48:41","modified_gmt":"2020-05-12T13:48:41","slug":"consertos-de-balanca","status":"publish","type":"page","link":"https:\/\/www.bhconsertodemaquinas.com.br\/novosite\/","title":{"rendered":"BH Consertos de M\u00e1quinas"},"content":{"rendered":"<p>Bem vindos ao nosso site! Se voc\u00ea \u00e9 propriet\u00e1rio (a)\u00a0 de um estabelecimento comercial, seguramente possui m\u00e1quinas que executam diversos tipos de servi\u00e7os\/trabalhos no dia-a-dia das suas atividades e pode precisar de Assist\u00eancia T\u00e9cnica, Manuten\u00e7\u00e3o ou Consertos de M\u00e1quinas.<\/p>\n<p>Assist\u00eancia T\u00e9cnica, Consertos e Manuten\u00e7\u00e3o de M\u00e1quinas das marcas\u00a0 <strong><span style=\"color: #ff0000;\">Filizola<\/span><\/strong>, <span style=\"color: #ff0000;\"><strong>Toledo<\/strong><\/span>, <span style=\"color: #ff0000;\"><strong>Urano<\/strong><\/span>, <span style=\"color: #ff0000;\"><strong>Welmy<\/strong><\/span>, <span style=\"color: #ff0000;\"><strong>Ramuza<\/strong><\/span>, <span style=\"color: #ff0000;\"><strong>CEF<\/strong><\/span>, <span style=\"color: #ff0000;\"><strong>UPX<\/strong><\/span>, <span style=\"color: #ff0000;\"><strong>Gural<\/strong><\/span>, <span style=\"color: #ff0000;\"><strong>Micheletti<\/strong><\/span>, <span style=\"color: #ff0000;\"><strong>Triunfo<\/strong><\/span>, <span style=\"color: #ff0000;\"><strong>Digipeso<\/strong><\/span>, <span style=\"color: #ff0000;\"><strong>Elgim<\/strong><\/span>, <span style=\"color: #ff0000;\"><strong>Magna<\/strong><\/span>, <span style=\"color: #ff0000;\"><strong>Belmaq<\/strong><\/span>. Equipamentos como esses s\u00e3o usados constantemente e podem apresentar defeitos, necessitar de troca de pe\u00e7as ou precisar de ajustes. Os servi\u00e7os da BH Conserto de M\u00e1quinas s\u00e3o especializados e qualificados para deixar suas m\u00e1quinas funcionando corretamente.<br \/>\nAo precisar de Assist\u00eancia T\u00e9cnica, Consertos ou Manuten\u00e7\u00e3o de M\u00e1quinas, fale com a BH Conserto de M\u00e1quinas e fique tranquilo!<\/p>\n<h1 style=\"text-align: center;\"><span style=\"color: #ff0000;\">Ligue: (31) 3224-2343<\/span><\/h1>\n<h3 style=\"text-align: center;\"><strong>Funcionamento: 2a a 6a-feira: 08:00 h \u00e0s 18:00 h.<\/strong><br \/>\n<strong> Atende Belo Horizonte e Regi\u00e3o Metropolitana.<\/strong><br \/>\n<strong>Endere\u00e7o: Av. Artur Bernardes, 210 &#8211; Vila Paris &#8211; Belo Horizonte<\/strong><\/h3>\n<div align=\"justify\">\n<p>A manuten\u00e7\u00e3o e consertos de m\u00e1quinas e equipamentos para cozinhas, lanchonetes, bares, restaurantes e com\u00e9rcio em geral \u00e9 uma parte muito importante no dia a dia das empresas\/estabelecimentos que utilizam tais m\u00e1quinas, pois garante a confian\u00e7a e seguran\u00e7a dos equipamentos, melhorando a qualidade e reduzindo os custos de produ\u00e7\u00e3o, evitando atrasos e desperd\u00edcios.<br \/>\nTodo equipamento precisa de manuten\u00e7\u00e3o, seja preventiva ou corretiva, pois \u00e9 preciso garantir o correto funcionamento de cada m\u00e1quina e \u00e9 essencial que a manuten\u00e7\u00e3o seja confi\u00e1vel.<br \/>\nConte com a BH Conserto de M\u00e1quinas para ter seu equipamento funcionando como esperado. Somos registrados no INMETRO\/IPEM-MG e os servi\u00e7os s\u00e3o confi\u00e1veis e garantidos.<br \/>\nPode-se dizer que as m\u00e1quinas n\u00e3o somente d\u00e3o sinais mas avisam, se forem sensorizadas, quando v\u00e3o falhar. Quando um equipamento falha, o certo \u00e9 que gera gastos com pe\u00e7as de reposi\u00e7\u00e3o, m\u00e3o de obra e, por vezes paradas de produ\u00e7\u00e3o. M\u00e1quinas podem falhar por diversos motivos que, em algumas situa\u00e7\u00f5es, podem ser mais dif\u00edceis de detectar. O desgaste de componentes \u00e9 de longe a maior causa da indisponibilidade de m\u00e1quinas e equipamentos.<\/p>\n<p>Com a correria das atividades do trabalho \u00e9 melhor recorrer a uma empresa \u00e1gil e qualificada como a BH <a href=\"https:\/\/www.google.com.br\/search?q=Consertos+de+Maquinas\" target=\"_blank\" rel=\"noopener\">Consertos de M\u00e1quinas<\/a>. Ligue-nos agora mesmo e fique tranquilo!<\/p>\n<p><strong>Manuten\u00e7\u00e3o em balan\u00e7as comerciais e balan\u00e7as industriais, Balan\u00e7as mec\u00e2nicas e balan\u00e7as eletr\u00f4nicas.<br \/>\nSomos registrados no IPEM\u2014MG<\/strong><\/p>\n<\/div>\n","protected":false},"excerpt":{"rendered":"<p>Bem vindos ao nosso site! Se voc\u00ea \u00e9 propriet\u00e1rio (a)\u00a0 de um estabelecimento comercial, seguramente possui m\u00e1quinas que executam diversos tipos de servi\u00e7os\/trabalhos no dia-a-dia das suas atividades e pode precisar de Assist\u00eancia T\u00e9cnica, Manuten\u00e7\u00e3o ou Consertos de M\u00e1quinas. Assist\u00eancia<\/p>\n","protected":false},"author":3,"featured_media":0,"parent":0,"menu_order":0,"comment_status":"closed","ping_status":"closed","template":"","meta":{"footnotes":""},"yoast_head":"<!-- This site is optimized with the Yoast SEO plugin v22.5 - https:\/\/yoast.com\/wordpress\/plugins\/seo\/ -->\n<title>Consertos de M\u00e1quinas Ligue: (31) 3224-2343 Comercial Fiel<\/title>\n<meta name=\"description\" content=\"BH Consertos de M\u00e1quinas para ter seu equipamento funcionando como esperado. Somos registrados no INMETRO\/IPEM-MG e os servi\u00e7os s\u00e3o confi\u00e1veis e garantidos.\" \/>\n<meta name=\"robots\" content=\"index, follow, max-snippet:-1, max-image-preview:large, max-video-preview:-1\" \/>\n<link rel=\"canonical\" href=\"https:\/\/www.bhconsertodemaquinas.com.br\" \/>\n<meta property=\"og:locale\" content=\"pt_BR\" \/>\n<meta property=\"og:type\" content=\"article\" \/>\n<meta property=\"og:title\" content=\"Consertos de M\u00e1quinas Ligue: (31) 3224-2343 Comercial Fiel\" \/>\n<meta property=\"og:description\" content=\"BH Consertos de M\u00e1quinas para ter seu equipamento funcionando como esperado. Somos registrados no INMETRO\/IPEM-MG e os servi\u00e7os s\u00e3o confi\u00e1veis e garantidos.\" \/>\n<meta property=\"og:url\" content=\"https:\/\/www.bhconsertodemaquinas.com.br\" \/>\n<meta property=\"og:site_name\" content=\"BH Conserto de M\u00e1quinas\" \/>\n<meta property=\"article:modified_time\" content=\"2020-05-12T13:48:41+00:00\" \/>\n<meta name=\"twitter:card\" content=\"summary_large_image\" \/>\n<meta name=\"twitter:label1\" content=\"Est. tempo de leitura\" \/>\n\t<meta name=\"twitter:data1\" content=\"2 minutos\" \/>\n<script type=\"application\/ld+json\" class=\"yoast-schema-graph\">{\"@context\":\"https:\/\/schema.org\",\"@graph\":[{\"@type\":\"WebPage\",\"@id\":\"https:\/\/www.bhconsertodemaquinas.com.br\/novosite\/\",\"url\":\"https:\/\/www.bhconsertodemaquinas.com.br\",\"name\":\"Consertos de M\u00e1quinas Ligue: (31) 3224-2343 Comercial Fiel\",\"isPartOf\":{\"@id\":\"https:\/\/www.bhconsertodemaquinas.com.br\/novosite\/#website\"},\"datePublished\":\"2017-10-18T16:11:52+00:00\",\"dateModified\":\"2020-05-12T13:48:41+00:00\",\"description\":\"BH Consertos de M\u00e1quinas para ter seu equipamento funcionando como esperado. Somos registrados no INMETRO\/IPEM-MG e os servi\u00e7os s\u00e3o confi\u00e1veis e garantidos.\",\"breadcrumb\":{\"@id\":\"https:\/\/www.bhconsertodemaquinas.com.br#breadcrumb\"},\"inLanguage\":\"pt-BR\",\"potentialAction\":[{\"@type\":\"ReadAction\",\"target\":[\"https:\/\/www.bhconsertodemaquinas.com.br\"]}]},{\"@type\":\"BreadcrumbList\",\"@id\":\"https:\/\/www.bhconsertodemaquinas.com.br#breadcrumb\",\"itemListElement\":[{\"@type\":\"ListItem\",\"position\":1,\"name\":\"In\u00edcio\",\"item\":\"https:\/\/www.bhconsertodemaquinas.com.br\/novosite\/\"},{\"@type\":\"ListItem\",\"position\":2,\"name\":\"BH Consertos de M\u00e1quinas\"}]},{\"@type\":\"WebSite\",\"@id\":\"https:\/\/www.bhconsertodemaquinas.com.br\/novosite\/#website\",\"url\":\"https:\/\/www.bhconsertodemaquinas.com.br\/novosite\/\",\"name\":\"BH Conserto de M\u00e1quinas\",\"description\":\"\",\"publisher\":{\"@id\":\"https:\/\/www.bhconsertodemaquinas.com.br\/novosite\/#organization\"},\"potentialAction\":[{\"@type\":\"SearchAction\",\"target\":{\"@type\":\"EntryPoint\",\"urlTemplate\":\"https:\/\/www.bhconsertodemaquinas.com.br\/novosite\/?s={search_term_string}\"},\"query-input\":\"required name=search_term_string\"}],\"inLanguage\":\"pt-BR\"},{\"@type\":\"Organization\",\"@id\":\"https:\/\/www.bhconsertodemaquinas.com.br\/novosite\/#organization\",\"name\":\"BH Conserto de M\u00e1quinas\",\"url\":\"https:\/\/www.bhconsertodemaquinas.com.br\/novosite\/\",\"logo\":{\"@type\":\"ImageObject\",\"inLanguage\":\"pt-BR\",\"@id\":\"https:\/\/www.bhconsertodemaquinas.com.br\/novosite\/#\/schema\/logo\/image\/\",\"url\":\"https:\/\/www.bhconsertodemaquinas.com.br\/novosite\/wp-content\/uploads\/2020\/06\/logo-bhconserto-de-maquinas-002.png\",\"contentUrl\":\"https:\/\/www.bhconsertodemaquinas.com.br\/novosite\/wp-content\/uploads\/2020\/06\/logo-bhconserto-de-maquinas-002.png\",\"width\":215,\"height\":108,\"caption\":\"BH Conserto de M\u00e1quinas\"},\"image\":{\"@id\":\"https:\/\/www.bhconsertodemaquinas.com.br\/novosite\/#\/schema\/logo\/image\/\"}}]}<\/script>\n<!-- \/ Yoast SEO plugin. -->","yoast_head_json":{"title":"Consertos de M\u00e1quinas Ligue: (31) 3224-2343 Comercial Fiel","description":"BH Consertos de M\u00e1quinas para ter seu equipamento funcionando como esperado. Somos registrados no INMETRO\/IPEM-MG e os servi\u00e7os s\u00e3o confi\u00e1veis e garantidos.","robots":{"index":"index","follow":"follow","max-snippet":"max-snippet:-1","max-image-preview":"max-image-preview:large","max-video-preview":"max-video-preview:-1"},"canonical":"https:\/\/www.bhconsertodemaquinas.com.br","og_locale":"pt_BR","og_type":"article","og_title":"Consertos de M\u00e1quinas Ligue: (31) 3224-2343 Comercial Fiel","og_description":"BH Consertos de M\u00e1quinas para ter seu equipamento funcionando como esperado. Somos registrados no INMETRO\/IPEM-MG e os servi\u00e7os s\u00e3o confi\u00e1veis e garantidos.","og_url":"https:\/\/www.bhconsertodemaquinas.com.br","og_site_name":"BH Conserto de M\u00e1quinas","article_modified_time":"2020-05-12T13:48:41+00:00","twitter_card":"summary_large_image","twitter_misc":{"Est. tempo de leitura":"2 minutos"},"schema":{"@context":"https:\/\/schema.org","@graph":[{"@type":"WebPage","@id":"https:\/\/www.bhconsertodemaquinas.com.br\/novosite\/","url":"https:\/\/www.bhconsertodemaquinas.com.br","name":"Consertos de M\u00e1quinas Ligue: (31) 3224-2343 Comercial Fiel","isPartOf":{"@id":"https:\/\/www.bhconsertodemaquinas.com.br\/novosite\/#website"},"datePublished":"2017-10-18T16:11:52+00:00","dateModified":"2020-05-12T13:48:41+00:00","description":"BH Consertos de M\u00e1quinas para ter seu equipamento funcionando como esperado. Somos registrados no INMETRO\/IPEM-MG e os servi\u00e7os s\u00e3o confi\u00e1veis e garantidos.","breadcrumb":{"@id":"https:\/\/www.bhconsertodemaquinas.com.br#breadcrumb"},"inLanguage":"pt-BR","potentialAction":[{"@type":"ReadAction","target":["https:\/\/www.bhconsertodemaquinas.com.br"]}]},{"@type":"BreadcrumbList","@id":"https:\/\/www.bhconsertodemaquinas.com.br#breadcrumb","itemListElement":[{"@type":"ListItem","position":1,"name":"In\u00edcio","item":"https:\/\/www.bhconsertodemaquinas.com.br\/novosite\/"},{"@type":"ListItem","position":2,"name":"BH Consertos de M\u00e1quinas"}]},{"@type":"WebSite","@id":"https:\/\/www.bhconsertodemaquinas.com.br\/novosite\/#website","url":"https:\/\/www.bhconsertodemaquinas.com.br\/novosite\/","name":"BH Conserto de M\u00e1quinas","description":"","publisher":{"@id":"https:\/\/www.bhconsertodemaquinas.com.br\/novosite\/#organization"},"potentialAction":[{"@type":"SearchAction","target":{"@type":"EntryPoint","urlTemplate":"https:\/\/www.bhconsertodemaquinas.com.br\/novosite\/?s={search_term_string}"},"query-input":"required name=search_term_string"}],"inLanguage":"pt-BR"},{"@type":"Organization","@id":"https:\/\/www.bhconsertodemaquinas.com.br\/novosite\/#organization","name":"BH Conserto de M\u00e1quinas","url":"https:\/\/www.bhconsertodemaquinas.com.br\/novosite\/","logo":{"@type":"ImageObject","inLanguage":"pt-BR","@id":"https:\/\/www.bhconsertodemaquinas.com.br\/novosite\/#\/schema\/logo\/image\/","url":"https:\/\/www.bhconsertodemaquinas.com.br\/novosite\/wp-content\/uploads\/2020\/06\/logo-bhconserto-de-maquinas-002.png","contentUrl":"https:\/\/www.bhconsertodemaquinas.com.br\/novosite\/wp-content\/uploads\/2020\/06\/logo-bhconserto-de-maquinas-002.png","width":215,"height":108,"caption":"BH Conserto de M\u00e1quinas"},"image":{"@id":"https:\/\/www.bhconsertodemaquinas.com.br\/novosite\/#\/schema\/logo\/image\/"}}]}},"_links":{"self":[{"href":"https:\/\/www.bhconsertodemaquinas.com.br\/novosite\/wp-json\/wp\/v2\/pages\/16873"}],"collection":[{"href":"https:\/\/www.bhconsertodemaquinas.com.br\/novosite\/wp-json\/wp\/v2\/pages"}],"about":[{"href":"https:\/\/www.bhconsertodemaquinas.com.br\/novosite\/wp-json\/wp\/v2\/types\/page"}],"author":[{"embeddable":true,"href":"https:\/\/www.bhconsertodemaquinas.com.br\/novosite\/wp-json\/wp\/v2\/users\/3"}],"replies":[{"embeddable":true,"href":"https:\/\/www.bhconsertodemaquinas.com.br\/novosite\/wp-json\/wp\/v2\/comments?post=16873"}],"version-history":[{"count":2,"href":"https:\/\/www.bhconsertodemaquinas.com.br\/novosite\/wp-json\/wp\/v2\/pages\/16873\/revisions"}],"predecessor-version":[{"id":17757,"href":"https:\/\/www.bhconsertodemaquinas.com.br\/novosite\/wp-json\/wp\/v2\/pages\/16873\/revisions\/17757"}],"wp:attachment":[{"href":"https:\/\/www.bhconsertodemaquinas.com.br\/novosite\/wp-json\/wp\/v2\/media?parent=16873"}],"curies":[{"name":"wp","href":"https:\/\/api.w.org\/{rel}","templated":true}]}}