{"id":16738,"date":"2017-10-10T09:42:33","date_gmt":"2017-10-10T12:42:33","guid":{"rendered":"http:\/\/www.bhbalancas.com.br\/?page_id=16738"},"modified":"2020-05-12T10:33:04","modified_gmt":"2020-05-12T13:33:04","slug":"assistencia-tecnica-ademaq","status":"publish","type":"page","link":"https:\/\/www.bhconsertodemaquinas.com.br\/novosite\/assistencia-tecnica-ademaq\/","title":{"rendered":"Assist\u00eancia T\u00e9cnica Ademaq"},"content":{"rendered":"<p>A BH Conserto de M\u00e1quinas est\u00e1 h\u00e1 v\u00e1rios anos no mercado prestando <a href=\"https:\/\/www.google.com.br\/search?q=assistencia+tecnica+ademaq\">Assist\u00eancia T\u00e9cnica Ademaq<\/a> e servi\u00e7os de manuten\u00e7\u00e3o e assist\u00eancia t\u00e9cnica em balan\u00e7as, maquin\u00e1rio de padaria, a\u00e7ougues, restaurantes, lanchonetes, cozinhas industriais, sempre com profissionais qualificados e experientes.<\/p>\n<p>Equipamentos como <strong><span class=\"destaque\" style=\"color: #ff0000;\">M\u00e1quina de Algod\u00e3o Doce Ademaq, M\u00e1quina de Crepe\u00a0Ademaq, Masseiras para Churros\u00a0Ademaq, Recheadeiras\u00a0Ademaq, Derretedeiras de Chocolate\u00a0Ademaq <\/span><\/strong>s\u00e3o usados intensa e constantemente e podem apresentar defeitos, necessitar de troca de pe\u00e7as ou precisar de ajustes.<\/p>\n<h1 style=\"text-align: center;\"><span style=\"color: #ff0000;\">Ligue: (31) 3224-2343<\/span><\/h1>\n<h3 style=\"text-align: center;\"><strong>Funcionamento: 2a a 6a-feira: 08:00 h \u00e0s 18:00 h.<\/strong><br \/>\n<strong> Atende Belo Horizonte e Regi\u00e3o Metropolitana.<\/strong><br \/>\n<strong>Av. Artur Bernardes, 210 &#8211; Vila Paris &#8211; Belo Horizonte<\/strong><\/h3>\n<div align=\"justify\">\n<p>O conserto e manuten\u00e7\u00e3o de m\u00e1quinas e equipamentos para cozinhas, lanchonetes, bares, restaurantes e com\u00e9rcio em geral \u00e9 uma parte muito importante no dia a dia das empresas\/estabelecimentos que utilizam tais m\u00e1quinas, pois garante a confian\u00e7a e seguran\u00e7a dos equipamentos, melhorando a qualidade e reduzindo os custos de produ\u00e7\u00e3o, evitando atrasos e desperd\u00edcios.<br \/>\nTodo equipamento precisa de manuten\u00e7\u00e3o, seja preventiva ou corretiva, pois \u00e9 preciso garantir o correto funcionamento de cada m\u00e1quina e \u00e9 essencial que a manuten\u00e7\u00e3o seja confi\u00e1vel.<\/p>\n<p>Conte com a BH Conserto de M\u00e1quinas especializada em Assist\u00eancia T\u00e9cnica Ademaq para ter seu equipamento da marca Ademaq funcionando como esperado. Somos registrados no INMETRO\/IPEM-MG e os servi\u00e7os s\u00e3o confi\u00e1veis e garantidos.<\/p>\n<p>Pode-se dizer que as m\u00e1quinas n\u00e3o somente d\u00e3o sinais mas avisam, se forem sensorizadas, quando v\u00e3o falhar. Quando um equipamento falha, o certo \u00e9 que gera gastos com pe\u00e7as de reposi\u00e7\u00e3o, m\u00e3o de obra e, por vezes paradas de produ\u00e7\u00e3o. M\u00e1quinas podem falhar por diversos motivos que, em algumas situa\u00e7\u00f5es, podem ser mais dif\u00edceis de detectar. O desgaste de componentes \u00e9 de longe a maior causa da indisponibilidade de m\u00e1quinas e equipamentos.<\/p>\n<p>Com a correria das atividades do trabalho \u00e9 melhor recorrer a uma empresa \u00e1gil e qualificada como a BH Conserto de M\u00e1quinas na hora de ter Assist\u00eancia T\u00e9cnica Ademaq.<\/p>\n<h4><strong>Assist\u00eancia T\u00e9cnica Ademaq, Consertos e Manuten\u00e7\u00e3o em balan\u00e7as comerciais e balan\u00e7as industriais, Balan\u00e7as mec\u00e2nicas e balan\u00e7as eletr\u00f4nicas. Somos registrados no IPEM\u2014MG<\/strong><\/h4>\n<\/div>\n<p><a href=\"https:\/\/www.bhconsertodemaquinas.com.br\/novosite\/wp-content\/uploads\/2017\/10\/bh-balancas-servicos.jpg\"><img loading=\"lazy\" decoding=\"async\" class=\"aligncenter size-full wp-image-16615\" src=\"https:\/\/www.bhconsertodemaquinas.com.br\/novosite\/wp-content\/uploads\/2017\/10\/bh-balancas-servicos.jpg\" alt=\"Assist\u00eancia T\u00e9cnica Ademaq\" width=\"920\" height=\"355\" srcset=\"https:\/\/www.bhconsertodemaquinas.com.br\/novosite\/wp-content\/uploads\/2017\/10\/bh-balancas-servicos.jpg 920w, https:\/\/www.bhconsertodemaquinas.com.br\/novosite\/wp-content\/uploads\/2017\/10\/bh-balancas-servicos-620x239.jpg 620w, https:\/\/www.bhconsertodemaquinas.com.br\/novosite\/wp-content\/uploads\/2017\/10\/bh-balancas-servicos-768x296.jpg 768w\" sizes=\"(max-width: 920px) 100vw, 920px\" \/><\/a><\/p>\n","protected":false},"excerpt":{"rendered":"<p>A BH Conserto de M\u00e1quinas est\u00e1 h\u00e1 v\u00e1rios anos no mercado prestando Assist\u00eancia T\u00e9cnica Ademaq e servi\u00e7os de manuten\u00e7\u00e3o e assist\u00eancia t\u00e9cnica em balan\u00e7as, maquin\u00e1rio de padaria, a\u00e7ougues, restaurantes, lanchonetes, cozinhas industriais, sempre com profissionais qualificados e experientes. Equipamentos como<\/p>\n","protected":false},"author":3,"featured_media":0,"parent":0,"menu_order":0,"comment_status":"closed","ping_status":"closed","template":"","meta":{"footnotes":""},"yoast_head":"<!-- This site is optimized with the Yoast SEO plugin v22.5 - https:\/\/yoast.com\/wordpress\/plugins\/seo\/ -->\n<title>Assist\u00eancia T\u00e9cnica Ademaq \u00e9 com a Comercial Fiel<\/title>\n<meta name=\"description\" content=\"Assist\u00eancia T\u00e9cnica Ademaq de qualidade \u00e9 com a Comercial Fiel. Padarias, Restaurantes, Lanchonetes, Bares etc podem contar com nosso \u00f3timo servi\u00e7o.\" \/>\n<meta name=\"robots\" content=\"index, follow, max-snippet:-1, max-image-preview:large, max-video-preview:-1\" \/>\n<link rel=\"canonical\" href=\"https:\/\/www.bhconsertodemaquinas.com.br\/assistencia-tecnica-ademaq\" \/>\n<meta property=\"og:locale\" content=\"pt_BR\" \/>\n<meta property=\"og:type\" content=\"article\" \/>\n<meta property=\"og:title\" content=\"Assist\u00eancia T\u00e9cnica Ademaq \u00e9 com a Comercial Fiel\" \/>\n<meta property=\"og:description\" content=\"Assist\u00eancia T\u00e9cnica Ademaq de qualidade \u00e9 com a Comercial Fiel. Padarias, Restaurantes, Lanchonetes, Bares etc podem contar com nosso \u00f3timo servi\u00e7o.\" \/>\n<meta property=\"og:url\" content=\"https:\/\/www.bhconsertodemaquinas.com.br\/assistencia-tecnica-ademaq\" \/>\n<meta property=\"og:site_name\" content=\"BH Conserto de M\u00e1quinas\" \/>\n<meta property=\"article:modified_time\" content=\"2020-05-12T13:33:04+00:00\" \/>\n<meta property=\"og:image\" content=\"https:\/\/www.bhconsertodemaquinas.com.br\/novosite\/wp-content\/uploads\/2017\/10\/bh-balancas-servicos.jpg\" \/>\n<meta name=\"twitter:card\" content=\"summary_large_image\" \/>\n<meta name=\"twitter:label1\" content=\"Est. tempo de leitura\" \/>\n\t<meta name=\"twitter:data1\" content=\"2 minutos\" \/>\n<script type=\"application\/ld+json\" class=\"yoast-schema-graph\">{\"@context\":\"https:\/\/schema.org\",\"@graph\":[{\"@type\":\"WebPage\",\"@id\":\"https:\/\/www.bhconsertodemaquinas.com.br\/novosite\/assistencia-tecnica-ademaq\/\",\"url\":\"https:\/\/www.bhconsertodemaquinas.com.br\/assistencia-tecnica-ademaq\",\"name\":\"Assist\u00eancia T\u00e9cnica Ademaq \u00e9 com a Comercial Fiel\",\"isPartOf\":{\"@id\":\"https:\/\/www.bhconsertodemaquinas.com.br\/novosite\/#website\"},\"primaryImageOfPage\":{\"@id\":\"https:\/\/www.bhconsertodemaquinas.com.br\/assistencia-tecnica-ademaq#primaryimage\"},\"image\":{\"@id\":\"https:\/\/www.bhconsertodemaquinas.com.br\/assistencia-tecnica-ademaq#primaryimage\"},\"thumbnailUrl\":\"https:\/\/www.bhconsertodemaquinas.com.br\/novosite\/wp-content\/uploads\/2017\/10\/bh-balancas-servicos.jpg\",\"datePublished\":\"2017-10-10T12:42:33+00:00\",\"dateModified\":\"2020-05-12T13:33:04+00:00\",\"description\":\"Assist\u00eancia T\u00e9cnica Ademaq de qualidade \u00e9 com a Comercial Fiel. Padarias, Restaurantes, Lanchonetes, Bares etc podem contar com nosso \u00f3timo servi\u00e7o.\",\"breadcrumb\":{\"@id\":\"https:\/\/www.bhconsertodemaquinas.com.br\/assistencia-tecnica-ademaq#breadcrumb\"},\"inLanguage\":\"pt-BR\",\"potentialAction\":[{\"@type\":\"ReadAction\",\"target\":[\"https:\/\/www.bhconsertodemaquinas.com.br\/assistencia-tecnica-ademaq\"]}]},{\"@type\":\"ImageObject\",\"inLanguage\":\"pt-BR\",\"@id\":\"https:\/\/www.bhconsertodemaquinas.com.br\/assistencia-tecnica-ademaq#primaryimage\",\"url\":\"https:\/\/www.bhconsertodemaquinas.com.br\/novosite\/wp-content\/uploads\/2017\/10\/bh-balancas-servicos.jpg\",\"contentUrl\":\"https:\/\/www.bhconsertodemaquinas.com.br\/novosite\/wp-content\/uploads\/2017\/10\/bh-balancas-servicos.jpg\",\"width\":920,\"height\":355,\"caption\":\"Assist\u00eancia T\u00e9cnica de Estufas de Salgado\"},{\"@type\":\"BreadcrumbList\",\"@id\":\"https:\/\/www.bhconsertodemaquinas.com.br\/assistencia-tecnica-ademaq#breadcrumb\",\"itemListElement\":[{\"@type\":\"ListItem\",\"position\":1,\"name\":\"In\u00edcio\",\"item\":\"https:\/\/www.bhconsertodemaquinas.com.br\/novosite\/\"},{\"@type\":\"ListItem\",\"position\":2,\"name\":\"Assist\u00eancia T\u00e9cnica Ademaq\"}]},{\"@type\":\"WebSite\",\"@id\":\"https:\/\/www.bhconsertodemaquinas.com.br\/novosite\/#website\",\"url\":\"https:\/\/www.bhconsertodemaquinas.com.br\/novosite\/\",\"name\":\"BH Conserto de M\u00e1quinas\",\"description\":\"\",\"publisher\":{\"@id\":\"https:\/\/www.bhconsertodemaquinas.com.br\/novosite\/#organization\"},\"potentialAction\":[{\"@type\":\"SearchAction\",\"target\":{\"@type\":\"EntryPoint\",\"urlTemplate\":\"https:\/\/www.bhconsertodemaquinas.com.br\/novosite\/?s={search_term_string}\"},\"query-input\":\"required name=search_term_string\"}],\"inLanguage\":\"pt-BR\"},{\"@type\":\"Organization\",\"@id\":\"https:\/\/www.bhconsertodemaquinas.com.br\/novosite\/#organization\",\"name\":\"BH Conserto de M\u00e1quinas\",\"url\":\"https:\/\/www.bhconsertodemaquinas.com.br\/novosite\/\",\"logo\":{\"@type\":\"ImageObject\",\"inLanguage\":\"pt-BR\",\"@id\":\"https:\/\/www.bhconsertodemaquinas.com.br\/novosite\/#\/schema\/logo\/image\/\",\"url\":\"https:\/\/www.bhconsertodemaquinas.com.br\/novosite\/wp-content\/uploads\/2020\/06\/logo-bhconserto-de-maquinas-002.png\",\"contentUrl\":\"https:\/\/www.bhconsertodemaquinas.com.br\/novosite\/wp-content\/uploads\/2020\/06\/logo-bhconserto-de-maquinas-002.png\",\"width\":215,\"height\":108,\"caption\":\"BH Conserto de M\u00e1quinas\"},\"image\":{\"@id\":\"https:\/\/www.bhconsertodemaquinas.com.br\/novosite\/#\/schema\/logo\/image\/\"}}]}<\/script>\n<!-- \/ Yoast SEO plugin. -->","yoast_head_json":{"title":"Assist\u00eancia T\u00e9cnica Ademaq \u00e9 com a Comercial Fiel","description":"Assist\u00eancia T\u00e9cnica Ademaq de qualidade \u00e9 com a Comercial Fiel. Padarias, Restaurantes, Lanchonetes, Bares etc podem contar com nosso \u00f3timo servi\u00e7o.","robots":{"index":"index","follow":"follow","max-snippet":"max-snippet:-1","max-image-preview":"max-image-preview:large","max-video-preview":"max-video-preview:-1"},"canonical":"https:\/\/www.bhconsertodemaquinas.com.br\/assistencia-tecnica-ademaq","og_locale":"pt_BR","og_type":"article","og_title":"Assist\u00eancia T\u00e9cnica Ademaq \u00e9 com a Comercial Fiel","og_description":"Assist\u00eancia T\u00e9cnica Ademaq de qualidade \u00e9 com a Comercial Fiel. Padarias, Restaurantes, Lanchonetes, Bares etc podem contar com nosso \u00f3timo servi\u00e7o.","og_url":"https:\/\/www.bhconsertodemaquinas.com.br\/assistencia-tecnica-ademaq","og_site_name":"BH Conserto de M\u00e1quinas","article_modified_time":"2020-05-12T13:33:04+00:00","og_image":[{"url":"https:\/\/www.bhconsertodemaquinas.com.br\/novosite\/wp-content\/uploads\/2017\/10\/bh-balancas-servicos.jpg"}],"twitter_card":"summary_large_image","twitter_misc":{"Est. tempo de leitura":"2 minutos"},"schema":{"@context":"https:\/\/schema.org","@graph":[{"@type":"WebPage","@id":"https:\/\/www.bhconsertodemaquinas.com.br\/novosite\/assistencia-tecnica-ademaq\/","url":"https:\/\/www.bhconsertodemaquinas.com.br\/assistencia-tecnica-ademaq","name":"Assist\u00eancia T\u00e9cnica Ademaq \u00e9 com a Comercial Fiel","isPartOf":{"@id":"https:\/\/www.bhconsertodemaquinas.com.br\/novosite\/#website"},"primaryImageOfPage":{"@id":"https:\/\/www.bhconsertodemaquinas.com.br\/assistencia-tecnica-ademaq#primaryimage"},"image":{"@id":"https:\/\/www.bhconsertodemaquinas.com.br\/assistencia-tecnica-ademaq#primaryimage"},"thumbnailUrl":"https:\/\/www.bhconsertodemaquinas.com.br\/novosite\/wp-content\/uploads\/2017\/10\/bh-balancas-servicos.jpg","datePublished":"2017-10-10T12:42:33+00:00","dateModified":"2020-05-12T13:33:04+00:00","description":"Assist\u00eancia T\u00e9cnica Ademaq de qualidade \u00e9 com a Comercial Fiel. Padarias, Restaurantes, Lanchonetes, Bares etc podem contar com nosso \u00f3timo servi\u00e7o.","breadcrumb":{"@id":"https:\/\/www.bhconsertodemaquinas.com.br\/assistencia-tecnica-ademaq#breadcrumb"},"inLanguage":"pt-BR","potentialAction":[{"@type":"ReadAction","target":["https:\/\/www.bhconsertodemaquinas.com.br\/assistencia-tecnica-ademaq"]}]},{"@type":"ImageObject","inLanguage":"pt-BR","@id":"https:\/\/www.bhconsertodemaquinas.com.br\/assistencia-tecnica-ademaq#primaryimage","url":"https:\/\/www.bhconsertodemaquinas.com.br\/novosite\/wp-content\/uploads\/2017\/10\/bh-balancas-servicos.jpg","contentUrl":"https:\/\/www.bhconsertodemaquinas.com.br\/novosite\/wp-content\/uploads\/2017\/10\/bh-balancas-servicos.jpg","width":920,"height":355,"caption":"Assist\u00eancia T\u00e9cnica de Estufas de Salgado"},{"@type":"BreadcrumbList","@id":"https:\/\/www.bhconsertodemaquinas.com.br\/assistencia-tecnica-ademaq#breadcrumb","itemListElement":[{"@type":"ListItem","position":1,"name":"In\u00edcio","item":"https:\/\/www.bhconsertodemaquinas.com.br\/novosite\/"},{"@type":"ListItem","position":2,"name":"Assist\u00eancia T\u00e9cnica Ademaq"}]},{"@type":"WebSite","@id":"https:\/\/www.bhconsertodemaquinas.com.br\/novosite\/#website","url":"https:\/\/www.bhconsertodemaquinas.com.br\/novosite\/","name":"BH Conserto de M\u00e1quinas","description":"","publisher":{"@id":"https:\/\/www.bhconsertodemaquinas.com.br\/novosite\/#organization"},"potentialAction":[{"@type":"SearchAction","target":{"@type":"EntryPoint","urlTemplate":"https:\/\/www.bhconsertodemaquinas.com.br\/novosite\/?s={search_term_string}"},"query-input":"required name=search_term_string"}],"inLanguage":"pt-BR"},{"@type":"Organization","@id":"https:\/\/www.bhconsertodemaquinas.com.br\/novosite\/#organization","name":"BH Conserto de M\u00e1quinas","url":"https:\/\/www.bhconsertodemaquinas.com.br\/novosite\/","logo":{"@type":"ImageObject","inLanguage":"pt-BR","@id":"https:\/\/www.bhconsertodemaquinas.com.br\/novosite\/#\/schema\/logo\/image\/","url":"https:\/\/www.bhconsertodemaquinas.com.br\/novosite\/wp-content\/uploads\/2020\/06\/logo-bhconserto-de-maquinas-002.png","contentUrl":"https:\/\/www.bhconsertodemaquinas.com.br\/novosite\/wp-content\/uploads\/2020\/06\/logo-bhconserto-de-maquinas-002.png","width":215,"height":108,"caption":"BH Conserto de M\u00e1quinas"},"image":{"@id":"https:\/\/www.bhconsertodemaquinas.com.br\/novosite\/#\/schema\/logo\/image\/"}}]}},"_links":{"self":[{"href":"https:\/\/www.bhconsertodemaquinas.com.br\/novosite\/wp-json\/wp\/v2\/pages\/16738"}],"collection":[{"href":"https:\/\/www.bhconsertodemaquinas.com.br\/novosite\/wp-json\/wp\/v2\/pages"}],"about":[{"href":"https:\/\/www.bhconsertodemaquinas.com.br\/novosite\/wp-json\/wp\/v2\/types\/page"}],"author":[{"embeddable":true,"href":"https:\/\/www.bhconsertodemaquinas.com.br\/novosite\/wp-json\/wp\/v2\/users\/3"}],"replies":[{"embeddable":true,"href":"https:\/\/www.bhconsertodemaquinas.com.br\/novosite\/wp-json\/wp\/v2\/comments?post=16738"}],"version-history":[{"count":3,"href":"https:\/\/www.bhconsertodemaquinas.com.br\/novosite\/wp-json\/wp\/v2\/pages\/16738\/revisions"}],"predecessor-version":[{"id":17756,"href":"https:\/\/www.bhconsertodemaquinas.com.br\/novosite\/wp-json\/wp\/v2\/pages\/16738\/revisions\/17756"}],"wp:attachment":[{"href":"https:\/\/www.bhconsertodemaquinas.com.br\/novosite\/wp-json\/wp\/v2\/media?parent=16738"}],"curies":[{"name":"wp","href":"https:\/\/api.w.org\/{rel}","templated":true}]}}