{"id":16656,"date":"2017-10-05T10:17:19","date_gmt":"2017-10-05T13:17:19","guid":{"rendered":"http:\/\/www.bhbalancas.com.br\/?page_id=16656"},"modified":"2017-10-05T10:17:19","modified_gmt":"2017-10-05T13:17:19","slug":"assistencia-tecnica-bermar","status":"publish","type":"page","link":"https:\/\/www.bhconsertodemaquinas.com.br\/novosite\/assistencia-tecnica-bermar\/","title":{"rendered":"Assist\u00eancia T\u00e9cnica Bermar"},"content":{"rendered":"<h2>Assist\u00eancia T\u00e9cnica Bermar<\/h2>\n<p>A BH Conserto de M\u00e1quinas est\u00e1 h\u00e1 v\u00e1rios anos no mercado prestando <a href=\"https:\/\/www.google.com.br\/search?q=assistencia+tecnica+bermar\">Assist\u00eancia T\u00e9cnica Bermar<\/a> e servi\u00e7os de manuten\u00e7\u00e3o e assist\u00eancia t\u00e9cnica em balan\u00e7as, maquin\u00e1rio de padaria, a\u00e7ougues, restaurantes, lanchonetes, cozinhas industriais, sempre com profissionais qualificados e experientes.<\/p>\n<p>Equipamentos como <strong><span class=\"destaque\" style=\"color: #ff0000;\">Amaciador de Bifes Bermar, Batedor de Milk Shake Bermar, Cilindro Bermar, Cortador de Frios Bermar, Extrator de Suco Bermar, Liquidificador industrial Bermar, Triturador industrial Bermar, Moedor de Caf\u00e9 Bermar, Picador de Carne Bermar <\/span><\/strong>s\u00e3o usados intensa e constantemente e podem apresentar defeitos, necessitar de troca de pe\u00e7as ou precisar de ajustes.<br \/>\nConte com nossos servi\u00e7os especializados e qualificados para ter seu equipamento Bermar funcionando corretamente.<\/p>\n<h1 style=\"text-align: center;\"><span style=\"color: #ff0000;\">Ligue: (31) 3224-2343<\/span><\/h1>\n<h3 style=\"text-align: center;\"><strong>Funcionamento: 2a a 6a-feira: 08:00 h \u00e0s 18:00 h.<\/strong><br \/>\n<strong> Atende Belo Horizonte e Regi\u00e3o Metropolitana.<\/strong><br \/>\n<strong>Av. Artur Bernardes, 210 &#8211; Vila Paris &#8211; Belo Horizonte<\/strong><\/h3>\n<div align=\"justify\">\n<p>O conserto e manuten\u00e7\u00e3o de m\u00e1quinas e equipamentos para cozinhas, lanchonetes, bares, restaurantes e com\u00e9rcio em geral \u00e9 uma parte muito importante no dia a dia das empresas\/estabelecimentos que utilizam tais m\u00e1quinas, pois garante a confian\u00e7a e seguran\u00e7a dos equipamentos, melhorando a qualidade e reduzindo os custos de produ\u00e7\u00e3o, evitando atrasos e desperd\u00edcios.<br \/>\nTodo equipamento precisa de manuten\u00e7\u00e3o, seja preventiva ou corretiva, pois \u00e9 preciso garantir o correto funcionamento de cada m\u00e1quina e \u00e9 essencial que a manuten\u00e7\u00e3o seja confi\u00e1vel.<\/p>\n<p>Conte com a BH Conserto de M\u00e1quinas especializada em Assist\u00eancia T\u00e9cnica Bermar para ter seu equipamento da marca Bermar funcionando como esperado. Somos registrados no INMETRO\/IPEM-MG e os servi\u00e7os s\u00e3o confi\u00e1veis e garantidos.<br \/>\nPode-se dizer que as m\u00e1quinas n\u00e3o somente d\u00e3o sinais mas avisam, se forem sensorizadas, quando v\u00e3o falhar. Quando um equipamento falha, o certo \u00e9 que gera gastos com pe\u00e7as de reposi\u00e7\u00e3o, m\u00e3o de obra e, por vezes paradas de produ\u00e7\u00e3o. M\u00e1quinas podem falhar por diversos motivos que, em algumas situa\u00e7\u00f5es, podem ser mais dif\u00edceis de detectar. O desgaste de componentes \u00e9 de longe a maior causa da indisponibilidade de m\u00e1quinas e equipamentos.<\/p>\n<p>Com a correria das atividades do trabalho \u00e9 melhor recorrer a uma empresa \u00e1gil e qualificada como a BH Conserto de M\u00e1quinas na hora de ter Assist\u00eancia T\u00e9cnica Ademaq. Ligue-nos agora mesmo e fique tranquilo!<\/p>\n<h4><strong>Assist\u00eancia T\u00e9cnica, Consertos e Manuten\u00e7\u00e3o em M\u00e1quinas de A\u00e7ougue: <\/strong><\/h4>\n<p>Moedor de carnes, M\u00e1quina de serra osso ( serra fita ), Amaciador de carnes, Mosquiteiro el\u00e9trico, Misturador de carnes, Picador de carne, Homogenizador de carnes, Ensacadeira de lingui\u00e7a, Amaciador de bifes, Fatiador de carnes, Balan\u00e7as Mec\u00e2nicas, Balan\u00e7as Eletr\u00f4nicas.<br \/>\n<strong>Manuten\u00e7\u00e3o em m\u00e1quinas de restaurante, Lanchonete, Bares, Pizzarias, Hot\u00e9is, Pastelarias, Sorveteria, Supermercados, Latic\u00ednios e etc.<\/strong><br \/>\nBalan\u00e7as, Refresqueira de suco, Extrator de suco, Estufa de salgados, Chapa sanduicheira a g\u00e1s, Chapa sanduicheira el\u00e9trica, Fritadeira a g\u00e1s, Fritadeira el\u00e9trica, Forno el\u00e9trico, Forno a g\u00e1s , Cortador de frios, Coifas, Exaustores, Balc\u00e3o de self servi\u00e7e quente, Liquidificador industrial, M\u00e1quinas de caf\u00e9, Marmiteiros el\u00e9tricos , Marmiteiros a g\u00e1s, M\u00e1quina de esquentar pratos e talheres, Esterilizador de x\u00edcara e copos, Batedor de milk shake, M\u00e1quina de crepe, Cafeteira, Frangueira, Seladoras, Embaladoras, Cilindros de pastel, Cilindro de massas, Raladores de queijo e coco, Embaladora a v\u00e1cuo, Tacho fritador, Chocolateira, Derretedeira de chocolate, Torre de chocolate, M\u00e1quinas de algod\u00e3o doce, Fornos refrat\u00e1rios, M\u00e1quina de crepe su\u00ed\u00e7o, M\u00e1quina de crepe fran\u00e7\u00eas, Charbroiler a g\u00e1s, Charbroiler el\u00e9trico, Misturador de massas, Molheiras a g\u00e1s, Banho maria, Aquecedor de lou\u00e7as e talheres, Buffets, Fog\u00e3o el\u00e9trico, Fog\u00e3o industrial a g\u00e1s, Fritadeira a g\u00e1s, Tachos el\u00e9tricos, Tacho a g\u00e1s, Fornos assadores rotativos, Grill el\u00e9trico, Centrifuga de mel, Despolpadeira de frutas, M\u00e1quina de macarr\u00e3o, Fatiador de tomates, M\u00e1quina de pipoca, Moedor de milho e mandioca, Abridora de massas de pizza, Cozedor de massas, Misteira, Triturador, Wafleira, Panquequeira, Churrasqueira, Rechaud, Esterilizadores, Despolpador, Moedor de caf\u00e9, Grelhas, Engenho de cana, Fatiador de frios, Registradoras, Calculadoras.<\/p>\n<h4><strong>Assist\u00eancia T\u00e9cnica, Consertos e Manuten\u00e7\u00e3o em m\u00e1quinas de cozinha industrial: <\/strong><\/h4>\n<p>Forno el\u00e9trico turbo, Forno a g\u00e1s turbo, Forno de lastro, Forno combinado, Exautores, Coifas, Fog\u00e3o industrial, Chapa bifeteira, Descascador de batatas, Processador de alimentos, Cutters, Lavadora de lou\u00e7as industrial, Fritadeira industrial, Panel\u00f5es industrial, Caldeir\u00e3o industrial, Pastroughts quente, Rampa quente, Caldeiras industriais, Balc\u00e3o carro t\u00e9rmico, Balc\u00f5es quente, Cortador de legumes, Descascador de legumes, Preparador de alimentos, Fritadeira \u00e1gua e \u00f3leo, Forno gratinador, Liquidificador basculante.<\/p>\n<h4><strong>Assist\u00eancia T\u00e9cnica, Consertos e Manuten\u00e7\u00e3o em m\u00e1quinas de padaria:<\/strong><\/h4>\n<p>Balan\u00e7as eletr\u00f4nicas, Fatiador de p\u00e3o, Divisora de p\u00e3es, Moedor de gr\u00e3os, Batedeira planet\u00e1ria, Cilindro de massas, Modeladora de p\u00e3o, Masseiras, Moinho de p\u00e3o, amassadeira basculante, amassadeira espiral, cilindro laminador, amassadeira r\u00e1pida, cilindro sovador, cozerellas, desfiador de carnes, divisora de Massas, Divisora volum\u00e9trica, Laminadora de massas, Bulinadeira, Forno refrat\u00e1rio, Forno de lastro, Forno a vapor<\/p>\n<h4>OBS: <strong>Assist\u00eancia T\u00e9cnica, Consertos e Manuten\u00e7\u00e3o em balan\u00e7as comerciais e balan\u00e7as industriais, Balan\u00e7as mec\u00e2nicas e balan\u00e7as eletr\u00f4nicas. Somos registrados no IPEM\u2014MG<\/strong><\/h4>\n<\/div>\n<p><a href=\"https:\/\/www.bhconsertodemaquinas.com.br\/novosite\/wp-content\/uploads\/2017\/10\/bh-balancas-servicos.jpg\"><img loading=\"lazy\" decoding=\"async\" class=\"aligncenter size-full wp-image-16615\" src=\"https:\/\/www.bhconsertodemaquinas.com.br\/novosite\/wp-content\/uploads\/2017\/10\/bh-balancas-servicos.jpg\" alt=\"Assist\u00eancia T\u00e9cnica Bermar\" width=\"920\" height=\"355\" srcset=\"https:\/\/www.bhconsertodemaquinas.com.br\/novosite\/wp-content\/uploads\/2017\/10\/bh-balancas-servicos.jpg 920w, https:\/\/www.bhconsertodemaquinas.com.br\/novosite\/wp-content\/uploads\/2017\/10\/bh-balancas-servicos-620x239.jpg 620w, https:\/\/www.bhconsertodemaquinas.com.br\/novosite\/wp-content\/uploads\/2017\/10\/bh-balancas-servicos-768x296.jpg 768w\" sizes=\"(max-width: 920px) 100vw, 920px\" \/><\/a><\/p>\n","protected":false},"excerpt":{"rendered":"<p>Assist\u00eancia T\u00e9cnica Bermar A BH Conserto de M\u00e1quinas est\u00e1 h\u00e1 v\u00e1rios anos no mercado prestando Assist\u00eancia T\u00e9cnica Bermar e servi\u00e7os de manuten\u00e7\u00e3o e assist\u00eancia t\u00e9cnica em balan\u00e7as, maquin\u00e1rio de padaria, a\u00e7ougues, restaurantes, lanchonetes, cozinhas industriais, sempre com profissionais qualificados e<\/p>\n","protected":false},"author":3,"featured_media":0,"parent":0,"menu_order":0,"comment_status":"closed","ping_status":"closed","template":"","meta":{"footnotes":""},"yoast_head":"<!-- This site is optimized with the Yoast SEO plugin v22.5 - https:\/\/yoast.com\/wordpress\/plugins\/seo\/ -->\n<title>Assist\u00eancia T\u00e9cnica Bermar \u00e9 com a Comercial Fiel<\/title>\n<meta name=\"description\" content=\"Assist\u00eancia T\u00e9cnica Bermar de qualidade \u00e9 com a Comercial Fiel. Somos registrados no INMETRO\/IPEM-MG e os servi\u00e7os s\u00e3o confi\u00e1veis e garantidos.\" \/>\n<meta name=\"robots\" content=\"index, follow, max-snippet:-1, max-image-preview:large, max-video-preview:-1\" \/>\n<link rel=\"canonical\" href=\"https:\/\/www.bhconsertodemaquinas.com.br\/assistencia-tecnica-bermar\" \/>\n<meta property=\"og:locale\" content=\"pt_BR\" \/>\n<meta property=\"og:type\" content=\"article\" \/>\n<meta property=\"og:title\" content=\"Assist\u00eancia T\u00e9cnica Bermar \u00e9 com a Comercial Fiel\" \/>\n<meta property=\"og:description\" content=\"Assist\u00eancia T\u00e9cnica Bermar de qualidade \u00e9 com a Comercial Fiel. Somos registrados no INMETRO\/IPEM-MG e os servi\u00e7os s\u00e3o confi\u00e1veis e garantidos.\" \/>\n<meta property=\"og:url\" content=\"https:\/\/www.bhconsertodemaquinas.com.br\/assistencia-tecnica-bermar\" \/>\n<meta property=\"og:site_name\" content=\"BH Conserto de M\u00e1quinas\" \/>\n<meta property=\"og:image\" content=\"https:\/\/www.bhconsertodemaquinas.com.br\/novosite\/wp-content\/uploads\/2017\/10\/bh-balancas-servicos.jpg\" \/>\n<meta name=\"twitter:card\" content=\"summary_large_image\" \/>\n<meta name=\"twitter:label1\" content=\"Est. tempo de leitura\" \/>\n\t<meta name=\"twitter:data1\" content=\"4 minutos\" \/>\n<script type=\"application\/ld+json\" class=\"yoast-schema-graph\">{\"@context\":\"https:\/\/schema.org\",\"@graph\":[{\"@type\":\"WebPage\",\"@id\":\"https:\/\/www.bhconsertodemaquinas.com.br\/novosite\/assistencia-tecnica-bermar\/\",\"url\":\"https:\/\/www.bhconsertodemaquinas.com.br\/assistencia-tecnica-bermar\",\"name\":\"Assist\u00eancia T\u00e9cnica Bermar \u00e9 com a Comercial Fiel\",\"isPartOf\":{\"@id\":\"https:\/\/www.bhconsertodemaquinas.com.br\/novosite\/#website\"},\"primaryImageOfPage\":{\"@id\":\"https:\/\/www.bhconsertodemaquinas.com.br\/assistencia-tecnica-bermar#primaryimage\"},\"image\":{\"@id\":\"https:\/\/www.bhconsertodemaquinas.com.br\/assistencia-tecnica-bermar#primaryimage\"},\"thumbnailUrl\":\"https:\/\/www.bhconsertodemaquinas.com.br\/novosite\/wp-content\/uploads\/2017\/10\/bh-balancas-servicos.jpg\",\"datePublished\":\"2017-10-05T13:17:19+00:00\",\"dateModified\":\"2017-10-05T13:17:19+00:00\",\"description\":\"Assist\u00eancia T\u00e9cnica Bermar de qualidade \u00e9 com a Comercial Fiel. Somos registrados no INMETRO\/IPEM-MG e os servi\u00e7os s\u00e3o confi\u00e1veis e garantidos.\",\"breadcrumb\":{\"@id\":\"https:\/\/www.bhconsertodemaquinas.com.br\/assistencia-tecnica-bermar#breadcrumb\"},\"inLanguage\":\"pt-BR\",\"potentialAction\":[{\"@type\":\"ReadAction\",\"target\":[\"https:\/\/www.bhconsertodemaquinas.com.br\/assistencia-tecnica-bermar\"]}]},{\"@type\":\"ImageObject\",\"inLanguage\":\"pt-BR\",\"@id\":\"https:\/\/www.bhconsertodemaquinas.com.br\/assistencia-tecnica-bermar#primaryimage\",\"url\":\"https:\/\/www.bhconsertodemaquinas.com.br\/novosite\/wp-content\/uploads\/2017\/10\/bh-balancas-servicos.jpg\",\"contentUrl\":\"https:\/\/www.bhconsertodemaquinas.com.br\/novosite\/wp-content\/uploads\/2017\/10\/bh-balancas-servicos.jpg\",\"width\":920,\"height\":355,\"caption\":\"Assist\u00eancia T\u00e9cnica de Estufas de Salgado\"},{\"@type\":\"BreadcrumbList\",\"@id\":\"https:\/\/www.bhconsertodemaquinas.com.br\/assistencia-tecnica-bermar#breadcrumb\",\"itemListElement\":[{\"@type\":\"ListItem\",\"position\":1,\"name\":\"In\u00edcio\",\"item\":\"https:\/\/www.bhconsertodemaquinas.com.br\/novosite\/\"},{\"@type\":\"ListItem\",\"position\":2,\"name\":\"Assist\u00eancia T\u00e9cnica Bermar\"}]},{\"@type\":\"WebSite\",\"@id\":\"https:\/\/www.bhconsertodemaquinas.com.br\/novosite\/#website\",\"url\":\"https:\/\/www.bhconsertodemaquinas.com.br\/novosite\/\",\"name\":\"BH Conserto de M\u00e1quinas\",\"description\":\"\",\"publisher\":{\"@id\":\"https:\/\/www.bhconsertodemaquinas.com.br\/novosite\/#organization\"},\"potentialAction\":[{\"@type\":\"SearchAction\",\"target\":{\"@type\":\"EntryPoint\",\"urlTemplate\":\"https:\/\/www.bhconsertodemaquinas.com.br\/novosite\/?s={search_term_string}\"},\"query-input\":\"required name=search_term_string\"}],\"inLanguage\":\"pt-BR\"},{\"@type\":\"Organization\",\"@id\":\"https:\/\/www.bhconsertodemaquinas.com.br\/novosite\/#organization\",\"name\":\"BH Conserto de M\u00e1quinas\",\"url\":\"https:\/\/www.bhconsertodemaquinas.com.br\/novosite\/\",\"logo\":{\"@type\":\"ImageObject\",\"inLanguage\":\"pt-BR\",\"@id\":\"https:\/\/www.bhconsertodemaquinas.com.br\/novosite\/#\/schema\/logo\/image\/\",\"url\":\"https:\/\/www.bhconsertodemaquinas.com.br\/novosite\/wp-content\/uploads\/2020\/06\/logo-bhconserto-de-maquinas-002.png\",\"contentUrl\":\"https:\/\/www.bhconsertodemaquinas.com.br\/novosite\/wp-content\/uploads\/2020\/06\/logo-bhconserto-de-maquinas-002.png\",\"width\":215,\"height\":108,\"caption\":\"BH Conserto de M\u00e1quinas\"},\"image\":{\"@id\":\"https:\/\/www.bhconsertodemaquinas.com.br\/novosite\/#\/schema\/logo\/image\/\"}}]}<\/script>\n<!-- \/ Yoast SEO plugin. -->","yoast_head_json":{"title":"Assist\u00eancia T\u00e9cnica Bermar \u00e9 com a Comercial Fiel","description":"Assist\u00eancia T\u00e9cnica Bermar de qualidade \u00e9 com a Comercial Fiel. Somos registrados no INMETRO\/IPEM-MG e os servi\u00e7os s\u00e3o confi\u00e1veis e garantidos.","robots":{"index":"index","follow":"follow","max-snippet":"max-snippet:-1","max-image-preview":"max-image-preview:large","max-video-preview":"max-video-preview:-1"},"canonical":"https:\/\/www.bhconsertodemaquinas.com.br\/assistencia-tecnica-bermar","og_locale":"pt_BR","og_type":"article","og_title":"Assist\u00eancia T\u00e9cnica Bermar \u00e9 com a Comercial Fiel","og_description":"Assist\u00eancia T\u00e9cnica Bermar de qualidade \u00e9 com a Comercial Fiel. Somos registrados no INMETRO\/IPEM-MG e os servi\u00e7os s\u00e3o confi\u00e1veis e garantidos.","og_url":"https:\/\/www.bhconsertodemaquinas.com.br\/assistencia-tecnica-bermar","og_site_name":"BH Conserto de M\u00e1quinas","og_image":[{"url":"https:\/\/www.bhconsertodemaquinas.com.br\/novosite\/wp-content\/uploads\/2017\/10\/bh-balancas-servicos.jpg"}],"twitter_card":"summary_large_image","twitter_misc":{"Est. tempo de leitura":"4 minutos"},"schema":{"@context":"https:\/\/schema.org","@graph":[{"@type":"WebPage","@id":"https:\/\/www.bhconsertodemaquinas.com.br\/novosite\/assistencia-tecnica-bermar\/","url":"https:\/\/www.bhconsertodemaquinas.com.br\/assistencia-tecnica-bermar","name":"Assist\u00eancia T\u00e9cnica Bermar \u00e9 com a Comercial Fiel","isPartOf":{"@id":"https:\/\/www.bhconsertodemaquinas.com.br\/novosite\/#website"},"primaryImageOfPage":{"@id":"https:\/\/www.bhconsertodemaquinas.com.br\/assistencia-tecnica-bermar#primaryimage"},"image":{"@id":"https:\/\/www.bhconsertodemaquinas.com.br\/assistencia-tecnica-bermar#primaryimage"},"thumbnailUrl":"https:\/\/www.bhconsertodemaquinas.com.br\/novosite\/wp-content\/uploads\/2017\/10\/bh-balancas-servicos.jpg","datePublished":"2017-10-05T13:17:19+00:00","dateModified":"2017-10-05T13:17:19+00:00","description":"Assist\u00eancia T\u00e9cnica Bermar de qualidade \u00e9 com a Comercial Fiel. Somos registrados no INMETRO\/IPEM-MG e os servi\u00e7os s\u00e3o confi\u00e1veis e garantidos.","breadcrumb":{"@id":"https:\/\/www.bhconsertodemaquinas.com.br\/assistencia-tecnica-bermar#breadcrumb"},"inLanguage":"pt-BR","potentialAction":[{"@type":"ReadAction","target":["https:\/\/www.bhconsertodemaquinas.com.br\/assistencia-tecnica-bermar"]}]},{"@type":"ImageObject","inLanguage":"pt-BR","@id":"https:\/\/www.bhconsertodemaquinas.com.br\/assistencia-tecnica-bermar#primaryimage","url":"https:\/\/www.bhconsertodemaquinas.com.br\/novosite\/wp-content\/uploads\/2017\/10\/bh-balancas-servicos.jpg","contentUrl":"https:\/\/www.bhconsertodemaquinas.com.br\/novosite\/wp-content\/uploads\/2017\/10\/bh-balancas-servicos.jpg","width":920,"height":355,"caption":"Assist\u00eancia T\u00e9cnica de Estufas de Salgado"},{"@type":"BreadcrumbList","@id":"https:\/\/www.bhconsertodemaquinas.com.br\/assistencia-tecnica-bermar#breadcrumb","itemListElement":[{"@type":"ListItem","position":1,"name":"In\u00edcio","item":"https:\/\/www.bhconsertodemaquinas.com.br\/novosite\/"},{"@type":"ListItem","position":2,"name":"Assist\u00eancia T\u00e9cnica Bermar"}]},{"@type":"WebSite","@id":"https:\/\/www.bhconsertodemaquinas.com.br\/novosite\/#website","url":"https:\/\/www.bhconsertodemaquinas.com.br\/novosite\/","name":"BH Conserto de M\u00e1quinas","description":"","publisher":{"@id":"https:\/\/www.bhconsertodemaquinas.com.br\/novosite\/#organization"},"potentialAction":[{"@type":"SearchAction","target":{"@type":"EntryPoint","urlTemplate":"https:\/\/www.bhconsertodemaquinas.com.br\/novosite\/?s={search_term_string}"},"query-input":"required name=search_term_string"}],"inLanguage":"pt-BR"},{"@type":"Organization","@id":"https:\/\/www.bhconsertodemaquinas.com.br\/novosite\/#organization","name":"BH Conserto de M\u00e1quinas","url":"https:\/\/www.bhconsertodemaquinas.com.br\/novosite\/","logo":{"@type":"ImageObject","inLanguage":"pt-BR","@id":"https:\/\/www.bhconsertodemaquinas.com.br\/novosite\/#\/schema\/logo\/image\/","url":"https:\/\/www.bhconsertodemaquinas.com.br\/novosite\/wp-content\/uploads\/2020\/06\/logo-bhconserto-de-maquinas-002.png","contentUrl":"https:\/\/www.bhconsertodemaquinas.com.br\/novosite\/wp-content\/uploads\/2020\/06\/logo-bhconserto-de-maquinas-002.png","width":215,"height":108,"caption":"BH Conserto de M\u00e1quinas"},"image":{"@id":"https:\/\/www.bhconsertodemaquinas.com.br\/novosite\/#\/schema\/logo\/image\/"}}]}},"_links":{"self":[{"href":"https:\/\/www.bhconsertodemaquinas.com.br\/novosite\/wp-json\/wp\/v2\/pages\/16656"}],"collection":[{"href":"https:\/\/www.bhconsertodemaquinas.com.br\/novosite\/wp-json\/wp\/v2\/pages"}],"about":[{"href":"https:\/\/www.bhconsertodemaquinas.com.br\/novosite\/wp-json\/wp\/v2\/types\/page"}],"author":[{"embeddable":true,"href":"https:\/\/www.bhconsertodemaquinas.com.br\/novosite\/wp-json\/wp\/v2\/users\/3"}],"replies":[{"embeddable":true,"href":"https:\/\/www.bhconsertodemaquinas.com.br\/novosite\/wp-json\/wp\/v2\/comments?post=16656"}],"version-history":[{"count":0,"href":"https:\/\/www.bhconsertodemaquinas.com.br\/novosite\/wp-json\/wp\/v2\/pages\/16656\/revisions"}],"wp:attachment":[{"href":"https:\/\/www.bhconsertodemaquinas.com.br\/novosite\/wp-json\/wp\/v2\/media?parent=16656"}],"curies":[{"name":"wp","href":"https:\/\/api.w.org\/{rel}","templated":true}]}}