{"id":16405,"date":"2015-07-16T12:47:25","date_gmt":"2015-07-16T12:47:25","guid":{"rendered":"http:\/\/www.bhbalancas.com.br\/?page_id=16405"},"modified":"2020-05-12T17:15:01","modified_gmt":"2020-05-12T20:15:01","slug":"fale-conosco","status":"publish","type":"page","link":"https:\/\/www.bhconsertodemaquinas.com.br\/novosite\/fale-conosco\/","title":{"rendered":"Fale Conosco"},"content":{"rendered":"","protected":false},"excerpt":{"rendered":"","protected":false},"author":3,"featured_media":0,"parent":0,"menu_order":0,"comment_status":"open","ping_status":"open","template":"","meta":{"footnotes":""},"yoast_head":"<!-- This site is optimized with the Yoast SEO plugin v22.5 - https:\/\/yoast.com\/wordpress\/plugins\/seo\/ -->\n<title>Assist\u00eancia Balan\u00e7as BH 3224-2343 \u00e9 + Qualidade<\/title>\n<meta name=\"description\" content=\"Assist\u00eancia Balan\u00e7as BH com Qualidade. BH Conserto de Me\u00e5quinas \u00e9 especializada em Consertos de Equipamentos de Cozinha Industrial, Bares, Restaurantes etc.\" \/>\n<meta name=\"robots\" content=\"index, follow, max-snippet:-1, max-image-preview:large, max-video-preview:-1\" \/>\n<link rel=\"canonical\" href=\"https:\/\/www.bhconsertodemaquinas.com.br\/novosite\/fale-conosco\/\" \/>\n<meta property=\"og:locale\" content=\"pt_BR\" \/>\n<meta property=\"og:type\" content=\"article\" \/>\n<meta property=\"og:title\" content=\"Assist\u00eancia Balan\u00e7as BH 3224-2343 \u00e9 + Qualidade\" \/>\n<meta property=\"og:description\" content=\"Assist\u00eancia Balan\u00e7as BH com Qualidade. BH Conserto de Me\u00e5quinas \u00e9 especializada em Consertos de Equipamentos de Cozinha Industrial, Bares, Restaurantes etc.\" \/>\n<meta property=\"og:url\" content=\"https:\/\/www.bhconsertodemaquinas.com.br\/novosite\/fale-conosco\/\" \/>\n<meta property=\"og:site_name\" content=\"BH Conserto de M\u00e1quinas\" \/>\n<meta property=\"article:modified_time\" content=\"2020-05-12T20:15:01+00:00\" \/>\n<meta name=\"twitter:card\" content=\"summary_large_image\" \/>\n<script type=\"application\/ld+json\" class=\"yoast-schema-graph\">{\"@context\":\"https:\/\/schema.org\",\"@graph\":[{\"@type\":\"WebPage\",\"@id\":\"https:\/\/www.bhconsertodemaquinas.com.br\/novosite\/fale-conosco\/\",\"url\":\"https:\/\/www.bhconsertodemaquinas.com.br\/novosite\/fale-conosco\/\",\"name\":\"Assist\u00eancia Balan\u00e7as BH 3224-2343 \u00e9 + Qualidade\",\"isPartOf\":{\"@id\":\"https:\/\/www.bhconsertodemaquinas.com.br\/novosite\/#website\"},\"datePublished\":\"2015-07-16T12:47:25+00:00\",\"dateModified\":\"2020-05-12T20:15:01+00:00\",\"description\":\"Assist\u00eancia Balan\u00e7as BH com Qualidade. BH Conserto de Me\u00e5quinas \u00e9 especializada em Consertos de Equipamentos de Cozinha Industrial, Bares, Restaurantes etc.\",\"breadcrumb\":{\"@id\":\"https:\/\/www.bhconsertodemaquinas.com.br\/novosite\/fale-conosco\/#breadcrumb\"},\"inLanguage\":\"pt-BR\",\"potentialAction\":[{\"@type\":\"ReadAction\",\"target\":[\"https:\/\/www.bhconsertodemaquinas.com.br\/novosite\/fale-conosco\/\"]}]},{\"@type\":\"BreadcrumbList\",\"@id\":\"https:\/\/www.bhconsertodemaquinas.com.br\/novosite\/fale-conosco\/#breadcrumb\",\"itemListElement\":[{\"@type\":\"ListItem\",\"position\":1,\"name\":\"In\u00edcio\",\"item\":\"https:\/\/www.bhconsertodemaquinas.com.br\/novosite\/\"},{\"@type\":\"ListItem\",\"position\":2,\"name\":\"Fale Conosco\"}]},{\"@type\":\"WebSite\",\"@id\":\"https:\/\/www.bhconsertodemaquinas.com.br\/novosite\/#website\",\"url\":\"https:\/\/www.bhconsertodemaquinas.com.br\/novosite\/\",\"name\":\"BH Conserto de M\u00e1quinas\",\"description\":\"\",\"publisher\":{\"@id\":\"https:\/\/www.bhconsertodemaquinas.com.br\/novosite\/#organization\"},\"potentialAction\":[{\"@type\":\"SearchAction\",\"target\":{\"@type\":\"EntryPoint\",\"urlTemplate\":\"https:\/\/www.bhconsertodemaquinas.com.br\/novosite\/?s={search_term_string}\"},\"query-input\":\"required name=search_term_string\"}],\"inLanguage\":\"pt-BR\"},{\"@type\":\"Organization\",\"@id\":\"https:\/\/www.bhconsertodemaquinas.com.br\/novosite\/#organization\",\"name\":\"BH Conserto de M\u00e1quinas\",\"url\":\"https:\/\/www.bhconsertodemaquinas.com.br\/novosite\/\",\"logo\":{\"@type\":\"ImageObject\",\"inLanguage\":\"pt-BR\",\"@id\":\"https:\/\/www.bhconsertodemaquinas.com.br\/novosite\/#\/schema\/logo\/image\/\",\"url\":\"https:\/\/www.bhconsertodemaquinas.com.br\/novosite\/wp-content\/uploads\/2020\/06\/logo-bhconserto-de-maquinas-002.png\",\"contentUrl\":\"https:\/\/www.bhconsertodemaquinas.com.br\/novosite\/wp-content\/uploads\/2020\/06\/logo-bhconserto-de-maquinas-002.png\",\"width\":215,\"height\":108,\"caption\":\"BH Conserto de M\u00e1quinas\"},\"image\":{\"@id\":\"https:\/\/www.bhconsertodemaquinas.com.br\/novosite\/#\/schema\/logo\/image\/\"}}]}<\/script>\n<!-- \/ Yoast SEO plugin. -->","yoast_head_json":{"title":"Assist\u00eancia Balan\u00e7as BH 3224-2343 \u00e9 + Qualidade","description":"Assist\u00eancia Balan\u00e7as BH com Qualidade. BH Conserto de Me\u00e5quinas \u00e9 especializada em Consertos de Equipamentos de Cozinha Industrial, Bares, Restaurantes etc.","robots":{"index":"index","follow":"follow","max-snippet":"max-snippet:-1","max-image-preview":"max-image-preview:large","max-video-preview":"max-video-preview:-1"},"canonical":"https:\/\/www.bhconsertodemaquinas.com.br\/novosite\/fale-conosco\/","og_locale":"pt_BR","og_type":"article","og_title":"Assist\u00eancia Balan\u00e7as BH 3224-2343 \u00e9 + Qualidade","og_description":"Assist\u00eancia Balan\u00e7as BH com Qualidade. BH Conserto de Me\u00e5quinas \u00e9 especializada em Consertos de Equipamentos de Cozinha Industrial, Bares, Restaurantes etc.","og_url":"https:\/\/www.bhconsertodemaquinas.com.br\/novosite\/fale-conosco\/","og_site_name":"BH Conserto de M\u00e1quinas","article_modified_time":"2020-05-12T20:15:01+00:00","twitter_card":"summary_large_image","schema":{"@context":"https:\/\/schema.org","@graph":[{"@type":"WebPage","@id":"https:\/\/www.bhconsertodemaquinas.com.br\/novosite\/fale-conosco\/","url":"https:\/\/www.bhconsertodemaquinas.com.br\/novosite\/fale-conosco\/","name":"Assist\u00eancia Balan\u00e7as BH 3224-2343 \u00e9 + Qualidade","isPartOf":{"@id":"https:\/\/www.bhconsertodemaquinas.com.br\/novosite\/#website"},"datePublished":"2015-07-16T12:47:25+00:00","dateModified":"2020-05-12T20:15:01+00:00","description":"Assist\u00eancia Balan\u00e7as BH com Qualidade. BH Conserto de Me\u00e5quinas \u00e9 especializada em Consertos de Equipamentos de Cozinha Industrial, Bares, Restaurantes etc.","breadcrumb":{"@id":"https:\/\/www.bhconsertodemaquinas.com.br\/novosite\/fale-conosco\/#breadcrumb"},"inLanguage":"pt-BR","potentialAction":[{"@type":"ReadAction","target":["https:\/\/www.bhconsertodemaquinas.com.br\/novosite\/fale-conosco\/"]}]},{"@type":"BreadcrumbList","@id":"https:\/\/www.bhconsertodemaquinas.com.br\/novosite\/fale-conosco\/#breadcrumb","itemListElement":[{"@type":"ListItem","position":1,"name":"In\u00edcio","item":"https:\/\/www.bhconsertodemaquinas.com.br\/novosite\/"},{"@type":"ListItem","position":2,"name":"Fale Conosco"}]},{"@type":"WebSite","@id":"https:\/\/www.bhconsertodemaquinas.com.br\/novosite\/#website","url":"https:\/\/www.bhconsertodemaquinas.com.br\/novosite\/","name":"BH Conserto de M\u00e1quinas","description":"","publisher":{"@id":"https:\/\/www.bhconsertodemaquinas.com.br\/novosite\/#organization"},"potentialAction":[{"@type":"SearchAction","target":{"@type":"EntryPoint","urlTemplate":"https:\/\/www.bhconsertodemaquinas.com.br\/novosite\/?s={search_term_string}"},"query-input":"required name=search_term_string"}],"inLanguage":"pt-BR"},{"@type":"Organization","@id":"https:\/\/www.bhconsertodemaquinas.com.br\/novosite\/#organization","name":"BH Conserto de M\u00e1quinas","url":"https:\/\/www.bhconsertodemaquinas.com.br\/novosite\/","logo":{"@type":"ImageObject","inLanguage":"pt-BR","@id":"https:\/\/www.bhconsertodemaquinas.com.br\/novosite\/#\/schema\/logo\/image\/","url":"https:\/\/www.bhconsertodemaquinas.com.br\/novosite\/wp-content\/uploads\/2020\/06\/logo-bhconserto-de-maquinas-002.png","contentUrl":"https:\/\/www.bhconsertodemaquinas.com.br\/novosite\/wp-content\/uploads\/2020\/06\/logo-bhconserto-de-maquinas-002.png","width":215,"height":108,"caption":"BH Conserto de M\u00e1quinas"},"image":{"@id":"https:\/\/www.bhconsertodemaquinas.com.br\/novosite\/#\/schema\/logo\/image\/"}}]}},"_links":{"self":[{"href":"https:\/\/www.bhconsertodemaquinas.com.br\/novosite\/wp-json\/wp\/v2\/pages\/16405"}],"collection":[{"href":"https:\/\/www.bhconsertodemaquinas.com.br\/novosite\/wp-json\/wp\/v2\/pages"}],"about":[{"href":"https:\/\/www.bhconsertodemaquinas.com.br\/novosite\/wp-json\/wp\/v2\/types\/page"}],"author":[{"embeddable":true,"href":"https:\/\/www.bhconsertodemaquinas.com.br\/novosite\/wp-json\/wp\/v2\/users\/3"}],"replies":[{"embeddable":true,"href":"https:\/\/www.bhconsertodemaquinas.com.br\/novosite\/wp-json\/wp\/v2\/comments?post=16405"}],"version-history":[{"count":2,"href":"https:\/\/www.bhconsertodemaquinas.com.br\/novosite\/wp-json\/wp\/v2\/pages\/16405\/revisions"}],"predecessor-version":[{"id":17885,"href":"https:\/\/www.bhconsertodemaquinas.com.br\/novosite\/wp-json\/wp\/v2\/pages\/16405\/revisions\/17885"}],"wp:attachment":[{"href":"https:\/\/www.bhconsertodemaquinas.com.br\/novosite\/wp-json\/wp\/v2\/media?parent=16405"}],"curies":[{"name":"wp","href":"https:\/\/api.w.org\/{rel}","templated":true}]}}